{"id":29792,"date":"2026-04-06T16:37:59","date_gmt":"2026-04-06T19:37:59","guid":{"rendered":"https:\/\/draelegancia.com.br\/shop\/?post_type=product&#038;p=29792"},"modified":"2026-04-06T16:38:00","modified_gmt":"2026-04-06T19:38:00","slug":"jaleco-elastic-ziper-sofisticado-cor-azul-marinho","status":"publish","type":"product","link":"https:\/\/draelegancia.com.br\/shop\/produto\/jaleco-elastic-ziper-sofisticado-cor-azul-marinho\/","title":{"rendered":"Jaleco Elastic Z\u00edper Sofisticado Cor Azul Marinho"},"content":{"rendered":"<p>O Jaleco Feminino Lil\u00e1s \u00e9 a uni\u00e3o perfeita entre sofistica\u00e7\u00e3o, conforto e estilo, pensado para profissionais que desejam transmitir eleg\u00e2ncia e delicadeza no dia a dia. Produzido em tecido de alta qualidade (95% poli\u00e9ster e 5% elastano), oferece toque suave, excelente caimento e elasticidade ideal, garantindo conforto e liberdade de movimento durante toda a jornada.<\/p>\n<p>Com modelagem acinturada e design moderno, o jaleco valoriza a silhueta feminina sem abrir m\u00e3o da praticidade. O fechamento frontal com z\u00edper proporciona facilidade ao vestir e um visual limpo e elegante, enquanto a gola padre estruturada acrescenta um toque refinado. Os bolsos funcionais \u2014 superior e laterais \u2014 trazem praticidade e tornam a pe\u00e7a perfeita para a rotina profissional.<\/p>\n<p>O tom lil\u00e1s transmite calma, leveza e sensibilidade, refletindo cuidado e empatia, qualidades que fazem toda a diferen\u00e7a em ambientes da sa\u00fade e est\u00e9tica. Al\u00e9m disso, o tecido \u00e9 resistente, n\u00e3o amassa e seca rapidamente, mantendo o jaleco sempre com apar\u00eancia impec\u00e1vel, mesmo ap\u00f3s v\u00e1rias lavagens.<\/p>\n<p>Ideal para profissionais da sa\u00fade, est\u00e9tica, odontologia, enfermagem e veterin\u00e1ria, o Jaleco Feminino Lil\u00e1s \u00e9 a escolha perfeita para quem busca unir beleza, conforto e eleg\u00e2ncia em uma \u00fanica pe\u00e7a \u2014 porque estar bem vestida \u00e9 tamb\u00e9m uma forma de inspirar confian\u00e7a.<\/p>\n<p>OBS: O logo \u00e9 retir\u00e1vel!<\/p>\n","protected":false},"excerpt":{"rendered":"<p>O Jaleco Feminino Lil\u00e1s \u00e9 a uni\u00e3o perfeita entre sofistica\u00e7\u00e3o, conforto e estilo, pensado para profissionais que desejam transmitir eleg\u00e2ncia e delicadeza no dia a dia. Produzido em tecido de alta qualidade (95% poli\u00e9ster e 5% elastano), oferece toque suave, excelente caimento e elasticidade ideal, garantindo conforto e liberdade de movimento durante toda a jornada. [&#8230;]\n","protected":false},"featured_media":29740,"comment_status":"open","ping_status":"closed","template":"","meta":{"_joinchat":[]},"product_brand":[],"product_cat":[86,89],"product_tag":[],"class_list":{"0":"post-29792","1":"product","2":"type-product","3":"status-publish","4":"has-post-thumbnail","6":"product_cat-feminino","7":"product_cat-jalecos","8":"pa_tamanho-egxgg","9":"pa_tamanho-g","10":"pa_tamanho-gg","11":"pa_tamanho-m","12":"pa_tamanho-p","13":"pa_tamanho-pp","15":"first","16":"instock","17":"taxable","18":"shipping-taxable","19":"purchasable","20":"product-type-variable"},"_links":{"self":[{"href":"https:\/\/draelegancia.com.br\/shop\/wp-json\/wp\/v2\/product\/29792","targetHints":{"allow":["GET"]}}],"collection":[{"href":"https:\/\/draelegancia.com.br\/shop\/wp-json\/wp\/v2\/product"}],"about":[{"href":"https:\/\/draelegancia.com.br\/shop\/wp-json\/wp\/v2\/types\/product"}],"replies":[{"embeddable":true,"href":"https:\/\/draelegancia.com.br\/shop\/wp-json\/wp\/v2\/comments?post=29792"}],"version-history":[{"count":1,"href":"https:\/\/draelegancia.com.br\/shop\/wp-json\/wp\/v2\/product\/29792\/revisions"}],"predecessor-version":[{"id":29799,"href":"https:\/\/draelegancia.com.br\/shop\/wp-json\/wp\/v2\/product\/29792\/revisions\/29799"}],"wp:featuredmedia":[{"embeddable":true,"href":"https:\/\/draelegancia.com.br\/shop\/wp-json\/wp\/v2\/media\/29740"}],"wp:attachment":[{"href":"https:\/\/draelegancia.com.br\/shop\/wp-json\/wp\/v2\/media?parent=29792"}],"wp:term":[{"taxonomy":"product_brand","embeddable":true,"href":"https:\/\/draelegancia.com.br\/shop\/wp-json\/wp\/v2\/product_brand?post=29792"},{"taxonomy":"product_cat","embeddable":true,"href":"https:\/\/draelegancia.com.br\/shop\/wp-json\/wp\/v2\/product_cat?post=29792"},{"taxonomy":"product_tag","embeddable":true,"href":"https:\/\/draelegancia.com.br\/shop\/wp-json\/wp\/v2\/product_tag?post=29792"}],"curies":[{"name":"wp","href":"https:\/\/api.w.org\/{rel}","templated":true}]}}