{"id":29673,"date":"2026-03-23T15:50:44","date_gmt":"2026-03-23T18:50:44","guid":{"rendered":"https:\/\/draelegancia.com.br\/shop\/?post_type=product&#038;p=29673"},"modified":"2026-04-23T14:01:34","modified_gmt":"2026-04-23T17:01:34","slug":"jaleco-ziper-versatil-cor-azul-marinho","status":"publish","type":"product","link":"https:\/\/draelegancia.com.br\/shop\/produto\/jaleco-ziper-versatil-cor-azul-marinho\/","title":{"rendered":"Jaleco Z\u00edper Vers\u00e1til Cor Azul Marinho"},"content":{"rendered":"<p>O Jaleco Z\u00edper Vers\u00e1til \u00e9 a combina\u00e7\u00e3o perfeita entre eleg\u00e2ncia, praticidade e conforto para o dia a dia profissional. Com um design moderno e minimalista, o modelo se destaca pelo fechamento frontal em z\u00edper, que proporciona mais agilidade ao vestir e um acabamento sofisticado, garantindo um visual sempre alinhado.<br \/>\nSua modelagem foi desenvolvida para oferecer um caimento impec\u00e1vel, valorizando a silhueta com conforto e liberdade de movimento. As mangas princesa trazem um toque sutil de eleg\u00e2ncia e feminilidade, elevando o estilo da pe\u00e7a de forma discreta e refinada.<br \/>\nConfeccionado em tecido de alta qualidade, com 95% poli\u00e9ster e 5% elastano, o jaleco oferece leve elasticidade, proporcionando mais conforto durante toda a rotina. Al\u00e9m disso, o material \u00e9 resistente, dur\u00e1vel e de f\u00e1cil manuten\u00e7\u00e3o, ideal para quem busca praticidade sem abrir m\u00e3o da sofistica\u00e7\u00e3o.<br \/>\nPensando na funcionalidade, o modelo conta com um bolso em cada lado, perfeitos para acomodar itens essenciais com praticidade e f\u00e1cil acesso no dia a dia.<br \/>\nVers\u00e1til e atemporal, \u00e9 uma pe\u00e7a ideal para cl\u00ednicas, consult\u00f3rios e ambientes hospitalares, transmitindo uma imagem profissional moderna, elegante e bem cuidada.<br \/>\nComposi\u00e7\u00e3o: 95% poli\u00e9ster e 5% elastano.<\/p>\n","protected":false},"excerpt":{"rendered":"<p>O Jaleco Z\u00edper Vers\u00e1til \u00e9 a combina\u00e7\u00e3o perfeita entre eleg\u00e2ncia, praticidade e conforto para o dia a dia profissional. Com um design moderno e minimalista, o modelo se destaca pelo fechamento frontal em z\u00edper, que proporciona mais agilidade ao vestir e um acabamento sofisticado, garantindo um visual sempre alinhado. Sua modelagem foi desenvolvida para oferecer [&#8230;]\n","protected":false},"featured_media":29644,"comment_status":"open","ping_status":"closed","template":"","meta":{"_joinchat":[]},"product_brand":[],"product_cat":[15],"product_tag":[],"class_list":{"0":"post-29673","1":"product","2":"type-product","3":"status-publish","4":"has-post-thumbnail","6":"product_cat-sem-categoria","7":"pa_tamanho-egxgg","8":"pa_tamanho-g","9":"pa_tamanho-gg","10":"pa_tamanho-m","11":"pa_tamanho-p","12":"pa_tamanho-pp","14":"first","15":"instock","16":"taxable","17":"shipping-taxable","18":"purchasable","19":"product-type-variable"},"_links":{"self":[{"href":"https:\/\/draelegancia.com.br\/shop\/wp-json\/wp\/v2\/product\/29673","targetHints":{"allow":["GET"]}}],"collection":[{"href":"https:\/\/draelegancia.com.br\/shop\/wp-json\/wp\/v2\/product"}],"about":[{"href":"https:\/\/draelegancia.com.br\/shop\/wp-json\/wp\/v2\/types\/product"}],"replies":[{"embeddable":true,"href":"https:\/\/draelegancia.com.br\/shop\/wp-json\/wp\/v2\/comments?post=29673"}],"version-history":[{"count":1,"href":"https:\/\/draelegancia.com.br\/shop\/wp-json\/wp\/v2\/product\/29673\/revisions"}],"predecessor-version":[{"id":29680,"href":"https:\/\/draelegancia.com.br\/shop\/wp-json\/wp\/v2\/product\/29673\/revisions\/29680"}],"wp:featuredmedia":[{"embeddable":true,"href":"https:\/\/draelegancia.com.br\/shop\/wp-json\/wp\/v2\/media\/29644"}],"wp:attachment":[{"href":"https:\/\/draelegancia.com.br\/shop\/wp-json\/wp\/v2\/media?parent=29673"}],"wp:term":[{"taxonomy":"product_brand","embeddable":true,"href":"https:\/\/draelegancia.com.br\/shop\/wp-json\/wp\/v2\/product_brand?post=29673"},{"taxonomy":"product_cat","embeddable":true,"href":"https:\/\/draelegancia.com.br\/shop\/wp-json\/wp\/v2\/product_cat?post=29673"},{"taxonomy":"product_tag","embeddable":true,"href":"https:\/\/draelegancia.com.br\/shop\/wp-json\/wp\/v2\/product_tag?post=29673"}],"curies":[{"name":"wp","href":"https:\/\/api.w.org\/{rel}","templated":true}]}}