{"id":29665,"date":"2026-03-23T15:46:21","date_gmt":"2026-03-23T18:46:21","guid":{"rendered":"https:\/\/draelegancia.com.br\/shop\/?post_type=product&#038;p=29665"},"modified":"2026-04-23T14:02:33","modified_gmt":"2026-04-23T17:02:33","slug":"jaleco-ziper-versatil-cor-cinza","status":"publish","type":"product","link":"https:\/\/draelegancia.com.br\/shop\/produto\/jaleco-ziper-versatil-cor-cinza\/","title":{"rendered":"Jaleco Z\u00edper Vers\u00e1til Cor Cinza"},"content":{"rendered":"<p>O Jaleco Z\u00edper Vers\u00e1til foi desenvolvido para profissionais que buscam praticidade, eleg\u00e2ncia e conforto em uma \u00fanica pe\u00e7a. Com um design moderno e funcional, ele se destaca pelo fechamento frontal em z\u00edper, que proporciona mais agilidade no vestir e um visual limpo, sofisticado e alinhado para o dia a dia.<br \/>\nSua modelagem \u00e9 pensada para valorizar a silhueta com conforto, oferecendo um caimento estruturado e ao mesmo tempo leve. As mangas no estilo princesa trazem um toque de delicadeza e feminilidade ao jaleco, elevando o visual com um detalhe sutil e elegante, ideal para quem deseja se destacar com discri\u00e7\u00e3o.<br \/>\nConfeccionado em tecido de alta qualidade, com 95% poli\u00e9ster e 5% elastano, o modelo garante flexibilidade e liberdade de movimento, acompanhando a rotina com conforto. O material tamb\u00e9m \u00e9 resistente, dur\u00e1vel e de f\u00e1cil manuten\u00e7\u00e3o, sendo perfeito para o uso di\u00e1rio em ambientes profissionais.<br \/>\nPensando na funcionalidade, o jaleco conta com um bolso em cada lado, proporcionando praticidade para armazenar itens essenciais com f\u00e1cil acesso durante o trabalho.<br \/>\nVers\u00e1til e atemporal, o Jaleco Z\u00edper Vers\u00e1til \u00e9 ideal para cl\u00ednicas, consult\u00f3rios e ambientes hospitalares, transmitindo uma imagem profissional, moderna e bem cuidada.<br \/>\nComposi\u00e7\u00e3o: 95% poli\u00e9ster e 5% elastano.<\/p>\n","protected":false},"excerpt":{"rendered":"<p>O Jaleco Z\u00edper Vers\u00e1til foi desenvolvido para profissionais que buscam praticidade, eleg\u00e2ncia e conforto em uma \u00fanica pe\u00e7a. Com um design moderno e funcional, ele se destaca pelo fechamento frontal em z\u00edper, que proporciona mais agilidade no vestir e um visual limpo, sofisticado e alinhado para o dia a dia. Sua modelagem \u00e9 pensada para [&#8230;]\n","protected":false},"featured_media":29639,"comment_status":"open","ping_status":"closed","template":"","meta":{"_joinchat":[]},"product_brand":[],"product_cat":[15],"product_tag":[],"class_list":{"0":"post-29665","1":"product","2":"type-product","3":"status-publish","4":"has-post-thumbnail","6":"product_cat-sem-categoria","7":"pa_tamanho-egxgg","8":"pa_tamanho-g","9":"pa_tamanho-gg","10":"pa_tamanho-m","11":"pa_tamanho-p","12":"pa_tamanho-pp","14":"first","15":"instock","16":"taxable","17":"shipping-taxable","18":"purchasable","19":"product-type-variable"},"_links":{"self":[{"href":"https:\/\/draelegancia.com.br\/shop\/wp-json\/wp\/v2\/product\/29665","targetHints":{"allow":["GET"]}}],"collection":[{"href":"https:\/\/draelegancia.com.br\/shop\/wp-json\/wp\/v2\/product"}],"about":[{"href":"https:\/\/draelegancia.com.br\/shop\/wp-json\/wp\/v2\/types\/product"}],"replies":[{"embeddable":true,"href":"https:\/\/draelegancia.com.br\/shop\/wp-json\/wp\/v2\/comments?post=29665"}],"version-history":[{"count":2,"href":"https:\/\/draelegancia.com.br\/shop\/wp-json\/wp\/v2\/product\/29665\/revisions"}],"predecessor-version":[{"id":29723,"href":"https:\/\/draelegancia.com.br\/shop\/wp-json\/wp\/v2\/product\/29665\/revisions\/29723"}],"wp:featuredmedia":[{"embeddable":true,"href":"https:\/\/draelegancia.com.br\/shop\/wp-json\/wp\/v2\/media\/29639"}],"wp:attachment":[{"href":"https:\/\/draelegancia.com.br\/shop\/wp-json\/wp\/v2\/media?parent=29665"}],"wp:term":[{"taxonomy":"product_brand","embeddable":true,"href":"https:\/\/draelegancia.com.br\/shop\/wp-json\/wp\/v2\/product_brand?post=29665"},{"taxonomy":"product_cat","embeddable":true,"href":"https:\/\/draelegancia.com.br\/shop\/wp-json\/wp\/v2\/product_cat?post=29665"},{"taxonomy":"product_tag","embeddable":true,"href":"https:\/\/draelegancia.com.br\/shop\/wp-json\/wp\/v2\/product_tag?post=29665"}],"curies":[{"name":"wp","href":"https:\/\/api.w.org\/{rel}","templated":true}]}}