{"id":29657,"date":"2026-03-23T15:37:27","date_gmt":"2026-03-23T18:37:27","guid":{"rendered":"https:\/\/draelegancia.com.br\/shop\/?post_type=product&#038;p=29657"},"modified":"2026-04-23T14:06:59","modified_gmt":"2026-04-23T17:06:59","slug":"jaleco-elegance-duo","status":"publish","type":"product","link":"https:\/\/draelegancia.com.br\/shop\/produto\/jaleco-elegance-duo\/","title":{"rendered":"Jaleco Elegance Duo"},"content":{"rendered":"<p>O Jaleco Elegance Duo \u00e9 a escolha ideal para profissionais que valorizam eleg\u00e2ncia, conforto e praticidade no dia a dia. Com um design moderno e sofisticado, a pe\u00e7a se destaca pelo acabamento bicolor em contraste, que traz um visual refinado e atual, elevando a apresenta\u00e7\u00e3o profissional com discri\u00e7\u00e3o e estilo. Desenvolvido para oferecer um caimento impec\u00e1vel, seu corte levemente ajustado valoriza a silhueta sem comprometer a mobilidade, enquanto o tecido de toque macio e estrutura leve garante conforto mesmo durante longas jornadas de trabalho.<br \/>\nConfeccionado em tecido alfaiataria genova, conhecido pela sua durabilidade, resist\u00eancia e excelente caimento, o jaleco proporciona uma experi\u00eancia superior de uso. Sua composi\u00e7\u00e3o com elastano oferece maior flexibilidade, acompanhando os movimentos com naturalidade, al\u00e9m de facilitar a rotina com baixa necessidade de passadoria e f\u00e1cil manuten\u00e7\u00e3o.<br \/>\nPensando na funcionalidade, o modelo conta com um bolso em cada lado, ideais para armazenar itens essenciais com praticidade e f\u00e1cil acesso.<br \/>\nVers\u00e1til e elegante, \u00e9 perfeito para cl\u00ednicas, consult\u00f3rios e ambientes hospitalares, transmitindo uma imagem profissional, moderna e bem cuidada.<br \/>\nComposi\u00e7\u00e3o: 95% poli\u00e9ster e 5% elastano.<\/p>\n","protected":false},"excerpt":{"rendered":"<p>O Jaleco Elegance Duo \u00e9 a escolha ideal para profissionais que valorizam eleg\u00e2ncia, conforto e praticidade no dia a dia. Com um design moderno e sofisticado, a pe\u00e7a se destaca pelo acabamento bicolor em contraste, que traz um visual refinado e atual, elevando a apresenta\u00e7\u00e3o profissional com discri\u00e7\u00e3o e estilo. Desenvolvido para oferecer um caimento [&#8230;]\n","protected":false},"featured_media":29634,"comment_status":"open","ping_status":"closed","template":"","meta":{"_joinchat":[]},"product_brand":[],"product_cat":[15],"product_tag":[],"class_list":{"0":"post-29657","1":"product","2":"type-product","3":"status-publish","4":"has-post-thumbnail","6":"product_cat-sem-categoria","7":"pa_tamanho-g","8":"pa_tamanho-gg","9":"pa_tamanho-m","10":"pa_tamanho-p","11":"pa_tamanho-pp","13":"first","14":"instock","15":"taxable","16":"shipping-taxable","17":"purchasable","18":"product-type-variable"},"_links":{"self":[{"href":"https:\/\/draelegancia.com.br\/shop\/wp-json\/wp\/v2\/product\/29657","targetHints":{"allow":["GET"]}}],"collection":[{"href":"https:\/\/draelegancia.com.br\/shop\/wp-json\/wp\/v2\/product"}],"about":[{"href":"https:\/\/draelegancia.com.br\/shop\/wp-json\/wp\/v2\/types\/product"}],"replies":[{"embeddable":true,"href":"https:\/\/draelegancia.com.br\/shop\/wp-json\/wp\/v2\/comments?post=29657"}],"version-history":[{"count":2,"href":"https:\/\/draelegancia.com.br\/shop\/wp-json\/wp\/v2\/product\/29657\/revisions"}],"predecessor-version":[{"id":29664,"href":"https:\/\/draelegancia.com.br\/shop\/wp-json\/wp\/v2\/product\/29657\/revisions\/29664"}],"wp:featuredmedia":[{"embeddable":true,"href":"https:\/\/draelegancia.com.br\/shop\/wp-json\/wp\/v2\/media\/29634"}],"wp:attachment":[{"href":"https:\/\/draelegancia.com.br\/shop\/wp-json\/wp\/v2\/media?parent=29657"}],"wp:term":[{"taxonomy":"product_brand","embeddable":true,"href":"https:\/\/draelegancia.com.br\/shop\/wp-json\/wp\/v2\/product_brand?post=29657"},{"taxonomy":"product_cat","embeddable":true,"href":"https:\/\/draelegancia.com.br\/shop\/wp-json\/wp\/v2\/product_cat?post=29657"},{"taxonomy":"product_tag","embeddable":true,"href":"https:\/\/draelegancia.com.br\/shop\/wp-json\/wp\/v2\/product_tag?post=29657"}],"curies":[{"name":"wp","href":"https:\/\/api.w.org\/{rel}","templated":true}]}}