{"id":29649,"date":"2026-03-23T15:30:25","date_gmt":"2026-03-23T18:30:25","guid":{"rendered":"https:\/\/draelegancia.com.br\/shop\/?post_type=product&#038;p=29649"},"modified":"2026-04-23T14:09:03","modified_gmt":"2026-04-23T17:09:03","slug":"jaleco-ziper-prime-elegante-cor-cinza","status":"publish","type":"product","link":"https:\/\/draelegancia.com.br\/shop\/produto\/jaleco-ziper-prime-elegante-cor-cinza\/","title":{"rendered":"Jaleco Z\u00edper Prime Elegante Cor Cinza"},"content":{"rendered":"<p>O Jaleco Z\u00edper Prime Elegante foi desenvolvido para profissionais que buscam sofistica\u00e7\u00e3o, modernidade e funcionalidade no dia a dia. Com um design contempor\u00e2neo e acabamento refinado, o modelo se destaca pelo fechamento frontal em z\u00edper, que traz praticidade ao vestir e um visual mais alinhado e elegante.<br \/>\nSua modelagem levemente acinturada proporciona um caimento impec\u00e1vel, valorizando a silhueta com conforto e liberdade de movimento. A gola padre adiciona um toque de sofistica\u00e7\u00e3o e minimalismo \u00e0 pe\u00e7a, tornando o jaleco ainda mais elegante e diferenciado.<br \/>\nConfeccionado em tecido de alta qualidade, com 95% poli\u00e9ster e 5% elastano, o jaleco oferece leve elasticidade, garantindo flexibilidade e conforto durante toda a rotina profissional. O material tamb\u00e9m se destaca pela durabilidade, resist\u00eancia e facilidade de manuten\u00e7\u00e3o, sendo ideal para o uso di\u00e1rio.<br \/>\nPensando na praticidade, o modelo conta com um bolso em cada lado, perfeitos para armazenar itens essenciais com f\u00e1cil acesso. Os detalhes e o acabamento cuidadosamente trabalhados tornam essa pe\u00e7a uma excelente escolha para quem deseja unir estilo, conforto e funcionalidade.<br \/>\nVers\u00e1til e sofisticado, o Jaleco Z\u00edper Prime Elegante \u00e9 ideal para cl\u00ednicas, consult\u00f3rios e ambientes hospitalares, transmitindo uma imagem profissional, moderna e bem cuidada.<br \/>\nComposi\u00e7\u00e3o: 95% poli\u00e9ster e 5% elastano.<\/p>\n","protected":false},"excerpt":{"rendered":"<p>O Jaleco Z\u00edper Prime Elegante foi desenvolvido para profissionais que buscam sofistica\u00e7\u00e3o, modernidade e funcionalidade no dia a dia. Com um design contempor\u00e2neo e acabamento refinado, o modelo se destaca pelo fechamento frontal em z\u00edper, que traz praticidade ao vestir e um visual mais alinhado e elegante. Sua modelagem levemente acinturada proporciona um caimento impec\u00e1vel, [&#8230;]\n","protected":false},"featured_media":29629,"comment_status":"open","ping_status":"closed","template":"","meta":{"_joinchat":[]},"product_brand":[],"product_cat":[15],"product_tag":[],"class_list":{"0":"post-29649","1":"product","2":"type-product","3":"status-publish","4":"has-post-thumbnail","6":"product_cat-sem-categoria","7":"pa_tamanho-egxgg","8":"pa_tamanho-g","9":"pa_tamanho-gg","10":"pa_tamanho-m","11":"pa_tamanho-p","12":"pa_tamanho-pp","14":"first","15":"instock","16":"taxable","17":"shipping-taxable","18":"purchasable","19":"product-type-variable"},"_links":{"self":[{"href":"https:\/\/draelegancia.com.br\/shop\/wp-json\/wp\/v2\/product\/29649","targetHints":{"allow":["GET"]}}],"collection":[{"href":"https:\/\/draelegancia.com.br\/shop\/wp-json\/wp\/v2\/product"}],"about":[{"href":"https:\/\/draelegancia.com.br\/shop\/wp-json\/wp\/v2\/types\/product"}],"replies":[{"embeddable":true,"href":"https:\/\/draelegancia.com.br\/shop\/wp-json\/wp\/v2\/comments?post=29649"}],"version-history":[{"count":1,"href":"https:\/\/draelegancia.com.br\/shop\/wp-json\/wp\/v2\/product\/29649\/revisions"}],"predecessor-version":[{"id":29656,"href":"https:\/\/draelegancia.com.br\/shop\/wp-json\/wp\/v2\/product\/29649\/revisions\/29656"}],"wp:featuredmedia":[{"embeddable":true,"href":"https:\/\/draelegancia.com.br\/shop\/wp-json\/wp\/v2\/media\/29629"}],"wp:attachment":[{"href":"https:\/\/draelegancia.com.br\/shop\/wp-json\/wp\/v2\/media?parent=29649"}],"wp:term":[{"taxonomy":"product_brand","embeddable":true,"href":"https:\/\/draelegancia.com.br\/shop\/wp-json\/wp\/v2\/product_brand?post=29649"},{"taxonomy":"product_cat","embeddable":true,"href":"https:\/\/draelegancia.com.br\/shop\/wp-json\/wp\/v2\/product_cat?post=29649"},{"taxonomy":"product_tag","embeddable":true,"href":"https:\/\/draelegancia.com.br\/shop\/wp-json\/wp\/v2\/product_tag?post=29649"}],"curies":[{"name":"wp","href":"https:\/\/api.w.org\/{rel}","templated":true}]}}