{"id":28814,"date":"2025-12-09T15:47:04","date_gmt":"2025-12-09T18:47:04","guid":{"rendered":"https:\/\/draelegancia.com.br\/shop\/?post_type=product&#038;p=28814"},"modified":"2026-04-28T16:20:11","modified_gmt":"2026-04-28T19:20:11","slug":"so-blusa-masculino-genova-cor-cinza","status":"publish","type":"product","link":"https:\/\/draelegancia.com.br\/shop\/produto\/so-blusa-masculino-genova-cor-cinza\/","title":{"rendered":"S\u00f3 Blusa Masculino Genova Cor Cinza"},"content":{"rendered":"<p>O nosso novo modelo de blusa avulsa masculino genova foi produzido com um tecido cuja composi\u00e7\u00e3o \u00e9 95% poliester e 5% elastano, fazendo com que a blusa seja bem leve e super confort\u00e1vel, possuindo um toque macio e com acabamento e caimento impec\u00e1vel.<\/p>\n<p>A blusa possui uma gola v, sendo um modelo bem cl\u00e1ssico, com bolsos na frente facilitando o manuseio. Aquela blusa que n\u00e3o pode faltar em seu arm\u00e1rio, que traz estilo e conforto ao mesmo tempo.<\/p>\n<p>OBS: O logo \u00e9 retir\u00e1vel!<\/p>\n","protected":false},"excerpt":{"rendered":"<p>O nosso novo modelo de blusa avulsa masculino genova foi produzido com um tecido cuja composi\u00e7\u00e3o \u00e9 95% poliester e 5% elastano, fazendo com que a blusa seja bem leve e super confort\u00e1vel, possuindo um toque macio e com acabamento e caimento impec\u00e1vel. A blusa possui uma gola v, sendo um modelo bem cl\u00e1ssico, com [&#8230;]\n","protected":false},"featured_media":28826,"comment_status":"open","ping_status":"closed","template":"","meta":{"_joinchat":[]},"product_brand":[],"product_cat":[102,95,15],"product_tag":[],"class_list":{"0":"post-28814","1":"product","2":"type-product","3":"status-publish","4":"has-post-thumbnail","6":"product_cat-blusas-scrubs-masculino","7":"product_cat-masculino","8":"product_cat-sem-categoria","9":"pa_tamanho-egxgg","10":"pa_tamanho-g","11":"pa_tamanho-gg","12":"pa_tamanho-m","13":"pa_tamanho-p","14":"pa_tamanho-pp","16":"first","17":"instock","18":"taxable","19":"shipping-taxable","20":"purchasable","21":"product-type-variable"},"aioseo_notices":[],"_links":{"self":[{"href":"https:\/\/draelegancia.com.br\/shop\/wp-json\/wp\/v2\/product\/28814","targetHints":{"allow":["GET"]}}],"collection":[{"href":"https:\/\/draelegancia.com.br\/shop\/wp-json\/wp\/v2\/product"}],"about":[{"href":"https:\/\/draelegancia.com.br\/shop\/wp-json\/wp\/v2\/types\/product"}],"replies":[{"embeddable":true,"href":"https:\/\/draelegancia.com.br\/shop\/wp-json\/wp\/v2\/comments?post=28814"}],"version-history":[{"count":1,"href":"https:\/\/draelegancia.com.br\/shop\/wp-json\/wp\/v2\/product\/28814\/revisions"}],"predecessor-version":[{"id":28825,"href":"https:\/\/draelegancia.com.br\/shop\/wp-json\/wp\/v2\/product\/28814\/revisions\/28825"}],"wp:featuredmedia":[{"embeddable":true,"href":"https:\/\/draelegancia.com.br\/shop\/wp-json\/wp\/v2\/media\/28826"}],"wp:attachment":[{"href":"https:\/\/draelegancia.com.br\/shop\/wp-json\/wp\/v2\/media?parent=28814"}],"wp:term":[{"taxonomy":"product_brand","embeddable":true,"href":"https:\/\/draelegancia.com.br\/shop\/wp-json\/wp\/v2\/product_brand?post=28814"},{"taxonomy":"product_cat","embeddable":true,"href":"https:\/\/draelegancia.com.br\/shop\/wp-json\/wp\/v2\/product_cat?post=28814"},{"taxonomy":"product_tag","embeddable":true,"href":"https:\/\/draelegancia.com.br\/shop\/wp-json\/wp\/v2\/product_tag?post=28814"}],"curies":[{"name":"wp","href":"https:\/\/api.w.org\/{rel}","templated":true}]}}