{"id":28482,"date":"2025-10-17T16:34:25","date_gmt":"2025-10-17T19:34:25","guid":{"rendered":"https:\/\/draelegancia.com.br\/shop\/?post_type=product&#038;p=28482"},"modified":"2026-04-15T12:37:06","modified_gmt":"2026-04-15T15:37:06","slug":"scrub-elastic-ziper-cor-preto","status":"publish","type":"product","link":"https:\/\/draelegancia.com.br\/shop\/produto\/scrub-elastic-ziper-cor-preto\/","title":{"rendered":"Scrub Elastic Z\u00edper Cor Preto"},"content":{"rendered":"<p data-start=\"171\" data-end=\"1022\">Este conjunto feminino em tecido de alfaiataria preta foi desenvolvido para quem busca eleg\u00e2ncia, conforto e sofistica\u00e7\u00e3o em um visual moderno e vers\u00e1til. Produzido em tecido de alta qualidade, composto por 95% poli\u00e9ster e 5% elastano, o conjunto oferece excelente caimento, leve elasticidade e toque macio, proporcionando conforto e liberdade de movimento durante todo o dia. A blusa possui modelagem acinturada, que valoriza a silhueta feminina de forma discreta e elegante, com mangas curtas, gola redonda e fechamento frontal com z\u00edper oculto, garantindo um visual limpo e refinado. Os recortes anat\u00f4micos seguem as linhas do corpo, oferecendo um ajuste perfeito, enquanto os bolsos frontais trazem praticidade sem abrir m\u00e3o do estilo.<\/p>\n<p data-start=\"1024\" data-end=\"1489\">A cal\u00e7a de alfaiataria que comp\u00f5e o conjunto possui modelagem reta, cintura m\u00e9dia e bolsos laterais funcionais, oferecendo conforto, eleg\u00e2ncia e praticidade para o uso di\u00e1rio. O tecido encorpado proporciona \u00f3timo caimento e evita transpar\u00eancias, mantendo o visual sempre alinhado. A cor preta \u00e9 cl\u00e1ssica e atemporal, perfeita para transmitir profissionalismo, autoridade e eleg\u00e2ncia em qualquer ambiente, combinando facilmente com diferentes estilos e acess\u00f3rios.<\/p>\n<p data-start=\"1491\" data-end=\"2069\">Ideal para profissionais que valorizam a apar\u00eancia impec\u00e1vel e o conforto no dia a dia, o conjunto \u00e9 indicado para \u00e1reas como est\u00e9tica, sa\u00fade, hotelaria, recep\u00e7\u00e3o, cl\u00ednicas e consult\u00f3rios, al\u00e9m de ser excelente para uso social casual. O tecido de alfaiataria \u00e9 resistente, n\u00e3o amassa com facilidade e mant\u00e9m o aspecto de novo por muito mais tempo, tornando esta pe\u00e7a uma escolha pr\u00e1tica, dur\u00e1vel e sofisticada. O conjunto de alfaiataria feminina preta \u00e9 a op\u00e7\u00e3o ideal para quem deseja unir funcionalidade, conforto e eleg\u00e2ncia em um visual moderno, refinado e de alta qualidade.<\/p>\n<p data-start=\"1491\" data-end=\"2069\">OBS: O logo \u00e9 retir\u00e1vel!<\/p>\n","protected":false},"excerpt":{"rendered":"<p>Este conjunto feminino em tecido de alfaiataria preta foi desenvolvido para quem busca eleg\u00e2ncia, conforto e sofistica\u00e7\u00e3o em um visual moderno e vers\u00e1til. Produzido em tecido de alta qualidade, composto por 95% poli\u00e9ster e 5% elastano, o conjunto oferece excelente caimento, leve elasticidade e toque macio, proporcionando conforto e liberdade de movimento durante todo o [&#8230;]\n","protected":false},"featured_media":28480,"comment_status":"open","ping_status":"closed","template":"","meta":{"_joinchat":[]},"product_brand":[],"product_cat":[92,86,91],"product_tag":[],"class_list":{"0":"post-28482","1":"product","2":"type-product","3":"status-publish","4":"has-post-thumbnail","6":"product_cat-conjuntos","7":"product_cat-feminino","8":"product_cat-scrubs","9":"pa_tamanho-131","10":"pa_tamanho-132","11":"pa_tamanho-133","12":"pa_tamanho-134","13":"pa_tamanho-135","14":"pa_tamanho-136","15":"pa_tamanho-137","17":"first","18":"instock","19":"taxable","20":"shipping-taxable","21":"purchasable","22":"product-type-variable"},"aioseo_notices":[],"_links":{"self":[{"href":"https:\/\/draelegancia.com.br\/shop\/wp-json\/wp\/v2\/product\/28482","targetHints":{"allow":["GET"]}}],"collection":[{"href":"https:\/\/draelegancia.com.br\/shop\/wp-json\/wp\/v2\/product"}],"about":[{"href":"https:\/\/draelegancia.com.br\/shop\/wp-json\/wp\/v2\/types\/product"}],"replies":[{"embeddable":true,"href":"https:\/\/draelegancia.com.br\/shop\/wp-json\/wp\/v2\/comments?post=28482"}],"version-history":[{"count":2,"href":"https:\/\/draelegancia.com.br\/shop\/wp-json\/wp\/v2\/product\/28482\/revisions"}],"predecessor-version":[{"id":28496,"href":"https:\/\/draelegancia.com.br\/shop\/wp-json\/wp\/v2\/product\/28482\/revisions\/28496"}],"wp:featuredmedia":[{"embeddable":true,"href":"https:\/\/draelegancia.com.br\/shop\/wp-json\/wp\/v2\/media\/28480"}],"wp:attachment":[{"href":"https:\/\/draelegancia.com.br\/shop\/wp-json\/wp\/v2\/media?parent=28482"}],"wp:term":[{"taxonomy":"product_brand","embeddable":true,"href":"https:\/\/draelegancia.com.br\/shop\/wp-json\/wp\/v2\/product_brand?post=28482"},{"taxonomy":"product_cat","embeddable":true,"href":"https:\/\/draelegancia.com.br\/shop\/wp-json\/wp\/v2\/product_cat?post=28482"},{"taxonomy":"product_tag","embeddable":true,"href":"https:\/\/draelegancia.com.br\/shop\/wp-json\/wp\/v2\/product_tag?post=28482"}],"curies":[{"name":"wp","href":"https:\/\/api.w.org\/{rel}","templated":true}]}}