{"id":27301,"date":"2025-03-29T17:59:41","date_gmt":"2025-03-29T20:59:41","guid":{"rendered":"https:\/\/draelegancia.com.br\/shop\/?post_type=product&#038;p=27301"},"modified":"2026-04-11T09:34:31","modified_gmt":"2026-04-11T12:34:31","slug":"jaleco-elastic-com-cinto-7","status":"publish","type":"product","link":"https:\/\/draelegancia.com.br\/shop\/produto\/jaleco-elastic-com-cinto-7\/","title":{"rendered":"Jaleco Elastic com cinto cor verde"},"content":{"rendered":"<p class=\"\" data-start=\"73\" data-end=\"547\">Este jaleco \u00e9 a escolha perfeita para quem busca conforto, praticidade e estilo no ambiente de trabalho. Confeccionado com uma mistura de 95% poli\u00e9ster e 5% elastano, oferece um tecido de alta durabilidade, resist\u00eancia ao desgaste e flexibilidade, garantindo liberdade de movimento durante todo o dia. A composi\u00e7\u00e3o proporciona tamb\u00e9m facilidade na lavagem e secagem, mantendo o jaleco sempre com apar\u00eancia de novo.<\/p>\n<p class=\"\" data-start=\"549\" data-end=\"859\">Com gola cl\u00e1ssica e 4 bot\u00f5es frontais, o modelo transmite uma imagem profissional e sofisticada, ideal para profissionais que prezam pelo estilo sem abrir m\u00e3o do conforto. Dois bolsos frontais, um de cada lado, oferecem praticidade para guardar pequenos itens essenciais com seguran\u00e7a e facilidade.<\/p>\n<p class=\"\" data-start=\"861\" data-end=\"1185\">O cinto de amarrar adiciona um toque de ajuste personalizado, permitindo que o jaleco se adapte ao seu corpo de maneira confort\u00e1vel e estilosa. A combina\u00e7\u00e3o de design elegante, tecido de alta qualidade e caimento perfeito torna este jaleco uma op\u00e7\u00e3o ideal para quem busca um visual impec\u00e1vel no ambiente de trabalho.<\/p>\n<p class=\"\" data-start=\"1187\" data-end=\"1406\">Seja para profissionais da \u00e1rea da sa\u00fade, est\u00e9tica ou qualquer outra fun\u00e7\u00e3o que exija praticidade e um visual refinado, este jaleco \u00e9 a escolha certa, garantindo conforto, mobilidade e uma apar\u00eancia sempre profissional.<\/p>\n<p><strong>OBS: O logo \u00e9 retir\u00e1vel!<\/strong><\/p>\n<p><strong>O bot\u00e3o da roupa pode ser diferente do bot\u00e3o da foto, devido a disponibilidade.<\/strong><\/p>\n<p><strong>OBS: Temos a op\u00e7\u00e3o de colocar punho nesse jaleco, e temos tamb\u00e9m a op\u00e7\u00e3o desse jaleco com manga curta. Caso queira uma das op\u00e7\u00f5es informar em notas do pedido, ou nos informar pelo whatsapp depois de realizar a compra.<\/strong><\/p>\n<p><strong>IMPORTANTE: CASO ESCOLHA UMA DAS OP\u00c7\u00d5ES N\u00c3O ACEITAMOS TROCA E DEVOLU\u00c7\u00c3O!<\/strong><\/p>\n","protected":false},"excerpt":{"rendered":"<p>Este jaleco \u00e9 a escolha perfeita para quem busca conforto, praticidade e estilo no ambiente de trabalho. Confeccionado com uma mistura de 95% poli\u00e9ster e 5% elastano, oferece um tecido de alta durabilidade, resist\u00eancia ao desgaste e flexibilidade, garantindo liberdade de movimento durante todo o dia. A composi\u00e7\u00e3o proporciona tamb\u00e9m facilidade na lavagem e secagem, [&#8230;]\n","protected":false},"featured_media":27298,"comment_status":"open","ping_status":"closed","template":"","meta":{"_joinchat":[]},"product_brand":[],"product_cat":[86,89],"product_tag":[],"class_list":{"0":"post-27301","1":"product","2":"type-product","3":"status-publish","4":"has-post-thumbnail","6":"product_cat-feminino","7":"product_cat-jalecos","8":"pa_tamanho-egxgg","9":"pa_tamanho-g","10":"pa_tamanho-gg","11":"pa_tamanho-m","12":"pa_tamanho-p","13":"pa_tamanho-pp","15":"first","16":"instock","17":"taxable","18":"shipping-taxable","19":"purchasable","20":"product-type-variable"},"aioseo_notices":[],"_links":{"self":[{"href":"https:\/\/draelegancia.com.br\/shop\/wp-json\/wp\/v2\/product\/27301","targetHints":{"allow":["GET"]}}],"collection":[{"href":"https:\/\/draelegancia.com.br\/shop\/wp-json\/wp\/v2\/product"}],"about":[{"href":"https:\/\/draelegancia.com.br\/shop\/wp-json\/wp\/v2\/types\/product"}],"replies":[{"embeddable":true,"href":"https:\/\/draelegancia.com.br\/shop\/wp-json\/wp\/v2\/comments?post=27301"}],"version-history":[{"count":2,"href":"https:\/\/draelegancia.com.br\/shop\/wp-json\/wp\/v2\/product\/27301\/revisions"}],"predecessor-version":[{"id":27357,"href":"https:\/\/draelegancia.com.br\/shop\/wp-json\/wp\/v2\/product\/27301\/revisions\/27357"}],"wp:featuredmedia":[{"embeddable":true,"href":"https:\/\/draelegancia.com.br\/shop\/wp-json\/wp\/v2\/media\/27298"}],"wp:attachment":[{"href":"https:\/\/draelegancia.com.br\/shop\/wp-json\/wp\/v2\/media?parent=27301"}],"wp:term":[{"taxonomy":"product_brand","embeddable":true,"href":"https:\/\/draelegancia.com.br\/shop\/wp-json\/wp\/v2\/product_brand?post=27301"},{"taxonomy":"product_cat","embeddable":true,"href":"https:\/\/draelegancia.com.br\/shop\/wp-json\/wp\/v2\/product_cat?post=27301"},{"taxonomy":"product_tag","embeddable":true,"href":"https:\/\/draelegancia.com.br\/shop\/wp-json\/wp\/v2\/product_tag?post=27301"}],"curies":[{"name":"wp","href":"https:\/\/api.w.org\/{rel}","templated":true}]}}