{"id":25972,"date":"2024-08-31T17:42:01","date_gmt":"2024-08-31T20:42:01","guid":{"rendered":"https:\/\/draelegancia.com.br\/shop\/?post_type=product&#038;p=25972"},"modified":"2026-04-10T19:02:33","modified_gmt":"2026-04-10T22:02:33","slug":"scrub-barcelona-gola-padre","status":"publish","type":"product","link":"https:\/\/draelegancia.com.br\/shop\/produto\/scrub-barcelona-gola-padre\/","title":{"rendered":"Scrub Barcelona Gola Padre Cor Preto"},"content":{"rendered":"<p>O nosso scrub barcelona gola padre foi confeccionado no tecido malha, contendo na sua composi\u00e7\u00e3o 95% de poliester e 5% de elastano.<\/p>\n<p>Devido aos seus 5% de elastano na composi\u00e7\u00e3o do tecido, o scrub barcelona gola padre \u00e9 um modelo que proporciona muito conforto e ao mesmo muita eleg\u00e2ncia para o seu dia a dia.<\/p>\n<p>Cont\u00e9m um bolso de cada lado na roupa e um bolso de cada lado na cal\u00e7a tamb\u00e9m, assim proporcionando praticidade para o seu dia no trabalho.<\/p>\n<p>Na roupa cont\u00e9m as mangas princesa com um detalhe de bot\u00e3o, dando um toque de eleg\u00e2ncia no seu visual.<\/p>\n<p>\u00c9 um scrub de f\u00e1cil lavagem, longa durabilidade e n\u00e3o amassa com facilidade.<\/p>\n<p>OBS: O logo \u00e9 retir\u00e1vel!<\/p>\n","protected":false},"excerpt":{"rendered":"<p>O nosso scrub barcelona gola padre foi confeccionado no tecido malha, contendo na sua composi\u00e7\u00e3o 95% de poliester e 5% de elastano. Devido aos seus 5% de elastano na composi\u00e7\u00e3o do tecido, o scrub barcelona gola padre \u00e9 um modelo que proporciona muito conforto e ao mesmo muita eleg\u00e2ncia para o seu dia a dia. [&#8230;]\n","protected":false},"featured_media":25957,"comment_status":"open","ping_status":"closed","template":"","meta":{"_joinchat":[]},"product_brand":[],"product_cat":[92,86,91],"product_tag":[],"class_list":{"0":"post-25972","1":"product","2":"type-product","3":"status-publish","4":"has-post-thumbnail","6":"product_cat-conjuntos","7":"product_cat-feminino","8":"product_cat-scrubs","9":"pa_cor-preto","10":"pa_tamanho-egxgg","11":"pa_tamanho-g","12":"pa_tamanho-gg","13":"pa_tamanho-m","14":"pa_tamanho-p","15":"pa_tamanho-pp","17":"first","18":"instock","19":"taxable","20":"shipping-taxable","21":"purchasable","22":"product-type-variable"},"aioseo_notices":[],"_links":{"self":[{"href":"https:\/\/draelegancia.com.br\/shop\/wp-json\/wp\/v2\/product\/25972","targetHints":{"allow":["GET"]}}],"collection":[{"href":"https:\/\/draelegancia.com.br\/shop\/wp-json\/wp\/v2\/product"}],"about":[{"href":"https:\/\/draelegancia.com.br\/shop\/wp-json\/wp\/v2\/types\/product"}],"replies":[{"embeddable":true,"href":"https:\/\/draelegancia.com.br\/shop\/wp-json\/wp\/v2\/comments?post=25972"}],"version-history":[{"count":3,"href":"https:\/\/draelegancia.com.br\/shop\/wp-json\/wp\/v2\/product\/25972\/revisions"}],"predecessor-version":[{"id":27765,"href":"https:\/\/draelegancia.com.br\/shop\/wp-json\/wp\/v2\/product\/25972\/revisions\/27765"}],"wp:featuredmedia":[{"embeddable":true,"href":"https:\/\/draelegancia.com.br\/shop\/wp-json\/wp\/v2\/media\/25957"}],"wp:attachment":[{"href":"https:\/\/draelegancia.com.br\/shop\/wp-json\/wp\/v2\/media?parent=25972"}],"wp:term":[{"taxonomy":"product_brand","embeddable":true,"href":"https:\/\/draelegancia.com.br\/shop\/wp-json\/wp\/v2\/product_brand?post=25972"},{"taxonomy":"product_cat","embeddable":true,"href":"https:\/\/draelegancia.com.br\/shop\/wp-json\/wp\/v2\/product_cat?post=25972"},{"taxonomy":"product_tag","embeddable":true,"href":"https:\/\/draelegancia.com.br\/shop\/wp-json\/wp\/v2\/product_tag?post=25972"}],"curies":[{"name":"wp","href":"https:\/\/api.w.org\/{rel}","templated":true}]}}