{"id":25363,"date":"2024-07-26T16:08:24","date_gmt":"2024-07-26T19:08:24","guid":{"rendered":"https:\/\/draelegancia.com.br\/shop\/?post_type=product&#038;p=25363"},"modified":"2026-05-02T12:35:58","modified_gmt":"2026-05-02T15:35:58","slug":"jaleco-new-premium-2","status":"publish","type":"product","link":"https:\/\/draelegancia.com.br\/shop\/produto\/jaleco-new-premium-2\/","title":{"rendered":"Jaleco New Premium"},"content":{"rendered":"<p>O nosso Jaleco New Premium foi confeccionado com um tecido super macio e fresco, sendo perfeito para o seu dia a dia. Contendo em sua composi\u00e7\u00e3o 95% de poliester e 5% de elastano.<br \/>\nEle cont\u00e9m dois bolsos, sendo um de cada lado, proporcionando o conforto que voc\u00ea precisa.<br \/>\nO diferencial desse modelo fica nos oitos bot\u00f5es, com fecho em gancho proporcionando conforto e praticidade. E os detalhes em dourado d\u00e3o toque de eleg\u00e2ncia.<br \/>\nCom uma modelagem perfeita, esse jaleco \u00e9 a pe\u00e7a perfeita para quem busca conforto e eleg\u00e2ncia no seu dia a dia de trabalho.<\/p>\n<p>OBS: O logo \u00e9 retir\u00e1vel!<\/p>\n<p><strong>OBS: Temos a op\u00e7\u00e3o de colocar punho nesse jaleco, e temos tamb\u00e9m a op\u00e7\u00e3o desse jaleco com manga curta. Caso queira uma das op\u00e7\u00f5es informar em notas do pedido, ou nos informar pelo whatsapp depois de realizar a compra.<\/strong><\/p>\n<p><strong>IMPORTANTE: CASO ESCOLHA UMA DAS OP\u00c7\u00d5ES N\u00c3O ACEITAMOS TROCA E DEVOLU\u00c7\u00c3O!<\/strong><\/p>\n","protected":false},"excerpt":{"rendered":"<p>O nosso Jaleco New Premium foi confeccionado com um tecido super macio e fresco, sendo perfeito para o seu dia a dia. Contendo em sua composi\u00e7\u00e3o 95% de poliester e 5% de elastano. Ele cont\u00e9m dois bolsos, sendo um de cada lado, proporcionando o conforto que voc\u00ea precisa. O diferencial desse modelo fica nos oitos [&#8230;]\n","protected":false},"featured_media":25462,"comment_status":"open","ping_status":"closed","template":"","meta":{"_joinchat":[]},"product_brand":[],"product_cat":[86,89],"product_tag":[],"class_list":{"0":"post-25363","1":"product","2":"type-product","3":"status-publish","4":"has-post-thumbnail","6":"product_cat-feminino","7":"product_cat-jalecos","8":"pa_cor-branco","9":"pa_tamanho-egxgg","10":"pa_tamanho-g","11":"pa_tamanho-gg","12":"pa_tamanho-m","13":"pa_tamanho-p","14":"pa_tamanho-pp","16":"first","17":"instock","18":"taxable","19":"shipping-taxable","20":"purchasable","21":"product-type-variable"},"aioseo_notices":[],"_links":{"self":[{"href":"https:\/\/draelegancia.com.br\/shop\/wp-json\/wp\/v2\/product\/25363","targetHints":{"allow":["GET"]}}],"collection":[{"href":"https:\/\/draelegancia.com.br\/shop\/wp-json\/wp\/v2\/product"}],"about":[{"href":"https:\/\/draelegancia.com.br\/shop\/wp-json\/wp\/v2\/types\/product"}],"replies":[{"embeddable":true,"href":"https:\/\/draelegancia.com.br\/shop\/wp-json\/wp\/v2\/comments?post=25363"}],"version-history":[{"count":2,"href":"https:\/\/draelegancia.com.br\/shop\/wp-json\/wp\/v2\/product\/25363\/revisions"}],"predecessor-version":[{"id":28414,"href":"https:\/\/draelegancia.com.br\/shop\/wp-json\/wp\/v2\/product\/25363\/revisions\/28414"}],"wp:featuredmedia":[{"embeddable":true,"href":"https:\/\/draelegancia.com.br\/shop\/wp-json\/wp\/v2\/media\/25462"}],"wp:attachment":[{"href":"https:\/\/draelegancia.com.br\/shop\/wp-json\/wp\/v2\/media?parent=25363"}],"wp:term":[{"taxonomy":"product_brand","embeddable":true,"href":"https:\/\/draelegancia.com.br\/shop\/wp-json\/wp\/v2\/product_brand?post=25363"},{"taxonomy":"product_cat","embeddable":true,"href":"https:\/\/draelegancia.com.br\/shop\/wp-json\/wp\/v2\/product_cat?post=25363"},{"taxonomy":"product_tag","embeddable":true,"href":"https:\/\/draelegancia.com.br\/shop\/wp-json\/wp\/v2\/product_tag?post=25363"}],"curies":[{"name":"wp","href":"https:\/\/api.w.org\/{rel}","templated":true}]}}