{"id":24903,"date":"2024-03-27T00:10:57","date_gmt":"2024-03-27T03:10:57","guid":{"rendered":"https:\/\/draelegancia.com.br\/shop\/?post_type=product&#038;p=24903"},"modified":"2026-03-18T23:08:08","modified_gmt":"2026-03-19T02:08:08","slug":"jaleco-element-princesa-2","status":"publish","type":"product","link":"https:\/\/draelegancia.com.br\/shop\/produto\/jaleco-element-princesa-2\/","title":{"rendered":"Jaleco Element Princesa"},"content":{"rendered":"<p>O jaleco element princesa tem em sua composi\u00e7\u00e3o 62% de poliester, 33% de viscose e 5% de elastano. Essa composi\u00e7\u00e3o proporciona conforto, maciez e um caimento perfeito no corpo.<\/p>\n<p>Possui o fecho em z\u00edper de metal dourado, a gola padre, as mangas bufantes, e na cintura e costas possui tamb\u00e9m detalhe de bot\u00e3o dourado. E por \u00faltimo mas n\u00e3o menos importante, o jaleco possui um bolso de cada lado, onde voc\u00ea pode guardar suas coisinhas.<\/p>\n<p>Cada detalhe foi pensado e fabricado para ser um jaleco confort\u00e1vel mas sem abrir m\u00e3o da eleg\u00e2ncia.<\/p>\n<p>OBS: O logo \u00e9 retir\u00e1vel!<\/p>\n<p><strong>OBS: Temos a op\u00e7\u00e3o de colocar punho nesse jaleco, e temos tamb\u00e9m a op\u00e7\u00e3o desse jaleco com manga curta. Caso queira uma das op\u00e7\u00f5es informar em notas do pedido, ou nos informar pelo whatsapp depois de realizar a compra.<\/strong><\/p>\n<p><strong>IMPORTANTE: CASO ESCOLHA UMA DAS OP\u00c7\u00d5ES ACIMA N\u00c3O ACEITAMOS TROCA E DEVOLU\u00c7\u00c3O!<\/strong><\/p>\n","protected":false},"excerpt":{"rendered":"<p>O jaleco element princesa tem em sua composi\u00e7\u00e3o 62% de poliester, 33% de viscose e 5% de elastano. Essa composi\u00e7\u00e3o proporciona conforto, maciez e um caimento perfeito no corpo. Possui o fecho em z\u00edper de metal dourado, a gola padre, as mangas bufantes, e na cintura e costas possui tamb\u00e9m detalhe de bot\u00e3o dourado. E [&#8230;]\n","protected":false},"featured_media":24910,"comment_status":"open","ping_status":"closed","template":"","meta":{"_joinchat":[]},"product_brand":[],"product_cat":[86,89],"product_tag":[],"class_list":{"0":"post-24903","1":"product","2":"type-product","3":"status-publish","4":"has-post-thumbnail","6":"product_cat-feminino","7":"product_cat-jalecos","8":"pa_cor-bordo","9":"pa_tamanho-egxgg","10":"pa_tamanho-g","11":"pa_tamanho-gg","12":"pa_tamanho-m","13":"pa_tamanho-p","14":"pa_tamanho-pp","16":"first","17":"instock","18":"taxable","19":"shipping-taxable","20":"purchasable","21":"product-type-variable"},"aioseo_notices":[],"_links":{"self":[{"href":"https:\/\/draelegancia.com.br\/shop\/wp-json\/wp\/v2\/product\/24903","targetHints":{"allow":["GET"]}}],"collection":[{"href":"https:\/\/draelegancia.com.br\/shop\/wp-json\/wp\/v2\/product"}],"about":[{"href":"https:\/\/draelegancia.com.br\/shop\/wp-json\/wp\/v2\/types\/product"}],"replies":[{"embeddable":true,"href":"https:\/\/draelegancia.com.br\/shop\/wp-json\/wp\/v2\/comments?post=24903"}],"version-history":[{"count":2,"href":"https:\/\/draelegancia.com.br\/shop\/wp-json\/wp\/v2\/product\/24903\/revisions"}],"predecessor-version":[{"id":26910,"href":"https:\/\/draelegancia.com.br\/shop\/wp-json\/wp\/v2\/product\/24903\/revisions\/26910"}],"wp:featuredmedia":[{"embeddable":true,"href":"https:\/\/draelegancia.com.br\/shop\/wp-json\/wp\/v2\/media\/24910"}],"wp:attachment":[{"href":"https:\/\/draelegancia.com.br\/shop\/wp-json\/wp\/v2\/media?parent=24903"}],"wp:term":[{"taxonomy":"product_brand","embeddable":true,"href":"https:\/\/draelegancia.com.br\/shop\/wp-json\/wp\/v2\/product_brand?post=24903"},{"taxonomy":"product_cat","embeddable":true,"href":"https:\/\/draelegancia.com.br\/shop\/wp-json\/wp\/v2\/product_cat?post=24903"},{"taxonomy":"product_tag","embeddable":true,"href":"https:\/\/draelegancia.com.br\/shop\/wp-json\/wp\/v2\/product_tag?post=24903"}],"curies":[{"name":"wp","href":"https:\/\/api.w.org\/{rel}","templated":true}]}}