{"id":24792,"date":"2024-02-03T15:12:19","date_gmt":"2024-02-03T18:12:19","guid":{"rendered":"https:\/\/draelegancia.com.br\/shop\/?post_type=product&#038;p=24792"},"modified":"2025-05-07T11:17:41","modified_gmt":"2025-05-07T14:17:41","slug":"jaleco-alfaiataria-miran-manga-de-lasie","status":"publish","type":"product","link":"https:\/\/draelegancia.com.br\/shop\/produto\/jaleco-alfaiataria-miran-manga-de-lasie\/","title":{"rendered":"Jaleco Alfaiataria Miran Manga de Lasie"},"content":{"rendered":"<p>O jaleco alfaiataria miran manga de lasie tem em sua composi\u00e7\u00e3o 95% poliester e 5% elastano, sendo confort\u00e1vel, macio e com um \u00f3timo caimento e acabamento.<\/p>\n<p>Possui fecho em bot\u00f5es, bolsos e golas arredondadas, fazendo que fique uma pe\u00e7a bem nobre.<\/p>\n<p>O diferencial desse modelo se encontra nas mangas bufantes toda em lasie com punho e bot\u00e3o.<\/p>\n<p>OBS: O logo \u00e9 retir\u00e1vel!<\/p>\n<p><strong>OBS: Temos a op\u00e7\u00e3o desse jaleco com manga curta. Caso queira com manga curta informar em notas do pedido, ou nos informar pelo whatsapp depois de realizar a compra.<\/strong><\/p>\n<p><strong>IMPORTANTE: CASO ESCOLHA A OP\u00c7\u00c3O COM MANGA CURTA N\u00c3O ACEITAMOS TROCA E DEVOLU\u00c7\u00c3O!<\/strong><\/p>\n","protected":false},"excerpt":{"rendered":"<p>O jaleco alfaiataria miran manga de lasie tem em sua composi\u00e7\u00e3o 95% poliester e 5% elastano, sendo confort\u00e1vel, macio e com um \u00f3timo caimento e acabamento. Possui fecho em bot\u00f5es, bolsos e golas arredondadas, fazendo que fique uma pe\u00e7a bem nobre. O diferencial desse modelo se encontra nas mangas bufantes toda em lasie com punho [&#8230;]\n","protected":false},"featured_media":24768,"comment_status":"open","ping_status":"closed","template":"","meta":{"_joinchat":[]},"product_brand":[],"product_cat":[86,89],"product_tag":[347],"class_list":{"0":"post-24792","1":"product","2":"type-product","3":"status-publish","4":"has-post-thumbnail","6":"product_cat-feminino","7":"product_cat-jalecos","8":"product_tag-jaleco","9":"pa_cor-branco","10":"pa_tamanho-egxgg","11":"pa_tamanho-g","12":"pa_tamanho-gg","13":"pa_tamanho-m","14":"pa_tamanho-p","15":"pa_tamanho-pp","17":"first","18":"outofstock","19":"taxable","20":"shipping-taxable","21":"product-type-variable"},"aioseo_notices":[],"_links":{"self":[{"href":"https:\/\/draelegancia.com.br\/shop\/wp-json\/wp\/v2\/product\/24792","targetHints":{"allow":["GET"]}}],"collection":[{"href":"https:\/\/draelegancia.com.br\/shop\/wp-json\/wp\/v2\/product"}],"about":[{"href":"https:\/\/draelegancia.com.br\/shop\/wp-json\/wp\/v2\/types\/product"}],"replies":[{"embeddable":true,"href":"https:\/\/draelegancia.com.br\/shop\/wp-json\/wp\/v2\/comments?post=24792"}],"version-history":[{"count":2,"href":"https:\/\/draelegancia.com.br\/shop\/wp-json\/wp\/v2\/product\/24792\/revisions"}],"predecessor-version":[{"id":26834,"href":"https:\/\/draelegancia.com.br\/shop\/wp-json\/wp\/v2\/product\/24792\/revisions\/26834"}],"wp:featuredmedia":[{"embeddable":true,"href":"https:\/\/draelegancia.com.br\/shop\/wp-json\/wp\/v2\/media\/24768"}],"wp:attachment":[{"href":"https:\/\/draelegancia.com.br\/shop\/wp-json\/wp\/v2\/media?parent=24792"}],"wp:term":[{"taxonomy":"product_brand","embeddable":true,"href":"https:\/\/draelegancia.com.br\/shop\/wp-json\/wp\/v2\/product_brand?post=24792"},{"taxonomy":"product_cat","embeddable":true,"href":"https:\/\/draelegancia.com.br\/shop\/wp-json\/wp\/v2\/product_cat?post=24792"},{"taxonomy":"product_tag","embeddable":true,"href":"https:\/\/draelegancia.com.br\/shop\/wp-json\/wp\/v2\/product_tag?post=24792"}],"curies":[{"name":"wp","href":"https:\/\/api.w.org\/{rel}","templated":true}]}}