{"id":24785,"date":"2024-02-03T14:57:25","date_gmt":"2024-02-03T17:57:25","guid":{"rendered":"https:\/\/draelegancia.com.br\/shop\/?post_type=product&#038;p=24785"},"modified":"2025-11-28T12:23:21","modified_gmt":"2025-11-28T15:23:21","slug":"scrub-crep-charme-classico","status":"publish","type":"product","link":"https:\/\/draelegancia.com.br\/shop\/produto\/scrub-crep-charme-classico\/","title":{"rendered":"Scrub Crep Charme Cl\u00e1ssico"},"content":{"rendered":"<p>O scrub crep charme cl\u00e1ssico foi confeccionado em material que cont\u00e9m em sua composi\u00e7\u00e3o 95% poliester e 5% elastano, visando conforto e ao mesmo tempo um \u00f3timo caimento.<\/p>\n<p>Modelo bem cl\u00e1ssico, a blusa com gola v e com bolsos inferiores.<\/p>\n<p>J\u00e1 a cal\u00e7a possui barra reta, com bolsos faca e el\u00e1stico na cintura.<\/p>\n<p>OBS: O logo \u00e9 retir\u00e1vel!<\/p>\n","protected":false},"excerpt":{"rendered":"<p>O scrub crep charme cl\u00e1ssico foi confeccionado em material que cont\u00e9m em sua composi\u00e7\u00e3o 95% poliester e 5% elastano, visando conforto e ao mesmo tempo um \u00f3timo caimento. Modelo bem cl\u00e1ssico, a blusa com gola v e com bolsos inferiores. J\u00e1 a cal\u00e7a possui barra reta, com bolsos faca e el\u00e1stico na cintura. OBS: O [&#8230;]\n","protected":false},"featured_media":24759,"comment_status":"open","ping_status":"closed","template":"","meta":{"_joinchat":[]},"product_brand":[],"product_cat":[92,86,91],"product_tag":[],"class_list":{"0":"post-24785","1":"product","2":"type-product","3":"status-publish","4":"has-post-thumbnail","6":"product_cat-conjuntos","7":"product_cat-feminino","8":"product_cat-scrubs","9":"pa_cor-preto","10":"pa_tamanho-egxgg","11":"pa_tamanho-g","12":"pa_tamanho-gg","13":"pa_tamanho-m","14":"pa_tamanho-p","15":"pa_tamanho-pp","17":"first","18":"instock","19":"taxable","20":"shipping-taxable","21":"purchasable","22":"product-type-variable"},"aioseo_notices":[],"_links":{"self":[{"href":"https:\/\/draelegancia.com.br\/shop\/wp-json\/wp\/v2\/product\/24785","targetHints":{"allow":["GET"]}}],"collection":[{"href":"https:\/\/draelegancia.com.br\/shop\/wp-json\/wp\/v2\/product"}],"about":[{"href":"https:\/\/draelegancia.com.br\/shop\/wp-json\/wp\/v2\/types\/product"}],"replies":[{"embeddable":true,"href":"https:\/\/draelegancia.com.br\/shop\/wp-json\/wp\/v2\/comments?post=24785"}],"version-history":[{"count":1,"href":"https:\/\/draelegancia.com.br\/shop\/wp-json\/wp\/v2\/product\/24785\/revisions"}],"predecessor-version":[{"id":26850,"href":"https:\/\/draelegancia.com.br\/shop\/wp-json\/wp\/v2\/product\/24785\/revisions\/26850"}],"wp:featuredmedia":[{"embeddable":true,"href":"https:\/\/draelegancia.com.br\/shop\/wp-json\/wp\/v2\/media\/24759"}],"wp:attachment":[{"href":"https:\/\/draelegancia.com.br\/shop\/wp-json\/wp\/v2\/media?parent=24785"}],"wp:term":[{"taxonomy":"product_brand","embeddable":true,"href":"https:\/\/draelegancia.com.br\/shop\/wp-json\/wp\/v2\/product_brand?post=24785"},{"taxonomy":"product_cat","embeddable":true,"href":"https:\/\/draelegancia.com.br\/shop\/wp-json\/wp\/v2\/product_cat?post=24785"},{"taxonomy":"product_tag","embeddable":true,"href":"https:\/\/draelegancia.com.br\/shop\/wp-json\/wp\/v2\/product_tag?post=24785"}],"curies":[{"name":"wp","href":"https:\/\/api.w.org\/{rel}","templated":true}]}}