{"id":24740,"date":"2024-02-03T14:39:19","date_gmt":"2024-02-03T17:39:19","guid":{"rendered":"https:\/\/draelegancia.com.br\/shop\/?post_type=product&#038;p=24740"},"modified":"2026-02-21T12:48:08","modified_gmt":"2026-02-21T15:48:08","slug":"scrub-element-classico","status":"publish","type":"product","link":"https:\/\/draelegancia.com.br\/shop\/produto\/scrub-element-classico\/","title":{"rendered":"Scrub Element Cl\u00e1ssico"},"content":{"rendered":"<p>O scrub element cl\u00e1ssico possui em sua composi\u00e7\u00e3o 62% poliester e 33% viscose e 5% elastano. O toque da viscose proporciona leveza e todo o conforto.<br \/>\nModelo bem cl\u00e1ssico, com a blusa em gola v e com bolsos inferiores.<br \/>\nJ\u00e1 a cal\u00e7a possui barra reta, com bolsos faca e el\u00e1stico na cintura com cord\u00e3o para regulagem.<br \/>\nOBS: O logo \u00e9 retir\u00e1vel!<\/p>\n","protected":false},"excerpt":{"rendered":"<p>O scrub element cl\u00e1ssico possui em sua composi\u00e7\u00e3o 62% poliester e 33% viscose e 5% elastano. O toque da viscose proporciona leveza e todo o conforto. Modelo bem cl\u00e1ssico, com a blusa em gola v e com bolsos inferiores. J\u00e1 a cal\u00e7a possui barra reta, com bolsos faca e el\u00e1stico na cintura com cord\u00e3o para [&#8230;]\n","protected":false},"featured_media":24741,"comment_status":"open","ping_status":"closed","template":"","meta":{"_joinchat":[]},"product_brand":[],"product_cat":[92,86,91],"product_tag":[],"class_list":{"0":"post-24740","1":"product","2":"type-product","3":"status-publish","4":"has-post-thumbnail","6":"product_cat-conjuntos","7":"product_cat-feminino","8":"product_cat-scrubs","9":"pa_cor-bordo","10":"pa_tamanho-egxgg","11":"pa_tamanho-g","12":"pa_tamanho-gg","13":"pa_tamanho-m","14":"pa_tamanho-p","15":"pa_tamanho-pp","17":"first","18":"instock","19":"taxable","20":"shipping-taxable","21":"purchasable","22":"product-type-variable"},"aioseo_notices":[],"_links":{"self":[{"href":"https:\/\/draelegancia.com.br\/shop\/wp-json\/wp\/v2\/product\/24740","targetHints":{"allow":["GET"]}}],"collection":[{"href":"https:\/\/draelegancia.com.br\/shop\/wp-json\/wp\/v2\/product"}],"about":[{"href":"https:\/\/draelegancia.com.br\/shop\/wp-json\/wp\/v2\/types\/product"}],"replies":[{"embeddable":true,"href":"https:\/\/draelegancia.com.br\/shop\/wp-json\/wp\/v2\/comments?post=24740"}],"version-history":[{"count":1,"href":"https:\/\/draelegancia.com.br\/shop\/wp-json\/wp\/v2\/product\/24740\/revisions"}],"predecessor-version":[{"id":26826,"href":"https:\/\/draelegancia.com.br\/shop\/wp-json\/wp\/v2\/product\/24740\/revisions\/26826"}],"wp:featuredmedia":[{"embeddable":true,"href":"https:\/\/draelegancia.com.br\/shop\/wp-json\/wp\/v2\/media\/24741"}],"wp:attachment":[{"href":"https:\/\/draelegancia.com.br\/shop\/wp-json\/wp\/v2\/media?parent=24740"}],"wp:term":[{"taxonomy":"product_brand","embeddable":true,"href":"https:\/\/draelegancia.com.br\/shop\/wp-json\/wp\/v2\/product_brand?post=24740"},{"taxonomy":"product_cat","embeddable":true,"href":"https:\/\/draelegancia.com.br\/shop\/wp-json\/wp\/v2\/product_cat?post=24740"},{"taxonomy":"product_tag","embeddable":true,"href":"https:\/\/draelegancia.com.br\/shop\/wp-json\/wp\/v2\/product_tag?post=24740"}],"curies":[{"name":"wp","href":"https:\/\/api.w.org\/{rel}","templated":true}]}}