{"id":24661,"date":"2023-12-28T12:38:20","date_gmt":"2023-12-28T15:38:20","guid":{"rendered":"https:\/\/draelegancia.com.br\/shop\/?post_type=product&#038;p=24661"},"modified":"2026-02-28T14:41:35","modified_gmt":"2026-02-28T17:41:35","slug":"jaleco-sem-manga-alfaiataria-miran","status":"publish","type":"product","link":"https:\/\/draelegancia.com.br\/shop\/produto\/jaleco-sem-manga-alfaiataria-miran\/","title":{"rendered":"Jaleco Sem Manga Elastic Com Cinto De Amarrar"},"content":{"rendered":"<p>Jaleco sem manga confeccionado no tecido elastic, tendo em sua composi\u00e7\u00e3o 95% poli\u00e9ster e 5% elastano.<\/p>\n<p>J\u00e1 que \u00e9 um jaleco sem manga , \u00e9 perfeito para os dias quentes, trazendo refresc\u00e2ncia para o seu dia a dia.<\/p>\n<p>\u00c9 um modelo acinturado e possui bolsos. Um modelo cl\u00e1ssico e estiloso com o diferencial no fecho, que \u00e9 com cordas para amarrar, tendo um caimento perfeito e elegante.<\/p>\n<p>Obs: o logo \u00e9 retir\u00e1vel!<\/p>\n","protected":false},"excerpt":{"rendered":"<p>Jaleco sem manga confeccionado no tecido elastic, tendo em sua composi\u00e7\u00e3o 95% poli\u00e9ster e 5% elastano. J\u00e1 que \u00e9 um jaleco sem manga , \u00e9 perfeito para os dias quentes, trazendo refresc\u00e2ncia para o seu dia a dia. \u00c9 um modelo acinturado e possui bolsos. Um modelo cl\u00e1ssico e estiloso com o diferencial no fecho, [&#8230;]\n","protected":false},"featured_media":24660,"comment_status":"open","ping_status":"closed","template":"","meta":{"_joinchat":[]},"product_brand":[],"product_cat":[86,89],"product_tag":[],"class_list":{"0":"post-24661","1":"product","2":"type-product","3":"status-publish","4":"has-post-thumbnail","6":"product_cat-feminino","7":"product_cat-jalecos","8":"pa_cor-branco","9":"pa_tamanho-egxgg","10":"pa_tamanho-g","11":"pa_tamanho-gg","12":"pa_tamanho-m","13":"pa_tamanho-p","14":"pa_tamanho-pp","16":"first","17":"instock","18":"taxable","19":"shipping-taxable","20":"purchasable","21":"product-type-variable"},"aioseo_notices":[],"_links":{"self":[{"href":"https:\/\/draelegancia.com.br\/shop\/wp-json\/wp\/v2\/product\/24661","targetHints":{"allow":["GET"]}}],"collection":[{"href":"https:\/\/draelegancia.com.br\/shop\/wp-json\/wp\/v2\/product"}],"about":[{"href":"https:\/\/draelegancia.com.br\/shop\/wp-json\/wp\/v2\/types\/product"}],"replies":[{"embeddable":true,"href":"https:\/\/draelegancia.com.br\/shop\/wp-json\/wp\/v2\/comments?post=24661"}],"version-history":[{"count":4,"href":"https:\/\/draelegancia.com.br\/shop\/wp-json\/wp\/v2\/product\/24661\/revisions"}],"predecessor-version":[{"id":26032,"href":"https:\/\/draelegancia.com.br\/shop\/wp-json\/wp\/v2\/product\/24661\/revisions\/26032"}],"wp:featuredmedia":[{"embeddable":true,"href":"https:\/\/draelegancia.com.br\/shop\/wp-json\/wp\/v2\/media\/24660"}],"wp:attachment":[{"href":"https:\/\/draelegancia.com.br\/shop\/wp-json\/wp\/v2\/media?parent=24661"}],"wp:term":[{"taxonomy":"product_brand","embeddable":true,"href":"https:\/\/draelegancia.com.br\/shop\/wp-json\/wp\/v2\/product_brand?post=24661"},{"taxonomy":"product_cat","embeddable":true,"href":"https:\/\/draelegancia.com.br\/shop\/wp-json\/wp\/v2\/product_cat?post=24661"},{"taxonomy":"product_tag","embeddable":true,"href":"https:\/\/draelegancia.com.br\/shop\/wp-json\/wp\/v2\/product_tag?post=24661"}],"curies":[{"name":"wp","href":"https:\/\/api.w.org\/{rel}","templated":true}]}}