{"id":24610,"date":"2023-12-28T11:22:11","date_gmt":"2023-12-28T14:22:11","guid":{"rendered":"https:\/\/draelegancia.com.br\/shop\/?post_type=product&#038;p=24610"},"modified":"2025-06-09T12:10:05","modified_gmt":"2025-06-09T15:10:05","slug":"scrub-barcelona-ziper-4","status":"publish","type":"product","link":"https:\/\/draelegancia.com.br\/shop\/produto\/scrub-barcelona-ziper-4\/","title":{"rendered":"Scrub Barcelona Ziper"},"content":{"rendered":"<p>Scrub Barcelona Z\u00edper foi confeccionado em malha. Sua composi\u00e7\u00e3o cont\u00e9m 95% poli\u00e9ster e 5% elastano. Cont\u00e9m mais elasticidade em rela\u00e7\u00e3o aos nossos outros modelos, permitindo assim, muito conforto.<\/p>\n<p>A blusa possui bolsos, e o fecho em z\u00edper de metal, tornando mais f\u00e1cil de vestir. Cont\u00e9m tamb\u00e9m a gola padre, o que deixa o modelo bem moderno.<\/p>\n<p>A cal\u00e7a possui o corte reto com bolsos laterais, el\u00e1stico na cintura com cord\u00e3o, assim podendo regular.<\/p>\n<p>OBS: O logo \u00e9 retir\u00e1vel!<\/p>\n","protected":false},"excerpt":{"rendered":"<p>Scrub Barcelona Z\u00edper foi confeccionado em malha. Sua composi\u00e7\u00e3o cont\u00e9m 95% poli\u00e9ster e 5% elastano. Cont\u00e9m mais elasticidade em rela\u00e7\u00e3o aos nossos outros modelos, permitindo assim, muito conforto. A blusa possui bolsos, e o fecho em z\u00edper de metal, tornando mais f\u00e1cil de vestir. Cont\u00e9m tamb\u00e9m a gola padre, o que deixa o modelo bem [&#8230;]\n","protected":false},"featured_media":24608,"comment_status":"open","ping_status":"closed","template":"","meta":{"_joinchat":[]},"product_brand":[],"product_cat":[92,86,91],"product_tag":[],"class_list":{"0":"post-24610","1":"product","2":"type-product","3":"status-publish","4":"has-post-thumbnail","6":"product_cat-conjuntos","7":"product_cat-feminino","8":"product_cat-scrubs","9":"pa_cor-vermelho","10":"pa_tamanho-egxgg","11":"pa_tamanho-g","12":"pa_tamanho-gg","13":"pa_tamanho-m","14":"pa_tamanho-p","15":"pa_tamanho-pp","17":"first","18":"instock","19":"taxable","20":"shipping-taxable","21":"purchasable","22":"product-type-variable"},"aioseo_notices":[],"_links":{"self":[{"href":"https:\/\/draelegancia.com.br\/shop\/wp-json\/wp\/v2\/product\/24610","targetHints":{"allow":["GET"]}}],"collection":[{"href":"https:\/\/draelegancia.com.br\/shop\/wp-json\/wp\/v2\/product"}],"about":[{"href":"https:\/\/draelegancia.com.br\/shop\/wp-json\/wp\/v2\/types\/product"}],"replies":[{"embeddable":true,"href":"https:\/\/draelegancia.com.br\/shop\/wp-json\/wp\/v2\/comments?post=24610"}],"version-history":[{"count":2,"href":"https:\/\/draelegancia.com.br\/shop\/wp-json\/wp\/v2\/product\/24610\/revisions"}],"predecessor-version":[{"id":27242,"href":"https:\/\/draelegancia.com.br\/shop\/wp-json\/wp\/v2\/product\/24610\/revisions\/27242"}],"wp:featuredmedia":[{"embeddable":true,"href":"https:\/\/draelegancia.com.br\/shop\/wp-json\/wp\/v2\/media\/24608"}],"wp:attachment":[{"href":"https:\/\/draelegancia.com.br\/shop\/wp-json\/wp\/v2\/media?parent=24610"}],"wp:term":[{"taxonomy":"product_brand","embeddable":true,"href":"https:\/\/draelegancia.com.br\/shop\/wp-json\/wp\/v2\/product_brand?post=24610"},{"taxonomy":"product_cat","embeddable":true,"href":"https:\/\/draelegancia.com.br\/shop\/wp-json\/wp\/v2\/product_cat?post=24610"},{"taxonomy":"product_tag","embeddable":true,"href":"https:\/\/draelegancia.com.br\/shop\/wp-json\/wp\/v2\/product_tag?post=24610"}],"curies":[{"name":"wp","href":"https:\/\/api.w.org\/{rel}","templated":true}]}}