{"id":24426,"date":"2023-12-07T11:08:40","date_gmt":"2023-12-07T14:08:40","guid":{"rendered":"https:\/\/draelegancia.com.br\/shop\/?post_type=product&#038;p=24426"},"modified":"2026-02-07T10:41:33","modified_gmt":"2026-02-07T13:41:33","slug":"scrub-ziper-cord-transpassado-element-2","status":"publish","type":"product","link":"https:\/\/draelegancia.com.br\/shop\/produto\/scrub-ziper-cord-transpassado-element-2\/","title":{"rendered":"Scrub Z\u00edper Cord Transpassado Element"},"content":{"rendered":"<p>Nosso mais novo modelo scrub z\u00edper cord transpassado element \u00e9 um modelo elegante, possuindo na blusa fecho coberto em z\u00edper com vi\u00e9is colorido nas bordas e nos bolsos. A gola arredondada tamb\u00e9m com vi\u00e9is, e com bot\u00f5es na parte do ombro.<\/p>\n<p>A cal\u00e7a b\u00e1sica com bolsos faca, el\u00e1stico na cintura com cord\u00e3o para regulagem.<\/p>\n<p>Confeccionado com tecido alfaiataria element, com a composi\u00e7\u00e3o de 62% poliester, 33% viscose e 5% elastano. Um modelo que cont\u00e9m um toque super macio, leve e fresco.<\/p>\n<p>OBS: O logo \u00e9 retir\u00e1vel!<\/p>\n","protected":false},"excerpt":{"rendered":"<p>Nosso mais novo modelo scrub z\u00edper cord transpassado element \u00e9 um modelo elegante, possuindo na blusa fecho coberto em z\u00edper com vi\u00e9is colorido nas bordas e nos bolsos. A gola arredondada tamb\u00e9m com vi\u00e9is, e com bot\u00f5es na parte do ombro. A cal\u00e7a b\u00e1sica com bolsos faca, el\u00e1stico na cintura com cord\u00e3o para regulagem. Confeccionado [&#8230;]\n","protected":false},"featured_media":24590,"comment_status":"open","ping_status":"closed","template":"","meta":{"_joinchat":[]},"product_brand":[],"product_cat":[92,86,91],"product_tag":[],"class_list":{"0":"post-24426","1":"product","2":"type-product","3":"status-publish","4":"has-post-thumbnail","6":"product_cat-conjuntos","7":"product_cat-feminino","8":"product_cat-scrubs","9":"pa_cor-nude","10":"pa_tamanho-egxgg","11":"pa_tamanho-g","12":"pa_tamanho-gg","13":"pa_tamanho-m","14":"pa_tamanho-p","16":"first","17":"instock","18":"taxable","19":"shipping-taxable","20":"purchasable","21":"product-type-variable"},"aioseo_notices":[],"_links":{"self":[{"href":"https:\/\/draelegancia.com.br\/shop\/wp-json\/wp\/v2\/product\/24426","targetHints":{"allow":["GET"]}}],"collection":[{"href":"https:\/\/draelegancia.com.br\/shop\/wp-json\/wp\/v2\/product"}],"about":[{"href":"https:\/\/draelegancia.com.br\/shop\/wp-json\/wp\/v2\/types\/product"}],"replies":[{"embeddable":true,"href":"https:\/\/draelegancia.com.br\/shop\/wp-json\/wp\/v2\/comments?post=24426"}],"version-history":[{"count":1,"href":"https:\/\/draelegancia.com.br\/shop\/wp-json\/wp\/v2\/product\/24426\/revisions"}],"predecessor-version":[{"id":27664,"href":"https:\/\/draelegancia.com.br\/shop\/wp-json\/wp\/v2\/product\/24426\/revisions\/27664"}],"wp:featuredmedia":[{"embeddable":true,"href":"https:\/\/draelegancia.com.br\/shop\/wp-json\/wp\/v2\/media\/24590"}],"wp:attachment":[{"href":"https:\/\/draelegancia.com.br\/shop\/wp-json\/wp\/v2\/media?parent=24426"}],"wp:term":[{"taxonomy":"product_brand","embeddable":true,"href":"https:\/\/draelegancia.com.br\/shop\/wp-json\/wp\/v2\/product_brand?post=24426"},{"taxonomy":"product_cat","embeddable":true,"href":"https:\/\/draelegancia.com.br\/shop\/wp-json\/wp\/v2\/product_cat?post=24426"},{"taxonomy":"product_tag","embeddable":true,"href":"https:\/\/draelegancia.com.br\/shop\/wp-json\/wp\/v2\/product_tag?post=24426"}],"curies":[{"name":"wp","href":"https:\/\/api.w.org\/{rel}","templated":true}]}}