{"id":24294,"date":"2023-11-07T22:50:07","date_gmt":"2023-11-08T01:50:07","guid":{"rendered":"https:\/\/draelegancia.com.br\/shop\/?post_type=product&#038;p=24294"},"modified":"2026-03-18T16:58:40","modified_gmt":"2026-03-18T19:58:40","slug":"jaleco-sem-manga-com-gola","status":"publish","type":"product","link":"https:\/\/draelegancia.com.br\/shop\/produto\/jaleco-sem-manga-com-gola\/","title":{"rendered":"Jaleco Sem Manga Bergamo cor branco"},"content":{"rendered":"<p class=\"\" data-start=\"143\" data-end=\"836\">Pensado para atender \u00e0s exig\u00eancias do dia a dia de profissionais da sa\u00fade, este jaleco \u00e9 a uni\u00e3o perfeita entre estilo, funcionalidade e durabilidade. Confeccionado em tecido B\u00e9rgamo, com composi\u00e7\u00e3o de 95% poli\u00e9ster e 5% elastano, oferece um excelente equil\u00edbrio entre estrutura e flexibilidade. O poli\u00e9ster garante resist\u00eancia ao uso constante, baixa absor\u00e7\u00e3o de l\u00edquidos e facilidade na hora de lavar e passar, enquanto o elastano proporciona mobilidade e conforto, permitindo liberdade de movimentos mesmo nas rotinas mais exigentes. O resultado \u00e9 um jaleco que mant\u00e9m sua forma e apar\u00eancia elegante por muito mais tempo, mesmo ap\u00f3s repetidas lavagens.<\/p>\n<p class=\"\" data-start=\"838\" data-end=\"1315\">O design foi cuidadosamente desenvolvido para unir eleg\u00e2ncia e praticidade, com gola tradicional que transmite profissionalismo, fechamento frontal por bot\u00f5es que facilita o vestir e confere um acabamento cl\u00e1ssico, al\u00e9m de bolsos amplos e funcionais, ideais para carregar itens essenciais no dia a dia, como canetas, celular ou instrumentos de trabalho. O corte moderno valoriza a silhueta sem restringir os movimentos, resultando em um visual alinhado, confort\u00e1vel e vers\u00e1til.<\/p>\n<p class=\"\" data-start=\"1317\" data-end=\"1559\">Ideal para profissionais que valorizam uma apresenta\u00e7\u00e3o impec\u00e1vel e precisam de um uniforme \u00e0 altura de sua dedica\u00e7\u00e3o, o jaleco em tecido B\u00e9rgamo \u00e9 a escolha certa para quem deseja unir beleza, praticidade e alto desempenho em uma \u00fanica pe\u00e7a.<\/p>\n<p>Obs: o logo \u00e9 retir\u00e1vel!<\/p>\n","protected":false},"excerpt":{"rendered":"<p>Pensado para atender \u00e0s exig\u00eancias do dia a dia de profissionais da sa\u00fade, este jaleco \u00e9 a uni\u00e3o perfeita entre estilo, funcionalidade e durabilidade. Confeccionado em tecido B\u00e9rgamo, com composi\u00e7\u00e3o de 95% poli\u00e9ster e 5% elastano, oferece um excelente equil\u00edbrio entre estrutura e flexibilidade. O poli\u00e9ster garante resist\u00eancia ao uso constante, baixa absor\u00e7\u00e3o de l\u00edquidos [&#8230;]\n","protected":false},"featured_media":24295,"comment_status":"open","ping_status":"closed","template":"","meta":{"_joinchat":[]},"product_brand":[],"product_cat":[86,89],"product_tag":[],"class_list":{"0":"post-24294","1":"product","2":"type-product","3":"status-publish","4":"has-post-thumbnail","6":"product_cat-feminino","7":"product_cat-jalecos","8":"pa_tamanho-egxgg","9":"pa_tamanho-g","10":"pa_tamanho-gg","11":"pa_tamanho-m","12":"pa_tamanho-p","13":"pa_tamanho-pp","15":"first","16":"instock","17":"taxable","18":"shipping-taxable","19":"purchasable","20":"product-type-variable"},"aioseo_notices":[],"_links":{"self":[{"href":"https:\/\/draelegancia.com.br\/shop\/wp-json\/wp\/v2\/product\/24294","targetHints":{"allow":["GET"]}}],"collection":[{"href":"https:\/\/draelegancia.com.br\/shop\/wp-json\/wp\/v2\/product"}],"about":[{"href":"https:\/\/draelegancia.com.br\/shop\/wp-json\/wp\/v2\/types\/product"}],"replies":[{"embeddable":true,"href":"https:\/\/draelegancia.com.br\/shop\/wp-json\/wp\/v2\/comments?post=24294"}],"version-history":[{"count":4,"href":"https:\/\/draelegancia.com.br\/shop\/wp-json\/wp\/v2\/product\/24294\/revisions"}],"predecessor-version":[{"id":27528,"href":"https:\/\/draelegancia.com.br\/shop\/wp-json\/wp\/v2\/product\/24294\/revisions\/27528"}],"wp:featuredmedia":[{"embeddable":true,"href":"https:\/\/draelegancia.com.br\/shop\/wp-json\/wp\/v2\/media\/24295"}],"wp:attachment":[{"href":"https:\/\/draelegancia.com.br\/shop\/wp-json\/wp\/v2\/media?parent=24294"}],"wp:term":[{"taxonomy":"product_brand","embeddable":true,"href":"https:\/\/draelegancia.com.br\/shop\/wp-json\/wp\/v2\/product_brand?post=24294"},{"taxonomy":"product_cat","embeddable":true,"href":"https:\/\/draelegancia.com.br\/shop\/wp-json\/wp\/v2\/product_cat?post=24294"},{"taxonomy":"product_tag","embeddable":true,"href":"https:\/\/draelegancia.com.br\/shop\/wp-json\/wp\/v2\/product_tag?post=24294"}],"curies":[{"name":"wp","href":"https:\/\/api.w.org\/{rel}","templated":true}]}}