{"id":24200,"date":"2023-10-29T17:29:09","date_gmt":"2023-10-29T20:29:09","guid":{"rendered":"https:\/\/draelegancia.com.br\/shop\/?post_type=product&#038;p=24200"},"modified":"2026-03-20T14:22:03","modified_gmt":"2026-03-20T17:22:03","slug":"scrub-bicolor-new-ziper","status":"publish","type":"product","link":"https:\/\/draelegancia.com.br\/shop\/produto\/scrub-bicolor-new-ziper\/","title":{"rendered":"Scrub Bicolor New Ziper"},"content":{"rendered":"<p>Nosso mais novo lan\u00e7amento, o conjunto scrub bicolor new ziper foi confeccionado com tecido alfaiataria, onde possui na sua composi\u00e7\u00e3o 95% poliester e 5% elastano. \u00c9 o modelo perfeito para o seu dia a dia, garantindo conforto e estilo ao mesmo tempo.<\/p>\n<p>Na parte de cima da blusa possui um bolso de cada lado, e no meio possui ziper, sendo o diferencial desse modelo.<\/p>\n<p>J\u00e1 a parte de baixo \u00e9 uma cal\u00e7a social, possuindo um bolso de cada lado na parte da frente.<\/p>\n<p>OBS: O logo \u00e9 retir\u00e1vel!<\/p>\n","protected":false},"excerpt":{"rendered":"<p>Nosso mais novo lan\u00e7amento, o conjunto scrub bicolor new ziper foi confeccionado com tecido alfaiataria, onde possui na sua composi\u00e7\u00e3o 95% poliester e 5% elastano. \u00c9 o modelo perfeito para o seu dia a dia, garantindo conforto e estilo ao mesmo tempo. Na parte de cima da blusa possui um bolso de cada lado, e [&#8230;]\n","protected":false},"featured_media":24196,"comment_status":"open","ping_status":"closed","template":"","meta":{"_joinchat":[]},"product_brand":[],"product_cat":[92,86,91],"product_tag":[],"class_list":{"0":"post-24200","1":"product","2":"type-product","3":"status-publish","4":"has-post-thumbnail","6":"product_cat-conjuntos","7":"product_cat-feminino","8":"product_cat-scrubs","9":"pa_cor-pink","10":"pa_tamanho-131","11":"pa_tamanho-132","12":"pa_tamanho-133","13":"pa_tamanho-134","14":"pa_tamanho-135","15":"pa_tamanho-136","16":"pa_tamanho-137","17":"pa_tamanho-138","19":"first","20":"instock","21":"taxable","22":"shipping-taxable","23":"purchasable","24":"product-type-variable"},"aioseo_notices":[],"_links":{"self":[{"href":"https:\/\/draelegancia.com.br\/shop\/wp-json\/wp\/v2\/product\/24200","targetHints":{"allow":["GET"]}}],"collection":[{"href":"https:\/\/draelegancia.com.br\/shop\/wp-json\/wp\/v2\/product"}],"about":[{"href":"https:\/\/draelegancia.com.br\/shop\/wp-json\/wp\/v2\/types\/product"}],"replies":[{"embeddable":true,"href":"https:\/\/draelegancia.com.br\/shop\/wp-json\/wp\/v2\/comments?post=24200"}],"version-history":[{"count":2,"href":"https:\/\/draelegancia.com.br\/shop\/wp-json\/wp\/v2\/product\/24200\/revisions"}],"predecessor-version":[{"id":27556,"href":"https:\/\/draelegancia.com.br\/shop\/wp-json\/wp\/v2\/product\/24200\/revisions\/27556"}],"wp:featuredmedia":[{"embeddable":true,"href":"https:\/\/draelegancia.com.br\/shop\/wp-json\/wp\/v2\/media\/24196"}],"wp:attachment":[{"href":"https:\/\/draelegancia.com.br\/shop\/wp-json\/wp\/v2\/media?parent=24200"}],"wp:term":[{"taxonomy":"product_brand","embeddable":true,"href":"https:\/\/draelegancia.com.br\/shop\/wp-json\/wp\/v2\/product_brand?post=24200"},{"taxonomy":"product_cat","embeddable":true,"href":"https:\/\/draelegancia.com.br\/shop\/wp-json\/wp\/v2\/product_cat?post=24200"},{"taxonomy":"product_tag","embeddable":true,"href":"https:\/\/draelegancia.com.br\/shop\/wp-json\/wp\/v2\/product_tag?post=24200"}],"curies":[{"name":"wp","href":"https:\/\/api.w.org\/{rel}","templated":true}]}}