{"id":23941,"date":"2023-07-07T20:56:52","date_gmt":"2023-07-07T23:56:52","guid":{"rendered":"https:\/\/draelegancia.com.br\/shop\/?post_type=product&#038;p=23941"},"modified":"2026-05-02T12:47:02","modified_gmt":"2026-05-02T15:47:02","slug":"scrub-ultra-span-3-pocket-2","status":"publish","type":"product","link":"https:\/\/draelegancia.com.br\/shop\/produto\/scrub-ultra-span-3-pocket-2\/","title":{"rendered":"Scrub Ultra Span 3 Pocket"},"content":{"rendered":"<p>Scrub Ultra Span 3 Pocket foi confeccionado em tecido que consta na composi\u00e7\u00e3o 95% poliester e 5% elastano , assim trazendo conforto e leveza pro seu dia a dia. Na parte de cima possui um bolso no lado direito e dois bolsos no lado esquerdo, possibilitando assim pendurar objetos como caneta. J\u00e1 na cal\u00e7a possui um bolso de cada lado. \u00c9 um scrub muito pr\u00e1tico, sendo de f\u00e1cil lavagem e tendo uma longa durabilidade.<\/p>\n<p>Na cal\u00e7a possui um bolso de cada lado, e na cintura possui c\u00f3s com bot\u00e3o e z\u00edper na frente. J\u00e1 na parte traseira possui um el\u00e1stico que possibilita regular a cintura.<\/p>\n<p>OBS: O logo \u00e9 retir\u00e1vel!<\/p>\n","protected":false},"excerpt":{"rendered":"<p>Scrub Ultra Span 3 Pocket foi confeccionado em tecido que consta na composi\u00e7\u00e3o 95% poliester e 5% elastano , assim trazendo conforto e leveza pro seu dia a dia. Na parte de cima possui um bolso no lado direito e dois bolsos no lado esquerdo, possibilitando assim pendurar objetos como caneta. J\u00e1 na cal\u00e7a possui [&#8230;]\n","protected":false},"featured_media":23945,"comment_status":"open","ping_status":"closed","template":"","meta":{"_joinchat":[]},"product_brand":[],"product_cat":[92,86,91],"product_tag":[],"class_list":{"0":"post-23941","1":"product","2":"type-product","3":"status-publish","4":"has-post-thumbnail","6":"product_cat-conjuntos","7":"product_cat-feminino","8":"product_cat-scrubs","9":"pa_cor-rosa","10":"pa_tamanho-egxgg","11":"pa_tamanho-g","12":"pa_tamanho-gg","13":"pa_tamanho-m","14":"pa_tamanho-p","15":"pa_tamanho-pp","17":"first","18":"instock","19":"taxable","20":"shipping-taxable","21":"purchasable","22":"product-type-variable"},"aioseo_notices":[],"_links":{"self":[{"href":"https:\/\/draelegancia.com.br\/shop\/wp-json\/wp\/v2\/product\/23941","targetHints":{"allow":["GET"]}}],"collection":[{"href":"https:\/\/draelegancia.com.br\/shop\/wp-json\/wp\/v2\/product"}],"about":[{"href":"https:\/\/draelegancia.com.br\/shop\/wp-json\/wp\/v2\/types\/product"}],"replies":[{"embeddable":true,"href":"https:\/\/draelegancia.com.br\/shop\/wp-json\/wp\/v2\/comments?post=23941"}],"version-history":[{"count":1,"href":"https:\/\/draelegancia.com.br\/shop\/wp-json\/wp\/v2\/product\/23941\/revisions"}],"predecessor-version":[{"id":28655,"href":"https:\/\/draelegancia.com.br\/shop\/wp-json\/wp\/v2\/product\/23941\/revisions\/28655"}],"wp:featuredmedia":[{"embeddable":true,"href":"https:\/\/draelegancia.com.br\/shop\/wp-json\/wp\/v2\/media\/23945"}],"wp:attachment":[{"href":"https:\/\/draelegancia.com.br\/shop\/wp-json\/wp\/v2\/media?parent=23941"}],"wp:term":[{"taxonomy":"product_brand","embeddable":true,"href":"https:\/\/draelegancia.com.br\/shop\/wp-json\/wp\/v2\/product_brand?post=23941"},{"taxonomy":"product_cat","embeddable":true,"href":"https:\/\/draelegancia.com.br\/shop\/wp-json\/wp\/v2\/product_cat?post=23941"},{"taxonomy":"product_tag","embeddable":true,"href":"https:\/\/draelegancia.com.br\/shop\/wp-json\/wp\/v2\/product_tag?post=23941"}],"curies":[{"name":"wp","href":"https:\/\/api.w.org\/{rel}","templated":true}]}}