{"id":23912,"date":"2023-07-07T20:41:02","date_gmt":"2023-07-07T23:41:02","guid":{"rendered":"https:\/\/draelegancia.com.br\/shop\/?post_type=product&#038;p=23912"},"modified":"2025-10-27T09:26:31","modified_gmt":"2025-10-27T12:26:31","slug":"scrub-prime-3-pocket","status":"publish","type":"product","link":"https:\/\/draelegancia.com.br\/shop\/produto\/scrub-prime-3-pocket\/","title":{"rendered":"Scrub Prime 3 Pocket"},"content":{"rendered":"<p>Scrub Prime 3 Pocket, \u00e9 um scurb feminino feito no tecido alfaiataria prime, possuindo em sua composi\u00e7\u00e3o 95% poliester e 5% elastano.<\/p>\n<p>Na parte de cima possui um bolso no lado direito e dois bolsos no lado esquerdo, possibilitando pendurar objetos como caneta.<\/p>\n<p>Na cal\u00e7a possui um bolso de cada lado, e na cintura possui c\u00f3s com bot\u00e3o e z\u00edper na frente. J\u00e1 na parte traseira possui um el\u00e1stico que possibilita regular a cintura.<\/p>\n<p>\u00c9 um modelo bem estiloso e moderno, confort\u00e1vel e com um caimento acinturado no corpo. Sendo um scrub de f\u00e1cil lavagem, de longa durabilidade e n\u00e3o amassa com facilidade.<\/p>\n<p>Composi\u00e7\u00e3o: 95% poliester, 5% elastano.<\/p>\n<p>OBS: O logo \u00e9 retir\u00e1vel!<\/p>\n","protected":false},"excerpt":{"rendered":"<p>Scrub Prime 3 Pocket, \u00e9 um scurb feminino feito no tecido alfaiataria prime, possuindo em sua composi\u00e7\u00e3o 95% poliester e 5% elastano. Na parte de cima possui um bolso no lado direito e dois bolsos no lado esquerdo, possibilitando pendurar objetos como caneta. Na cal\u00e7a possui um bolso de cada lado, e na cintura possui [&#8230;]\n","protected":false},"featured_media":23908,"comment_status":"open","ping_status":"closed","template":"","meta":{"_joinchat":[]},"product_brand":[],"product_cat":[92,86,91],"product_tag":[],"class_list":{"0":"post-23912","1":"product","2":"type-product","3":"status-publish","4":"has-post-thumbnail","6":"product_cat-conjuntos","7":"product_cat-feminino","8":"product_cat-scrubs","9":"pa_cor-preto","10":"pa_tamanho-egxgg","11":"pa_tamanho-g","12":"pa_tamanho-gg","13":"pa_tamanho-m","14":"pa_tamanho-p","15":"pa_tamanho-pp","17":"first","18":"instock","19":"taxable","20":"shipping-taxable","21":"purchasable","22":"product-type-variable"},"aioseo_notices":[],"_links":{"self":[{"href":"https:\/\/draelegancia.com.br\/shop\/wp-json\/wp\/v2\/product\/23912","targetHints":{"allow":["GET"]}}],"collection":[{"href":"https:\/\/draelegancia.com.br\/shop\/wp-json\/wp\/v2\/product"}],"about":[{"href":"https:\/\/draelegancia.com.br\/shop\/wp-json\/wp\/v2\/types\/product"}],"replies":[{"embeddable":true,"href":"https:\/\/draelegancia.com.br\/shop\/wp-json\/wp\/v2\/comments?post=23912"}],"version-history":[{"count":1,"href":"https:\/\/draelegancia.com.br\/shop\/wp-json\/wp\/v2\/product\/23912\/revisions"}],"predecessor-version":[{"id":26960,"href":"https:\/\/draelegancia.com.br\/shop\/wp-json\/wp\/v2\/product\/23912\/revisions\/26960"}],"wp:featuredmedia":[{"embeddable":true,"href":"https:\/\/draelegancia.com.br\/shop\/wp-json\/wp\/v2\/media\/23908"}],"wp:attachment":[{"href":"https:\/\/draelegancia.com.br\/shop\/wp-json\/wp\/v2\/media?parent=23912"}],"wp:term":[{"taxonomy":"product_brand","embeddable":true,"href":"https:\/\/draelegancia.com.br\/shop\/wp-json\/wp\/v2\/product_brand?post=23912"},{"taxonomy":"product_cat","embeddable":true,"href":"https:\/\/draelegancia.com.br\/shop\/wp-json\/wp\/v2\/product_cat?post=23912"},{"taxonomy":"product_tag","embeddable":true,"href":"https:\/\/draelegancia.com.br\/shop\/wp-json\/wp\/v2\/product_tag?post=23912"}],"curies":[{"name":"wp","href":"https:\/\/api.w.org\/{rel}","templated":true}]}}