{"id":23833,"date":"2023-06-06T22:23:57","date_gmt":"2023-06-07T01:23:57","guid":{"rendered":"https:\/\/draelegancia.com.br\/shop\/?post_type=product&#038;p=23833"},"modified":"2026-05-02T12:41:32","modified_gmt":"2026-05-02T15:41:32","slug":"jaleco-ultra-span","status":"publish","type":"product","link":"https:\/\/draelegancia.com.br\/shop\/produto\/jaleco-ultra-span\/","title":{"rendered":"Jaleco Ultra Span"},"content":{"rendered":"<p>Jaleco Ultra Span foi confeccionado em tecido 95% poliester e 5% elastano , assim trazendo conforto e leveza pro seu dia a dia. \u00c9 muito pr\u00e1tico para lavagem e tem uma longa durabilidade. Um jaleco moderno, em gola padre com bot\u00f5es que facilitam muito no dia a dia . O Jaleco Ultra Span possui detalhe no punho com bot\u00e3o que pode ser regulado conforme a necessidade deixando mais ajustado. Esse jaleco \u00e9 perfeito para quem busca estilo e conforto ao mesmo tempo!<\/p>\n<p>OBS: O logo \u00e9 retir\u00e1vel!<\/p>\n<p><strong>OBS: Temos a op\u00e7\u00e3o de colocar punho nesse jaleco, e temos tamb\u00e9m a op\u00e7\u00e3o desse jaleco com manga curta. Caso queira uma das op\u00e7\u00f5es informar em notas do pedido, ou nos informar pelo whatsapp depois de realizar a compra.<\/strong><\/p>\n<p><strong>IMPORTANTE: CASO ESCOLHA UMA DAS OP\u00c7\u00d5ES N\u00c3O ACEITAMOS TROCA E DEVOLU\u00c7\u00c3O!<\/strong><\/p>\n","protected":false},"excerpt":{"rendered":"<p>Jaleco Ultra Span foi confeccionado em tecido 95% poliester e 5% elastano , assim trazendo conforto e leveza pro seu dia a dia. \u00c9 muito pr\u00e1tico para lavagem e tem uma longa durabilidade. Um jaleco moderno, em gola padre com bot\u00f5es que facilitam muito no dia a dia . O Jaleco Ultra Span possui detalhe [&#8230;]\n","protected":false},"featured_media":23826,"comment_status":"open","ping_status":"closed","template":"","meta":{"_joinchat":[]},"product_brand":[],"product_cat":[86,89],"product_tag":[],"class_list":{"0":"post-23833","1":"product","2":"type-product","3":"status-publish","4":"has-post-thumbnail","6":"product_cat-feminino","7":"product_cat-jalecos","8":"pa_cor-rose","9":"pa_tamanho-egxgg","10":"pa_tamanho-g","11":"pa_tamanho-gg","12":"pa_tamanho-m","13":"pa_tamanho-p","14":"pa_tamanho-pp","16":"first","17":"instock","18":"taxable","19":"shipping-taxable","20":"purchasable","21":"product-type-variable"},"aioseo_notices":[],"_links":{"self":[{"href":"https:\/\/draelegancia.com.br\/shop\/wp-json\/wp\/v2\/product\/23833","targetHints":{"allow":["GET"]}}],"collection":[{"href":"https:\/\/draelegancia.com.br\/shop\/wp-json\/wp\/v2\/product"}],"about":[{"href":"https:\/\/draelegancia.com.br\/shop\/wp-json\/wp\/v2\/types\/product"}],"replies":[{"embeddable":true,"href":"https:\/\/draelegancia.com.br\/shop\/wp-json\/wp\/v2\/comments?post=23833"}],"version-history":[{"count":1,"href":"https:\/\/draelegancia.com.br\/shop\/wp-json\/wp\/v2\/product\/23833\/revisions"}],"predecessor-version":[{"id":26921,"href":"https:\/\/draelegancia.com.br\/shop\/wp-json\/wp\/v2\/product\/23833\/revisions\/26921"}],"wp:featuredmedia":[{"embeddable":true,"href":"https:\/\/draelegancia.com.br\/shop\/wp-json\/wp\/v2\/media\/23826"}],"wp:attachment":[{"href":"https:\/\/draelegancia.com.br\/shop\/wp-json\/wp\/v2\/media?parent=23833"}],"wp:term":[{"taxonomy":"product_brand","embeddable":true,"href":"https:\/\/draelegancia.com.br\/shop\/wp-json\/wp\/v2\/product_brand?post=23833"},{"taxonomy":"product_cat","embeddable":true,"href":"https:\/\/draelegancia.com.br\/shop\/wp-json\/wp\/v2\/product_cat?post=23833"},{"taxonomy":"product_tag","embeddable":true,"href":"https:\/\/draelegancia.com.br\/shop\/wp-json\/wp\/v2\/product_tag?post=23833"}],"curies":[{"name":"wp","href":"https:\/\/api.w.org\/{rel}","templated":true}]}}