{"id":23736,"date":"2023-04-17T23:40:27","date_gmt":"2023-04-18T02:40:27","guid":{"rendered":"https:\/\/draelegancia.com.br\/shop\/?post_type=product&#038;p=23736"},"modified":"2026-01-23T17:49:36","modified_gmt":"2026-01-23T20:49:36","slug":"scrub-feminino-barcelona-8","status":"publish","type":"product","link":"https:\/\/draelegancia.com.br\/shop\/produto\/scrub-feminino-barcelona-8\/","title":{"rendered":"Scrub Feminino Barcelona"},"content":{"rendered":"<p>Scrub confeccionado no tecido malha, um tecido que cont\u00e9m muita elasticidade, dando conforto e modelando o corpo.<br \/>\n\u00c9 um scrub de f\u00e1cil lavagem, longa durabilidade e n\u00e3o amassa com facilidade.<\/p>\n<p>Composi\u00e7\u00e3o: 95% poliester, 5% elastano.<\/p>\n<p>OBS: O logo \u00e9 retir\u00e1vel!<\/p>\n","protected":false},"excerpt":{"rendered":"<p>Scrub confeccionado no tecido malha, um tecido que cont\u00e9m muita elasticidade, dando conforto e modelando o corpo. \u00c9 um scrub de f\u00e1cil lavagem, longa durabilidade e n\u00e3o amassa com facilidade. Composi\u00e7\u00e3o: 95% poliester, 5% elastano. OBS: O logo \u00e9 retir\u00e1vel!<\/p>\n","protected":false},"featured_media":23725,"comment_status":"open","ping_status":"closed","template":"","meta":{"_joinchat":[]},"product_brand":[],"product_cat":[92,86,91],"product_tag":[],"class_list":{"0":"post-23736","1":"product","2":"type-product","3":"status-publish","4":"has-post-thumbnail","6":"product_cat-conjuntos","7":"product_cat-feminino","8":"product_cat-scrubs","9":"pa_cor-roxo","10":"pa_tamanho-egxgg","11":"pa_tamanho-g","12":"pa_tamanho-gg","13":"pa_tamanho-m","14":"pa_tamanho-p","15":"pa_tamanho-pp","17":"first","18":"outofstock","19":"taxable","20":"shipping-taxable","21":"product-type-variable"},"aioseo_notices":[],"_links":{"self":[{"href":"https:\/\/draelegancia.com.br\/shop\/wp-json\/wp\/v2\/product\/23736","targetHints":{"allow":["GET"]}}],"collection":[{"href":"https:\/\/draelegancia.com.br\/shop\/wp-json\/wp\/v2\/product"}],"about":[{"href":"https:\/\/draelegancia.com.br\/shop\/wp-json\/wp\/v2\/types\/product"}],"replies":[{"embeddable":true,"href":"https:\/\/draelegancia.com.br\/shop\/wp-json\/wp\/v2\/comments?post=23736"}],"version-history":[{"count":2,"href":"https:\/\/draelegancia.com.br\/shop\/wp-json\/wp\/v2\/product\/23736\/revisions"}],"predecessor-version":[{"id":27244,"href":"https:\/\/draelegancia.com.br\/shop\/wp-json\/wp\/v2\/product\/23736\/revisions\/27244"}],"wp:featuredmedia":[{"embeddable":true,"href":"https:\/\/draelegancia.com.br\/shop\/wp-json\/wp\/v2\/media\/23725"}],"wp:attachment":[{"href":"https:\/\/draelegancia.com.br\/shop\/wp-json\/wp\/v2\/media?parent=23736"}],"wp:term":[{"taxonomy":"product_brand","embeddable":true,"href":"https:\/\/draelegancia.com.br\/shop\/wp-json\/wp\/v2\/product_brand?post=23736"},{"taxonomy":"product_cat","embeddable":true,"href":"https:\/\/draelegancia.com.br\/shop\/wp-json\/wp\/v2\/product_cat?post=23736"},{"taxonomy":"product_tag","embeddable":true,"href":"https:\/\/draelegancia.com.br\/shop\/wp-json\/wp\/v2\/product_tag?post=23736"}],"curies":[{"name":"wp","href":"https:\/\/api.w.org\/{rel}","templated":true}]}}