{"id":23468,"date":"2023-02-16T00:24:22","date_gmt":"2023-02-16T03:24:22","guid":{"rendered":"https:\/\/draelegancia.com.br\/shop\/?post_type=product&#038;p=23468"},"modified":"2025-10-23T19:10:42","modified_gmt":"2025-10-23T22:10:42","slug":"scrub-malha-crepe-span-casual-2","status":"publish","type":"product","link":"https:\/\/draelegancia.com.br\/shop\/produto\/scrub-malha-crepe-span-casual-2\/","title":{"rendered":"Scrub Malha Crepe Span Casual"},"content":{"rendered":"<p>O novo modelo scrub malha crepe span casual possui na sua composi\u00e7\u00e3o 95% poli\u00e9ster e 5% elastano. Confeccionado com um tecido de muito elastano, o que proporciona conforto. Possui tamb\u00e9m fibras resistentes, deixando bem encorpado e n\u00e3o permitindo amassos.<\/p>\n<p>A blusa possui gola padre com bot\u00f5es e com uma pala sobreposta, sendo assim pr\u00e1tico na hora de vestir. Possui bolsos faca nas laterais, te ajudando no seu dia a dia.<\/p>\n<p>J\u00e1 a cal\u00e7a \u00e9 de el\u00e1stico com cord\u00f5es, possibilitando assim regular a cintura. Possui bolso sobreposto com z\u00edper na perna e bolsos faca nas laterais.<\/p>\n<p>Modelo feito para te acompanhar no seu dia a dia com muito estilo e praticidade.<\/p>\n<p>Vista Dra. Eleg\u00e2ncia e se sinta elegante.<\/p>\n<p>OBS: O logo \u00e9 retir\u00e1vel!<\/p>\n","protected":false},"excerpt":{"rendered":"<p>O novo modelo scrub malha crepe span casual possui na sua composi\u00e7\u00e3o 95% poli\u00e9ster e 5% elastano. Confeccionado com um tecido de muito elastano, o que proporciona conforto. Possui tamb\u00e9m fibras resistentes, deixando bem encorpado e n\u00e3o permitindo amassos. A blusa possui gola padre com bot\u00f5es e com uma pala sobreposta, sendo assim pr\u00e1tico na [&#8230;]\n","protected":false},"featured_media":23469,"comment_status":"open","ping_status":"closed","template":"","meta":{"_joinchat":[]},"product_brand":[],"product_cat":[92,86,91],"product_tag":[],"class_list":{"0":"post-23468","1":"product","2":"type-product","3":"status-publish","4":"has-post-thumbnail","6":"product_cat-conjuntos","7":"product_cat-feminino","8":"product_cat-scrubs","9":"pa_cor-lilas","10":"pa_tamanho-g","11":"pa_tamanho-gg","12":"pa_tamanho-m","13":"pa_tamanho-p","14":"pa_tamanho-pp","15":"pa_tamanho-xggeg","17":"first","18":"instock","19":"taxable","20":"shipping-taxable","21":"purchasable","22":"product-type-variable"},"aioseo_notices":[],"_links":{"self":[{"href":"https:\/\/draelegancia.com.br\/shop\/wp-json\/wp\/v2\/product\/23468","targetHints":{"allow":["GET"]}}],"collection":[{"href":"https:\/\/draelegancia.com.br\/shop\/wp-json\/wp\/v2\/product"}],"about":[{"href":"https:\/\/draelegancia.com.br\/shop\/wp-json\/wp\/v2\/types\/product"}],"replies":[{"embeddable":true,"href":"https:\/\/draelegancia.com.br\/shop\/wp-json\/wp\/v2\/comments?post=23468"}],"version-history":[{"count":2,"href":"https:\/\/draelegancia.com.br\/shop\/wp-json\/wp\/v2\/product\/23468\/revisions"}],"predecessor-version":[{"id":27259,"href":"https:\/\/draelegancia.com.br\/shop\/wp-json\/wp\/v2\/product\/23468\/revisions\/27259"}],"wp:featuredmedia":[{"embeddable":true,"href":"https:\/\/draelegancia.com.br\/shop\/wp-json\/wp\/v2\/media\/23469"}],"wp:attachment":[{"href":"https:\/\/draelegancia.com.br\/shop\/wp-json\/wp\/v2\/media?parent=23468"}],"wp:term":[{"taxonomy":"product_brand","embeddable":true,"href":"https:\/\/draelegancia.com.br\/shop\/wp-json\/wp\/v2\/product_brand?post=23468"},{"taxonomy":"product_cat","embeddable":true,"href":"https:\/\/draelegancia.com.br\/shop\/wp-json\/wp\/v2\/product_cat?post=23468"},{"taxonomy":"product_tag","embeddable":true,"href":"https:\/\/draelegancia.com.br\/shop\/wp-json\/wp\/v2\/product_tag?post=23468"}],"curies":[{"name":"wp","href":"https:\/\/api.w.org\/{rel}","templated":true}]}}