{"id":23315,"date":"2022-12-08T16:07:19","date_gmt":"2022-12-08T19:07:19","guid":{"rendered":"https:\/\/draelegancia.com.br\/shop\/?post_type=product&#038;p=23315"},"modified":"2025-10-24T08:36:51","modified_gmt":"2025-10-24T11:36:51","slug":"scrub-malha-crepe-span-2","status":"publish","type":"product","link":"https:\/\/draelegancia.com.br\/shop\/produto\/scrub-malha-crepe-span-2\/","title":{"rendered":"Scrub Malha Crepe Span"},"content":{"rendered":"<p>O novo modelo scrub malha crepe span foi confeccionado na composi\u00e7\u00e3o de 95% poli\u00e9ster e 5% elastano. Feito com um tecido com bastante elastano, dando conforto e n\u00e3o permitindo amassos.<\/p>\n<p>A blusa possui a gola arredondada e tr\u00eas bolsos na frente, sendo um de cada lado e um sobreposto em z\u00edper, facilitando o uso no dia a dia.<\/p>\n<p>A cal\u00e7a de el\u00e1stico com cord\u00e3o possibilita a regulagem e possui bolsos faca e barra reta.<\/p>\n<p>\u00c9 um modelo super moderno, estiloso e confort\u00e1vel. Perfeito para o dia a dia.<\/p>\n<p>OBS: O logo \u00e9 retir\u00e1vel!<\/p>\n","protected":false},"excerpt":{"rendered":"<p>O novo modelo scrub malha crepe span foi confeccionado na composi\u00e7\u00e3o de 95% poli\u00e9ster e 5% elastano. Feito com um tecido com bastante elastano, dando conforto e n\u00e3o permitindo amassos. A blusa possui a gola arredondada e tr\u00eas bolsos na frente, sendo um de cada lado e um sobreposto em z\u00edper, facilitando o uso no [&#8230;]\n","protected":false},"featured_media":23309,"comment_status":"open","ping_status":"closed","template":"","meta":{"_joinchat":[]},"product_brand":[],"product_cat":[92,86,91],"product_tag":[],"class_list":{"0":"post-23315","1":"product","2":"type-product","3":"status-publish","4":"has-post-thumbnail","6":"product_cat-conjuntos","7":"product_cat-feminino","8":"product_cat-scrubs","9":"pa_cor-azul-celeste","10":"pa_tamanho-g","11":"pa_tamanho-gg","12":"pa_tamanho-m","13":"pa_tamanho-p","14":"pa_tamanho-pp","15":"pa_tamanho-xgg","17":"first","18":"instock","19":"taxable","20":"shipping-taxable","21":"purchasable","22":"product-type-variable"},"aioseo_notices":[],"_links":{"self":[{"href":"https:\/\/draelegancia.com.br\/shop\/wp-json\/wp\/v2\/product\/23315","targetHints":{"allow":["GET"]}}],"collection":[{"href":"https:\/\/draelegancia.com.br\/shop\/wp-json\/wp\/v2\/product"}],"about":[{"href":"https:\/\/draelegancia.com.br\/shop\/wp-json\/wp\/v2\/types\/product"}],"replies":[{"embeddable":true,"href":"https:\/\/draelegancia.com.br\/shop\/wp-json\/wp\/v2\/comments?post=23315"}],"version-history":[{"count":2,"href":"https:\/\/draelegancia.com.br\/shop\/wp-json\/wp\/v2\/product\/23315\/revisions"}],"predecessor-version":[{"id":27264,"href":"https:\/\/draelegancia.com.br\/shop\/wp-json\/wp\/v2\/product\/23315\/revisions\/27264"}],"wp:featuredmedia":[{"embeddable":true,"href":"https:\/\/draelegancia.com.br\/shop\/wp-json\/wp\/v2\/media\/23309"}],"wp:attachment":[{"href":"https:\/\/draelegancia.com.br\/shop\/wp-json\/wp\/v2\/media?parent=23315"}],"wp:term":[{"taxonomy":"product_brand","embeddable":true,"href":"https:\/\/draelegancia.com.br\/shop\/wp-json\/wp\/v2\/product_brand?post=23315"},{"taxonomy":"product_cat","embeddable":true,"href":"https:\/\/draelegancia.com.br\/shop\/wp-json\/wp\/v2\/product_cat?post=23315"},{"taxonomy":"product_tag","embeddable":true,"href":"https:\/\/draelegancia.com.br\/shop\/wp-json\/wp\/v2\/product_tag?post=23315"}],"curies":[{"name":"wp","href":"https:\/\/api.w.org\/{rel}","templated":true}]}}