{"id":23244,"date":"2022-10-25T23:57:45","date_gmt":"2022-10-26T02:57:45","guid":{"rendered":"https:\/\/draelegancia.com.br\/shop\/?post_type=product&#038;p=23244"},"modified":"2026-02-13T15:00:57","modified_gmt":"2026-02-13T18:00:57","slug":"scrub-feminino-barbie-4","status":"publish","type":"product","link":"https:\/\/draelegancia.com.br\/shop\/produto\/scrub-feminino-barbie-4\/","title":{"rendered":"Scrub Feminino Miran cor azul petr\u00f3leo"},"content":{"rendered":"<p>Scrub\u00a0 feminino barbie foi produzido com a composi\u00e7\u00e3o de 95% poliester e 5% elastano, sendo perfeito para aqueles que amam leveza e conforto.<\/p>\n<p>Sua blusa \u00e9 um modelo bem b\u00e1sico, com a gola em v. Possui bolsos, e um recorte que deixa a blusa bem acinturada.<\/p>\n<p>J\u00e1 a cal\u00e7a \u00e9 o nosso modelo tradicional, que cont\u00e9m bolsos e tamb\u00e9m el\u00e1stico na cintura com cord\u00e3o para regulagem. Possui um caimento perfeito, com a barra reta.<\/p>\n<p>OBS: O logo \u00e9 retir\u00e1vel!<\/p>\n","protected":false},"excerpt":{"rendered":"<p>Scrub\u00a0 feminino barbie foi produzido com a composi\u00e7\u00e3o de 95% poliester e 5% elastano, sendo perfeito para aqueles que amam leveza e conforto. Sua blusa \u00e9 um modelo bem b\u00e1sico, com a gola em v. Possui bolsos, e um recorte que deixa a blusa bem acinturada. J\u00e1 a cal\u00e7a \u00e9 o nosso modelo tradicional, que [&#8230;]\n","protected":false},"featured_media":23242,"comment_status":"open","ping_status":"closed","template":"","meta":{"_joinchat":[]},"product_brand":[],"product_cat":[92,86,91],"product_tag":[],"class_list":{"0":"post-23244","1":"product","2":"type-product","3":"status-publish","4":"has-post-thumbnail","6":"product_cat-conjuntos","7":"product_cat-feminino","8":"product_cat-scrubs","9":"pa_tamanho-g","10":"pa_tamanho-gg","11":"pa_tamanho-m","12":"pa_tamanho-p","13":"pa_tamanho-pp","14":"pa_tamanho-xgg","16":"first","17":"instock","18":"taxable","19":"shipping-taxable","20":"purchasable","21":"product-type-variable"},"aioseo_notices":[],"_links":{"self":[{"href":"https:\/\/draelegancia.com.br\/shop\/wp-json\/wp\/v2\/product\/23244","targetHints":{"allow":["GET"]}}],"collection":[{"href":"https:\/\/draelegancia.com.br\/shop\/wp-json\/wp\/v2\/product"}],"about":[{"href":"https:\/\/draelegancia.com.br\/shop\/wp-json\/wp\/v2\/types\/product"}],"replies":[{"embeddable":true,"href":"https:\/\/draelegancia.com.br\/shop\/wp-json\/wp\/v2\/comments?post=23244"}],"version-history":[{"count":4,"href":"https:\/\/draelegancia.com.br\/shop\/wp-json\/wp\/v2\/product\/23244\/revisions"}],"predecessor-version":[{"id":28964,"href":"https:\/\/draelegancia.com.br\/shop\/wp-json\/wp\/v2\/product\/23244\/revisions\/28964"}],"wp:featuredmedia":[{"embeddable":true,"href":"https:\/\/draelegancia.com.br\/shop\/wp-json\/wp\/v2\/media\/23242"}],"wp:attachment":[{"href":"https:\/\/draelegancia.com.br\/shop\/wp-json\/wp\/v2\/media?parent=23244"}],"wp:term":[{"taxonomy":"product_brand","embeddable":true,"href":"https:\/\/draelegancia.com.br\/shop\/wp-json\/wp\/v2\/product_brand?post=23244"},{"taxonomy":"product_cat","embeddable":true,"href":"https:\/\/draelegancia.com.br\/shop\/wp-json\/wp\/v2\/product_cat?post=23244"},{"taxonomy":"product_tag","embeddable":true,"href":"https:\/\/draelegancia.com.br\/shop\/wp-json\/wp\/v2\/product_tag?post=23244"}],"curies":[{"name":"wp","href":"https:\/\/api.w.org\/{rel}","templated":true}]}}