{"id":23157,"date":"2022-09-27T00:36:47","date_gmt":"2022-09-27T03:36:47","guid":{"rendered":"https:\/\/draelegancia.com.br\/shop\/?post_type=product&#038;p=23157"},"modified":"2026-03-31T15:41:17","modified_gmt":"2026-03-31T18:41:17","slug":"scrub-prime-style-ziper-4","status":"publish","type":"product","link":"https:\/\/draelegancia.com.br\/shop\/produto\/scrub-prime-style-ziper-4\/","title":{"rendered":"Scrub Prime Style Ziper"},"content":{"rendered":"<p>O nosso modelo novo scrub prime style ziper \u00e9 confeccionado no tecido alfaiataria com a composi\u00e7\u00e3o 95% poli\u00e9ster e 5% elastano, dando um toque no corpo super confort\u00e1vel e macio, com um excelente caimento.<\/p>\n<p>Esse modelo possui um ziper na gola da blusa, que facilita muito ao vestir e pode-se controlar o decote com a abertura do ziper. O modelo consta tamb\u00e9m com bolsos nas laterais.<\/p>\n<p>J\u00e1 a cal\u00e7a possui el\u00e1stico na cintura com cord\u00e3o para controlar conforme a sua cintura. A cal\u00e7a possui bolso faca e barra reta.<\/p>\n<p>OBS: O logo \u00e9 retir\u00e1vel!<\/p>\n","protected":false},"excerpt":{"rendered":"<p>O nosso modelo novo scrub prime style ziper \u00e9 confeccionado no tecido alfaiataria com a composi\u00e7\u00e3o 95% poli\u00e9ster e 5% elastano, dando um toque no corpo super confort\u00e1vel e macio, com um excelente caimento. Esse modelo possui um ziper na gola da blusa, que facilita muito ao vestir e pode-se controlar o decote com a [&#8230;]\n","protected":false},"featured_media":23178,"comment_status":"open","ping_status":"closed","template":"","meta":{"_joinchat":[]},"product_brand":[],"product_cat":[92,86,91],"product_tag":[],"class_list":{"0":"post-23157","1":"product","2":"type-product","3":"status-publish","4":"has-post-thumbnail","6":"product_cat-conjuntos","7":"product_cat-feminino","8":"product_cat-scrubs","9":"pa_cor-bordo","10":"pa_tamanho-eg","11":"pa_tamanho-g","12":"pa_tamanho-gg","13":"pa_tamanho-m","14":"pa_tamanho-p","15":"pa_tamanho-pp","17":"first","18":"instock","19":"taxable","20":"shipping-taxable","21":"purchasable","22":"product-type-variable"},"aioseo_notices":[],"_links":{"self":[{"href":"https:\/\/draelegancia.com.br\/shop\/wp-json\/wp\/v2\/product\/23157","targetHints":{"allow":["GET"]}}],"collection":[{"href":"https:\/\/draelegancia.com.br\/shop\/wp-json\/wp\/v2\/product"}],"about":[{"href":"https:\/\/draelegancia.com.br\/shop\/wp-json\/wp\/v2\/types\/product"}],"replies":[{"embeddable":true,"href":"https:\/\/draelegancia.com.br\/shop\/wp-json\/wp\/v2\/comments?post=23157"}],"version-history":[{"count":1,"href":"https:\/\/draelegancia.com.br\/shop\/wp-json\/wp\/v2\/product\/23157\/revisions"}],"predecessor-version":[{"id":27461,"href":"https:\/\/draelegancia.com.br\/shop\/wp-json\/wp\/v2\/product\/23157\/revisions\/27461"}],"wp:featuredmedia":[{"embeddable":true,"href":"https:\/\/draelegancia.com.br\/shop\/wp-json\/wp\/v2\/media\/23178"}],"wp:attachment":[{"href":"https:\/\/draelegancia.com.br\/shop\/wp-json\/wp\/v2\/media?parent=23157"}],"wp:term":[{"taxonomy":"product_brand","embeddable":true,"href":"https:\/\/draelegancia.com.br\/shop\/wp-json\/wp\/v2\/product_brand?post=23157"},{"taxonomy":"product_cat","embeddable":true,"href":"https:\/\/draelegancia.com.br\/shop\/wp-json\/wp\/v2\/product_cat?post=23157"},{"taxonomy":"product_tag","embeddable":true,"href":"https:\/\/draelegancia.com.br\/shop\/wp-json\/wp\/v2\/product_tag?post=23157"}],"curies":[{"name":"wp","href":"https:\/\/api.w.org\/{rel}","templated":true}]}}