{"id":23079,"date":"2022-08-31T13:29:27","date_gmt":"2022-08-31T16:29:27","guid":{"rendered":"https:\/\/draelegancia.com.br\/shop\/?post_type=product&#038;p=23079"},"modified":"2025-12-11T18:36:34","modified_gmt":"2025-12-11T21:36:34","slug":"so-blusa-barbie-elegante","status":"publish","type":"product","link":"https:\/\/draelegancia.com.br\/shop\/produto\/so-blusa-barbie-elegante\/","title":{"rendered":"S\u00f3 Blusa Barbie Elegante Cor Azul Marinho"},"content":{"rendered":"<p>O nosso novo modelo blusa barbie elegante foi produzido com a composi\u00e7\u00e3o 95% poliester e 5% elastano. Ela \u00e9 bem leve e super confort\u00e1vel, possuindo um toque macio e com acabamento e caimento impec\u00e1vel.<\/p>\n<p>Ela possui uma gola v, sendo um modelo bem cl\u00e1ssico, com bolsos na frente facilitando o manuseio. Aquela blusa que n\u00e3o pode faltar em seu arm\u00e1rio, que traz estilo e conforto ao mesmo tempo.<\/p>\n<p>OBS: O logo \u00e9 retir\u00e1vel!<\/p>\n","protected":false},"excerpt":{"rendered":"<p>O nosso novo modelo blusa barbie elegante foi produzido com a composi\u00e7\u00e3o 95% poliester e 5% elastano. Ela \u00e9 bem leve e super confort\u00e1vel, possuindo um toque macio e com acabamento e caimento impec\u00e1vel. Ela possui uma gola v, sendo um modelo bem cl\u00e1ssico, com bolsos na frente facilitando o manuseio. Aquela blusa que n\u00e3o [&#8230;]\n","protected":false},"featured_media":23067,"comment_status":"open","ping_status":"closed","template":"","meta":{"_joinchat":[]},"product_brand":[],"product_cat":[93,86,91],"product_tag":[],"class_list":{"0":"post-23079","1":"product","2":"type-product","3":"status-publish","4":"has-post-thumbnail","6":"product_cat-blusas","7":"product_cat-feminino","8":"product_cat-scrubs","9":"pa_cor-azul-marinho","10":"pa_tamanho-g","11":"pa_tamanho-gg","12":"pa_tamanho-m","13":"pa_tamanho-p","14":"pa_tamanho-xgg","16":"first","17":"outofstock","18":"taxable","19":"shipping-taxable","20":"product-type-variable"},"aioseo_notices":[],"_links":{"self":[{"href":"https:\/\/draelegancia.com.br\/shop\/wp-json\/wp\/v2\/product\/23079","targetHints":{"allow":["GET"]}}],"collection":[{"href":"https:\/\/draelegancia.com.br\/shop\/wp-json\/wp\/v2\/product"}],"about":[{"href":"https:\/\/draelegancia.com.br\/shop\/wp-json\/wp\/v2\/types\/product"}],"replies":[{"embeddable":true,"href":"https:\/\/draelegancia.com.br\/shop\/wp-json\/wp\/v2\/comments?post=23079"}],"version-history":[{"count":2,"href":"https:\/\/draelegancia.com.br\/shop\/wp-json\/wp\/v2\/product\/23079\/revisions"}],"predecessor-version":[{"id":28257,"href":"https:\/\/draelegancia.com.br\/shop\/wp-json\/wp\/v2\/product\/23079\/revisions\/28257"}],"wp:featuredmedia":[{"embeddable":true,"href":"https:\/\/draelegancia.com.br\/shop\/wp-json\/wp\/v2\/media\/23067"}],"wp:attachment":[{"href":"https:\/\/draelegancia.com.br\/shop\/wp-json\/wp\/v2\/media?parent=23079"}],"wp:term":[{"taxonomy":"product_brand","embeddable":true,"href":"https:\/\/draelegancia.com.br\/shop\/wp-json\/wp\/v2\/product_brand?post=23079"},{"taxonomy":"product_cat","embeddable":true,"href":"https:\/\/draelegancia.com.br\/shop\/wp-json\/wp\/v2\/product_cat?post=23079"},{"taxonomy":"product_tag","embeddable":true,"href":"https:\/\/draelegancia.com.br\/shop\/wp-json\/wp\/v2\/product_tag?post=23079"}],"curies":[{"name":"wp","href":"https:\/\/api.w.org\/{rel}","templated":true}]}}