{"id":23036,"date":"2022-07-22T17:29:37","date_gmt":"2022-07-22T20:29:37","guid":{"rendered":"https:\/\/draelegancia.com.br\/shop\/?post_type=product&#038;p=23036"},"modified":"2025-02-27T10:09:23","modified_gmt":"2025-02-27T13:09:23","slug":"jaleco-ultra-span-elegance","status":"publish","type":"product","link":"https:\/\/draelegancia.com.br\/shop\/produto\/jaleco-ultra-span-elegance\/","title":{"rendered":"Jaleco Ultra Span Elegance"},"content":{"rendered":"<p>Jaleco Ultra Span Elegance foi confeccionado com 95% poliester e 5% elastano. Possui bastante elastano deixando todo o conforto e suavidade. Com uma modelagem acinturada, de gola tradicional com bot\u00f5es forrados, mangas bufante, e com punho largo de el\u00e1stico creponado.<\/p>\n<p>Um modelo bem moderno!<\/p>\n<p>OBS: O logo \u00e9 retir\u00e1vel!<\/p>\n<p><strong>O bot\u00e3o da roupa pode ser diferente do bot\u00e3o da foto, devido a disponibilidade.<\/p>\n<p><strong>OBS: Temos a op\u00e7\u00e3o desse jaleco com manga curta. Caso queira com manga curta informar em notas do pedido, ou nos informar pelo whatsapp depois de realizar a compra.<\/strong><\/p>\n<p><strong>IMPORTANTE: CASO ESCOLHA A OP\u00c7\u00c3O COM MANGA CURTA N\u00c3O ACEITAMOS TROCA E DEVOLU\u00c7\u00c3O!<\/strong><\/p>\n","protected":false},"excerpt":{"rendered":"<p>Jaleco Ultra Span Elegance foi confeccionado com 95% poliester e 5% elastano. Possui bastante elastano deixando todo o conforto e suavidade. Com uma modelagem acinturada, de gola tradicional com bot\u00f5es forrados, mangas bufante, e com punho largo de el\u00e1stico creponado. Um modelo bem moderno! OBS: O logo \u00e9 retir\u00e1vel! O bot\u00e3o da roupa pode ser [&#8230;]\n","protected":false},"featured_media":23035,"comment_status":"open","ping_status":"closed","template":"","meta":{"_joinchat":[]},"product_brand":[],"product_cat":[86,89],"product_tag":[],"class_list":{"0":"post-23036","1":"product","2":"type-product","3":"status-publish","4":"has-post-thumbnail","6":"product_cat-feminino","7":"product_cat-jalecos","8":"pa_cor-bege","9":"pa_tamanho-g","10":"pa_tamanho-gg","11":"pa_tamanho-m","12":"pa_tamanho-p","13":"pa_tamanho-pp","14":"pa_tamanho-xgg","16":"first","17":"outofstock","18":"taxable","19":"shipping-taxable","20":"product-type-variable"},"aioseo_notices":[],"_links":{"self":[{"href":"https:\/\/draelegancia.com.br\/shop\/wp-json\/wp\/v2\/product\/23036","targetHints":{"allow":["GET"]}}],"collection":[{"href":"https:\/\/draelegancia.com.br\/shop\/wp-json\/wp\/v2\/product"}],"about":[{"href":"https:\/\/draelegancia.com.br\/shop\/wp-json\/wp\/v2\/types\/product"}],"replies":[{"embeddable":true,"href":"https:\/\/draelegancia.com.br\/shop\/wp-json\/wp\/v2\/comments?post=23036"}],"version-history":[{"count":0,"href":"https:\/\/draelegancia.com.br\/shop\/wp-json\/wp\/v2\/product\/23036\/revisions"}],"wp:featuredmedia":[{"embeddable":true,"href":"https:\/\/draelegancia.com.br\/shop\/wp-json\/wp\/v2\/media\/23035"}],"wp:attachment":[{"href":"https:\/\/draelegancia.com.br\/shop\/wp-json\/wp\/v2\/media?parent=23036"}],"wp:term":[{"taxonomy":"product_brand","embeddable":true,"href":"https:\/\/draelegancia.com.br\/shop\/wp-json\/wp\/v2\/product_brand?post=23036"},{"taxonomy":"product_cat","embeddable":true,"href":"https:\/\/draelegancia.com.br\/shop\/wp-json\/wp\/v2\/product_cat?post=23036"},{"taxonomy":"product_tag","embeddable":true,"href":"https:\/\/draelegancia.com.br\/shop\/wp-json\/wp\/v2\/product_tag?post=23036"}],"curies":[{"name":"wp","href":"https:\/\/api.w.org\/{rel}","templated":true}]}}