{"id":22895,"date":"2022-06-27T11:37:16","date_gmt":"2022-06-27T14:37:16","guid":{"rendered":"https:\/\/draelegancia.com.br\/shop\/?post_type=product&#038;p=22895"},"modified":"2025-04-14T10:08:13","modified_gmt":"2025-04-14T13:08:13","slug":"scrub-feminino-crep-yves-6","status":"publish","type":"product","link":"https:\/\/draelegancia.com.br\/shop\/produto\/scrub-feminino-crep-yves-6\/","title":{"rendered":"Scrub Feminino Crep Yves"},"content":{"rendered":"<p>Scrub Feminino Crep Yves , confeccionado no Tecido Alfaiataria, com 95% Poli\u00e9ster e 5% Elastano, trazendo todo o conforto , por ser bem leve e bem fresquinho .<br \/>\nA Blusa em gola V tradicional, possui bolsos com recortes acinturados , e a manga franzida dando todo o destaque .<br \/>\nA cal\u00e7a corte reto , com el\u00e1stico na cintura e cord\u00e3o para regulagem , possui bolsos faca .<br \/>\nUm modelo bem estiloso e moderno!<\/p>\n<p>OBS: O logo \u00e9 retir\u00e1vel!<\/p>\n","protected":false},"excerpt":{"rendered":"<p>Scrub Feminino Crep Yves , confeccionado no Tecido Alfaiataria, com 95% Poli\u00e9ster e 5% Elastano, trazendo todo o conforto , por ser bem leve e bem fresquinho . A Blusa em gola V tradicional, possui bolsos com recortes acinturados , e a manga franzida dando todo o destaque . A cal\u00e7a corte reto , com [&#8230;]\n","protected":false},"featured_media":22963,"comment_status":"open","ping_status":"closed","template":"","meta":{"_joinchat":[]},"product_brand":[],"product_cat":[92,86,91],"product_tag":[],"class_list":{"0":"post-22895","1":"product","2":"type-product","3":"status-publish","4":"has-post-thumbnail","6":"product_cat-conjuntos","7":"product_cat-feminino","8":"product_cat-scrubs","9":"pa_cor-verde-oliva","10":"pa_tamanho-g","11":"pa_tamanho-gg","12":"pa_tamanho-m","13":"pa_tamanho-p","14":"pa_tamanho-pp","15":"pa_tamanho-xgg","17":"first","18":"instock","19":"taxable","20":"shipping-taxable","21":"purchasable","22":"product-type-variable"},"aioseo_notices":[],"_links":{"self":[{"href":"https:\/\/draelegancia.com.br\/shop\/wp-json\/wp\/v2\/product\/22895","targetHints":{"allow":["GET"]}}],"collection":[{"href":"https:\/\/draelegancia.com.br\/shop\/wp-json\/wp\/v2\/product"}],"about":[{"href":"https:\/\/draelegancia.com.br\/shop\/wp-json\/wp\/v2\/types\/product"}],"replies":[{"embeddable":true,"href":"https:\/\/draelegancia.com.br\/shop\/wp-json\/wp\/v2\/comments?post=22895"}],"version-history":[{"count":2,"href":"https:\/\/draelegancia.com.br\/shop\/wp-json\/wp\/v2\/product\/22895\/revisions"}],"predecessor-version":[{"id":27234,"href":"https:\/\/draelegancia.com.br\/shop\/wp-json\/wp\/v2\/product\/22895\/revisions\/27234"}],"wp:featuredmedia":[{"embeddable":true,"href":"https:\/\/draelegancia.com.br\/shop\/wp-json\/wp\/v2\/media\/22963"}],"wp:attachment":[{"href":"https:\/\/draelegancia.com.br\/shop\/wp-json\/wp\/v2\/media?parent=22895"}],"wp:term":[{"taxonomy":"product_brand","embeddable":true,"href":"https:\/\/draelegancia.com.br\/shop\/wp-json\/wp\/v2\/product_brand?post=22895"},{"taxonomy":"product_cat","embeddable":true,"href":"https:\/\/draelegancia.com.br\/shop\/wp-json\/wp\/v2\/product_cat?post=22895"},{"taxonomy":"product_tag","embeddable":true,"href":"https:\/\/draelegancia.com.br\/shop\/wp-json\/wp\/v2\/product_tag?post=22895"}],"curies":[{"name":"wp","href":"https:\/\/api.w.org\/{rel}","templated":true}]}}