{"id":22782,"date":"2022-06-14T13:06:06","date_gmt":"2022-06-14T16:06:06","guid":{"rendered":"https:\/\/draelegancia.com.br\/shop\/?post_type=product&#038;p=22782"},"modified":"2026-03-19T12:06:23","modified_gmt":"2026-03-19T15:06:23","slug":"scrub-feminino-crep-charme-4","status":"publish","type":"product","link":"https:\/\/draelegancia.com.br\/shop\/produto\/scrub-feminino-crep-charme-4\/","title":{"rendered":"Scrub Feminino Crep Charme"},"content":{"rendered":"<p>Scrub feminino crep charme, feito no tecido crep. Um modelo bem estiloso e moderno, leve e fresco, dando conforto e eleg\u00e2ncia no seu dia a dia. \u00c9 um scrub de f\u00e1cil lavagem, longa durabilidade e n\u00e3o amassa facilmente.<\/p>\n<p>Composi\u00e7\u00e3o: 95% poliester, 5% elastano.<\/p>\n<p>Obs: o logo \u00e9 retir\u00e1vel!<\/p>\n","protected":false},"excerpt":{"rendered":"<p>Scrub feminino crep charme, feito no tecido crep. Um modelo bem estiloso e moderno, leve e fresco, dando conforto e eleg\u00e2ncia no seu dia a dia. \u00c9 um scrub de f\u00e1cil lavagem, longa durabilidade e n\u00e3o amassa facilmente. Composi\u00e7\u00e3o: 95% poliester, 5% elastano. Obs: o logo \u00e9 retir\u00e1vel!<\/p>\n","protected":false},"featured_media":22986,"comment_status":"open","ping_status":"closed","template":"","meta":{"_joinchat":[]},"product_brand":[],"product_cat":[92,86,91],"product_tag":[],"class_list":{"0":"post-22782","1":"product","2":"type-product","3":"status-publish","4":"has-post-thumbnail","6":"product_cat-conjuntos","7":"product_cat-feminino","8":"product_cat-scrubs","9":"pa_cor-rosa-chiclete","10":"pa_tamanho-g","11":"pa_tamanho-gg","12":"pa_tamanho-m","13":"pa_tamanho-p","14":"pa_tamanho-pp","15":"pa_tamanho-xgg","17":"first","18":"instock","19":"taxable","20":"shipping-taxable","21":"purchasable","22":"product-type-variable"},"aioseo_notices":[],"_links":{"self":[{"href":"https:\/\/draelegancia.com.br\/shop\/wp-json\/wp\/v2\/product\/22782","targetHints":{"allow":["GET"]}}],"collection":[{"href":"https:\/\/draelegancia.com.br\/shop\/wp-json\/wp\/v2\/product"}],"about":[{"href":"https:\/\/draelegancia.com.br\/shop\/wp-json\/wp\/v2\/types\/product"}],"replies":[{"embeddable":true,"href":"https:\/\/draelegancia.com.br\/shop\/wp-json\/wp\/v2\/comments?post=22782"}],"version-history":[{"count":1,"href":"https:\/\/draelegancia.com.br\/shop\/wp-json\/wp\/v2\/product\/22782\/revisions"}],"predecessor-version":[{"id":27267,"href":"https:\/\/draelegancia.com.br\/shop\/wp-json\/wp\/v2\/product\/22782\/revisions\/27267"}],"wp:featuredmedia":[{"embeddable":true,"href":"https:\/\/draelegancia.com.br\/shop\/wp-json\/wp\/v2\/media\/22986"}],"wp:attachment":[{"href":"https:\/\/draelegancia.com.br\/shop\/wp-json\/wp\/v2\/media?parent=22782"}],"wp:term":[{"taxonomy":"product_brand","embeddable":true,"href":"https:\/\/draelegancia.com.br\/shop\/wp-json\/wp\/v2\/product_brand?post=22782"},{"taxonomy":"product_cat","embeddable":true,"href":"https:\/\/draelegancia.com.br\/shop\/wp-json\/wp\/v2\/product_cat?post=22782"},{"taxonomy":"product_tag","embeddable":true,"href":"https:\/\/draelegancia.com.br\/shop\/wp-json\/wp\/v2\/product_tag?post=22782"}],"curies":[{"name":"wp","href":"https:\/\/api.w.org\/{rel}","templated":true}]}}