{"id":22179,"date":"2021-12-14T22:55:15","date_gmt":"2021-12-15T01:55:15","guid":{"rendered":"https:\/\/draelegancia.com.br\/shop\/?post_type=product&#038;p=22179"},"modified":"2026-04-25T11:29:31","modified_gmt":"2026-04-25T14:29:31","slug":"jaleco-masculino-stretch","status":"publish","type":"product","link":"https:\/\/draelegancia.com.br\/shop\/produto\/jaleco-masculino-stretch\/","title":{"rendered":"Jaleco Masculino Stretch"},"content":{"rendered":"<p>Jaleco moderno, confeccionado em tecido 100% poli\u00e9ster, com fechamento em bot\u00f5es frontais e possui bolsos embutidos.<\/p>\n<p>Jaleco de qualidade que foi eito para durar, e ao mesmo tempo sem perder o estilo e o conforto. Sendo f\u00e1cil de lavar e manter.<\/p>\n<p>OBS: O logo \u00e9 retir\u00e1vel!<\/p>\n<p><strong>OBS: Temos a op\u00e7\u00e3o de colocar punho nesse jaleco, e temos tamb\u00e9m a op\u00e7\u00e3o desse jaleco com manga curta. Caso queira uma das op\u00e7\u00f5es informar em notas do pedido, ou nos informar pelo whatsapp depois de realizar a compra.<\/strong><\/p>\n<p><strong>IMPORTANTE: CASO ESCOLHA UMA DAS OP\u00c7\u00d5ES N\u00c3O ACEITAMOS TROCA E DEVOLU\u00c7\u00c3O!<\/strong><\/p>\n","protected":false},"excerpt":{"rendered":"<p>Jaleco moderno, confeccionado em tecido 100% poli\u00e9ster, com fechamento em bot\u00f5es frontais e possui bolsos embutidos. Jaleco de qualidade que foi eito para durar, e ao mesmo tempo sem perder o estilo e o conforto. Sendo f\u00e1cil de lavar e manter. OBS: O logo \u00e9 retir\u00e1vel! OBS: Temos a op\u00e7\u00e3o de colocar punho nesse jaleco, [&#8230;]\n","protected":false},"featured_media":28770,"comment_status":"open","ping_status":"closed","template":"","meta":{"_joinchat":[]},"product_brand":[],"product_cat":[98,95],"product_tag":[],"class_list":{"0":"post-22179","1":"product","2":"type-product","3":"status-publish","4":"has-post-thumbnail","6":"product_cat-jalecos-masculino","7":"product_cat-masculino","8":"pa_cor-branco","9":"pa_tamanho-g","10":"pa_tamanho-gg","11":"pa_tamanho-m","12":"pa_tamanho-p","13":"pa_tamanho-pp","14":"pa_tamanho-xgg","16":"first","17":"instock","18":"taxable","19":"shipping-taxable","20":"purchasable","21":"product-type-variable"},"_links":{"self":[{"href":"https:\/\/draelegancia.com.br\/shop\/wp-json\/wp\/v2\/product\/22179","targetHints":{"allow":["GET"]}}],"collection":[{"href":"https:\/\/draelegancia.com.br\/shop\/wp-json\/wp\/v2\/product"}],"about":[{"href":"https:\/\/draelegancia.com.br\/shop\/wp-json\/wp\/v2\/types\/product"}],"replies":[{"embeddable":true,"href":"https:\/\/draelegancia.com.br\/shop\/wp-json\/wp\/v2\/comments?post=22179"}],"version-history":[{"count":2,"href":"https:\/\/draelegancia.com.br\/shop\/wp-json\/wp\/v2\/product\/22179\/revisions"}],"predecessor-version":[{"id":27366,"href":"https:\/\/draelegancia.com.br\/shop\/wp-json\/wp\/v2\/product\/22179\/revisions\/27366"}],"wp:featuredmedia":[{"embeddable":true,"href":"https:\/\/draelegancia.com.br\/shop\/wp-json\/wp\/v2\/media\/28770"}],"wp:attachment":[{"href":"https:\/\/draelegancia.com.br\/shop\/wp-json\/wp\/v2\/media?parent=22179"}],"wp:term":[{"taxonomy":"product_brand","embeddable":true,"href":"https:\/\/draelegancia.com.br\/shop\/wp-json\/wp\/v2\/product_brand?post=22179"},{"taxonomy":"product_cat","embeddable":true,"href":"https:\/\/draelegancia.com.br\/shop\/wp-json\/wp\/v2\/product_cat?post=22179"},{"taxonomy":"product_tag","embeddable":true,"href":"https:\/\/draelegancia.com.br\/shop\/wp-json\/wp\/v2\/product_tag?post=22179"}],"curies":[{"name":"wp","href":"https:\/\/api.w.org\/{rel}","templated":true}]}}