{"id":22015,"date":"2021-09-29T19:05:27","date_gmt":"2021-09-29T22:05:27","guid":{"rendered":"https:\/\/draelegancia.com.br\/shop\/?post_type=product&#038;p=22015"},"modified":"2025-01-16T18:21:16","modified_gmt":"2025-01-16T21:21:16","slug":"scrub-malha-crep-gola-padre","status":"publish","type":"product","link":"https:\/\/draelegancia.com.br\/shop\/produto\/scrub-malha-crep-gola-padre\/","title":{"rendered":"Scrub Malha Crep Gola Padre"},"content":{"rendered":"<p>Scrub confeccionado no tecido malha crep. Um tecido que cont\u00e9m muita elasticidade, dando conforto e modelando o corpo, perfeito para ser usado no dia a dia.<br \/>\n\u00c9 um scrub de f\u00e1cil lavagem, longa durabilidade e n\u00e3o amassa com facilidade.<\/p>\n<p>Composi\u00e7\u00e3o: 96% poliester, 4% elastano.<\/p>\n<p>Obs: O logo \u00e9 retir\u00e1vel!<\/p>\n<p>&nbsp;<\/p>\n","protected":false},"excerpt":{"rendered":"<p>Scrub confeccionado no tecido malha crep. Um tecido que cont\u00e9m muita elasticidade, dando conforto e modelando o corpo, perfeito para ser usado no dia a dia. \u00c9 um scrub de f\u00e1cil lavagem, longa durabilidade e n\u00e3o amassa com facilidade. Composi\u00e7\u00e3o: 96% poliester, 4% elastano. Obs: O logo \u00e9 retir\u00e1vel! &nbsp;<\/p>\n","protected":false},"featured_media":22022,"comment_status":"open","ping_status":"closed","template":"","meta":{"_joinchat":[]},"product_brand":[],"product_cat":[92,86,91],"product_tag":[],"class_list":{"0":"post-22015","1":"product","2":"type-product","3":"status-publish","4":"has-post-thumbnail","6":"product_cat-conjuntos","7":"product_cat-feminino","8":"product_cat-scrubs","9":"pa_cor-azul-marinho","10":"pa_tamanho-g","11":"pa_tamanho-gg","12":"pa_tamanho-m","13":"pa_tamanho-p","14":"pa_tamanho-pp","15":"pa_tamanho-xgg","17":"first","18":"outofstock","19":"taxable","20":"shipping-taxable","21":"product-type-variable"},"aioseo_notices":[],"_links":{"self":[{"href":"https:\/\/draelegancia.com.br\/shop\/wp-json\/wp\/v2\/product\/22015","targetHints":{"allow":["GET"]}}],"collection":[{"href":"https:\/\/draelegancia.com.br\/shop\/wp-json\/wp\/v2\/product"}],"about":[{"href":"https:\/\/draelegancia.com.br\/shop\/wp-json\/wp\/v2\/types\/product"}],"replies":[{"embeddable":true,"href":"https:\/\/draelegancia.com.br\/shop\/wp-json\/wp\/v2\/comments?post=22015"}],"version-history":[{"count":0,"href":"https:\/\/draelegancia.com.br\/shop\/wp-json\/wp\/v2\/product\/22015\/revisions"}],"wp:featuredmedia":[{"embeddable":true,"href":"https:\/\/draelegancia.com.br\/shop\/wp-json\/wp\/v2\/media\/22022"}],"wp:attachment":[{"href":"https:\/\/draelegancia.com.br\/shop\/wp-json\/wp\/v2\/media?parent=22015"}],"wp:term":[{"taxonomy":"product_brand","embeddable":true,"href":"https:\/\/draelegancia.com.br\/shop\/wp-json\/wp\/v2\/product_brand?post=22015"},{"taxonomy":"product_cat","embeddable":true,"href":"https:\/\/draelegancia.com.br\/shop\/wp-json\/wp\/v2\/product_cat?post=22015"},{"taxonomy":"product_tag","embeddable":true,"href":"https:\/\/draelegancia.com.br\/shop\/wp-json\/wp\/v2\/product_tag?post=22015"}],"curies":[{"name":"wp","href":"https:\/\/api.w.org\/{rel}","templated":true}]}}