{"id":21865,"date":"2021-08-31T21:29:15","date_gmt":"2021-09-01T00:29:15","guid":{"rendered":"https:\/\/draelegancia.com.br\/shop\/?post_type=product&#038;p=21865"},"modified":"2026-03-28T12:43:17","modified_gmt":"2026-03-28T15:43:17","slug":"jaleco-prime-liso","status":"publish","type":"product","link":"https:\/\/draelegancia.com.br\/shop\/produto\/jaleco-prime-liso\/","title":{"rendered":"Jaleco Prime Liso"},"content":{"rendered":"<p>O jaleco prime liso \u00e9 confeccionado em tecido alfaiataria, com composi\u00e7\u00e3o de 95% poli\u00e9ster e 5% elastano, que confere ao produto visual est\u00e9tico de blazer, com mangas retas, e bolso embutido.<\/p>\n<p>Esse jaleco possui\u00a0 um visual mais tradicional, conquistando o cora\u00e7\u00e3o daquelas que amam um estilo cl\u00e1ssico, mas com um toque moderno.<\/p>\n<p>OBS: O logo \u00e9 retir\u00e1vel!<\/p>\n<p><strong>OBS: Temos a op\u00e7\u00e3o de colocar punho nesse jaleco, e temos tamb\u00e9m a op\u00e7\u00e3o desse jaleco com manga curta. Caso queira uma das op\u00e7\u00f5es informar em notas do pedido, ou nos informar pelo whatsapp depois de realizar a compra.<\/strong><\/p>\n<p><strong>IMPORTANTE: CASO ESCOLHA UMA DAS OP\u00c7\u00d5ES N\u00c3O ACEITAMOS TROCA E DEVOLU\u00c7\u00c3O!<\/strong><\/p>\n","protected":false},"excerpt":{"rendered":"<p>O jaleco prime liso \u00e9 confeccionado em tecido alfaiataria, com composi\u00e7\u00e3o de 95% poli\u00e9ster e 5% elastano, que confere ao produto visual est\u00e9tico de blazer, com mangas retas, e bolso embutido. Esse jaleco possui\u00a0 um visual mais tradicional, conquistando o cora\u00e7\u00e3o daquelas que amam um estilo cl\u00e1ssico, mas com um toque moderno. OBS: O logo [&#8230;]\n","protected":false},"featured_media":21886,"comment_status":"open","ping_status":"closed","template":"","meta":{"_joinchat":[]},"product_brand":[],"product_cat":[86,89],"product_tag":[],"class_list":{"0":"post-21865","1":"product","2":"type-product","3":"status-publish","4":"has-post-thumbnail","6":"product_cat-feminino","7":"product_cat-jalecos","8":"pa_cor-branco","9":"pa_tamanho-g","10":"pa_tamanho-gg","11":"pa_tamanho-m","12":"pa_tamanho-p","13":"pa_tamanho-pp","14":"pa_tamanho-xgg","16":"first","17":"instock","18":"featured","19":"taxable","20":"shipping-taxable","21":"purchasable","22":"product-type-variable"},"aioseo_notices":[],"_links":{"self":[{"href":"https:\/\/draelegancia.com.br\/shop\/wp-json\/wp\/v2\/product\/21865","targetHints":{"allow":["GET"]}}],"collection":[{"href":"https:\/\/draelegancia.com.br\/shop\/wp-json\/wp\/v2\/product"}],"about":[{"href":"https:\/\/draelegancia.com.br\/shop\/wp-json\/wp\/v2\/types\/product"}],"replies":[{"embeddable":true,"href":"https:\/\/draelegancia.com.br\/shop\/wp-json\/wp\/v2\/comments?post=21865"}],"version-history":[{"count":2,"href":"https:\/\/draelegancia.com.br\/shop\/wp-json\/wp\/v2\/product\/21865\/revisions"}],"predecessor-version":[{"id":23405,"href":"https:\/\/draelegancia.com.br\/shop\/wp-json\/wp\/v2\/product\/21865\/revisions\/23405"}],"wp:featuredmedia":[{"embeddable":true,"href":"https:\/\/draelegancia.com.br\/shop\/wp-json\/wp\/v2\/media\/21886"}],"wp:attachment":[{"href":"https:\/\/draelegancia.com.br\/shop\/wp-json\/wp\/v2\/media?parent=21865"}],"wp:term":[{"taxonomy":"product_brand","embeddable":true,"href":"https:\/\/draelegancia.com.br\/shop\/wp-json\/wp\/v2\/product_brand?post=21865"},{"taxonomy":"product_cat","embeddable":true,"href":"https:\/\/draelegancia.com.br\/shop\/wp-json\/wp\/v2\/product_cat?post=21865"},{"taxonomy":"product_tag","embeddable":true,"href":"https:\/\/draelegancia.com.br\/shop\/wp-json\/wp\/v2\/product_tag?post=21865"}],"curies":[{"name":"wp","href":"https:\/\/api.w.org\/{rel}","templated":true}]}}