{"id":21618,"date":"2021-06-23T21:22:00","date_gmt":"2021-06-24T00:22:00","guid":{"rendered":"https:\/\/draelegancia.com.br\/shop\/?post_type=product&#038;p=21618"},"modified":"2025-11-05T14:57:06","modified_gmt":"2025-11-05T17:57:06","slug":"scrub-feminino-barcelona-4","status":"publish","type":"product","link":"https:\/\/draelegancia.com.br\/shop\/produto\/scrub-feminino-barcelona-4\/","title":{"rendered":"Scrub Feminino Barcelona"},"content":{"rendered":"<p>Scrub confeccionado no tecido malha, um tecido que cont\u00e9m muita elasticidade, dando conforto e modelando o corpo.<br \/>\n\u00c9 um scrub de f\u00e1cil lavagem, longa durabilidade e n\u00e3o amassa com facilidade.<\/p>\n<p>Composi\u00e7\u00e3o: 95% poliester, 5% elastano.<\/p>\n<p>OBS: O logo \u00e9 retir\u00e1vel!<\/p>\n","protected":false},"excerpt":{"rendered":"<p>Scrub confeccionado no tecido malha, um tecido que cont\u00e9m muita elasticidade, dando conforto e modelando o corpo. \u00c9 um scrub de f\u00e1cil lavagem, longa durabilidade e n\u00e3o amassa com facilidade. Composi\u00e7\u00e3o: 95% poliester, 5% elastano. OBS: O logo \u00e9 retir\u00e1vel!<\/p>\n","protected":false},"featured_media":21761,"comment_status":"open","ping_status":"closed","template":"","meta":{"_joinchat":[]},"product_brand":[],"product_cat":[92,86,91],"product_tag":[],"class_list":{"0":"post-21618","1":"product","2":"type-product","3":"status-publish","4":"has-post-thumbnail","6":"product_cat-conjuntos","7":"product_cat-feminino","8":"product_cat-scrubs","9":"pa_cor-turquesa","10":"pa_tamanho-g","11":"pa_tamanho-gg","12":"pa_tamanho-m","13":"pa_tamanho-p","14":"pa_tamanho-pp","15":"pa_tamanho-xgg","17":"first","18":"instock","19":"taxable","20":"shipping-taxable","21":"purchasable","22":"product-type-variable"},"aioseo_notices":[],"_links":{"self":[{"href":"https:\/\/draelegancia.com.br\/shop\/wp-json\/wp\/v2\/product\/21618","targetHints":{"allow":["GET"]}}],"collection":[{"href":"https:\/\/draelegancia.com.br\/shop\/wp-json\/wp\/v2\/product"}],"about":[{"href":"https:\/\/draelegancia.com.br\/shop\/wp-json\/wp\/v2\/types\/product"}],"replies":[{"embeddable":true,"href":"https:\/\/draelegancia.com.br\/shop\/wp-json\/wp\/v2\/comments?post=21618"}],"version-history":[{"count":2,"href":"https:\/\/draelegancia.com.br\/shop\/wp-json\/wp\/v2\/product\/21618\/revisions"}],"predecessor-version":[{"id":27247,"href":"https:\/\/draelegancia.com.br\/shop\/wp-json\/wp\/v2\/product\/21618\/revisions\/27247"}],"wp:featuredmedia":[{"embeddable":true,"href":"https:\/\/draelegancia.com.br\/shop\/wp-json\/wp\/v2\/media\/21761"}],"wp:attachment":[{"href":"https:\/\/draelegancia.com.br\/shop\/wp-json\/wp\/v2\/media?parent=21618"}],"wp:term":[{"taxonomy":"product_brand","embeddable":true,"href":"https:\/\/draelegancia.com.br\/shop\/wp-json\/wp\/v2\/product_brand?post=21618"},{"taxonomy":"product_cat","embeddable":true,"href":"https:\/\/draelegancia.com.br\/shop\/wp-json\/wp\/v2\/product_cat?post=21618"},{"taxonomy":"product_tag","embeddable":true,"href":"https:\/\/draelegancia.com.br\/shop\/wp-json\/wp\/v2\/product_tag?post=21618"}],"curies":[{"name":"wp","href":"https:\/\/api.w.org\/{rel}","templated":true}]}}