{"id":21489,"date":"2021-05-30T19:26:10","date_gmt":"2021-05-30T22:26:10","guid":{"rendered":"https:\/\/draelegancia.com.br\/shop\/?post_type=product&#038;p=21489"},"modified":"2026-02-06T15:12:13","modified_gmt":"2026-02-06T18:12:13","slug":"scrub-feminino-maximus-2","status":"publish","type":"product","link":"https:\/\/draelegancia.com.br\/shop\/produto\/scrub-feminino-maximus-2\/","title":{"rendered":"Scrub Feminino Barbie"},"content":{"rendered":"<p>Scrub feminino feito no tecido alfaiataria, com 95% poliester e 5% elastano. Um modelo bem estiloso e moderno, confort\u00e1vel e com um caimento acinturado no corpo.\u00a0 \u00c9 um scrub de f\u00e1cil lavagem, longa durabilidade e n\u00e3o amassa com facilidade.<\/p>\n<p>Composi\u00e7\u00e3o: 95% poliester, 5% elastano.<\/p>\n<p>OBS: O logo \u00e9 retir\u00e1vel!<\/p>\n","protected":false},"excerpt":{"rendered":"<p>Scrub feminino feito no tecido alfaiataria, com 95% poliester e 5% elastano. Um modelo bem estiloso e moderno, confort\u00e1vel e com um caimento acinturado no corpo.\u00a0 \u00c9 um scrub de f\u00e1cil lavagem, longa durabilidade e n\u00e3o amassa com facilidade. Composi\u00e7\u00e3o: 95% poliester, 5% elastano. OBS: O logo \u00e9 retir\u00e1vel!<\/p>\n","protected":false},"featured_media":21500,"comment_status":"open","ping_status":"closed","template":"","meta":{"_joinchat":[]},"product_brand":[],"product_cat":[92,86,91],"product_tag":[],"class_list":{"0":"post-21489","1":"product","2":"type-product","3":"status-publish","4":"has-post-thumbnail","6":"product_cat-conjuntos","7":"product_cat-feminino","8":"product_cat-scrubs","9":"pa_cor-azul-ceu","10":"pa_tamanho-g","11":"pa_tamanho-gg","12":"pa_tamanho-m","13":"pa_tamanho-p","14":"pa_tamanho-pp","15":"pa_tamanho-xgg","17":"first","18":"instock","19":"taxable","20":"shipping-taxable","21":"purchasable","22":"product-type-variable"},"aioseo_notices":[],"_links":{"self":[{"href":"https:\/\/draelegancia.com.br\/shop\/wp-json\/wp\/v2\/product\/21489","targetHints":{"allow":["GET"]}}],"collection":[{"href":"https:\/\/draelegancia.com.br\/shop\/wp-json\/wp\/v2\/product"}],"about":[{"href":"https:\/\/draelegancia.com.br\/shop\/wp-json\/wp\/v2\/types\/product"}],"replies":[{"embeddable":true,"href":"https:\/\/draelegancia.com.br\/shop\/wp-json\/wp\/v2\/comments?post=21489"}],"version-history":[{"count":2,"href":"https:\/\/draelegancia.com.br\/shop\/wp-json\/wp\/v2\/product\/21489\/revisions"}],"predecessor-version":[{"id":26936,"href":"https:\/\/draelegancia.com.br\/shop\/wp-json\/wp\/v2\/product\/21489\/revisions\/26936"}],"wp:featuredmedia":[{"embeddable":true,"href":"https:\/\/draelegancia.com.br\/shop\/wp-json\/wp\/v2\/media\/21500"}],"wp:attachment":[{"href":"https:\/\/draelegancia.com.br\/shop\/wp-json\/wp\/v2\/media?parent=21489"}],"wp:term":[{"taxonomy":"product_brand","embeddable":true,"href":"https:\/\/draelegancia.com.br\/shop\/wp-json\/wp\/v2\/product_brand?post=21489"},{"taxonomy":"product_cat","embeddable":true,"href":"https:\/\/draelegancia.com.br\/shop\/wp-json\/wp\/v2\/product_cat?post=21489"},{"taxonomy":"product_tag","embeddable":true,"href":"https:\/\/draelegancia.com.br\/shop\/wp-json\/wp\/v2\/product_tag?post=21489"}],"curies":[{"name":"wp","href":"https:\/\/api.w.org\/{rel}","templated":true}]}}