{"id":21396,"date":"2021-05-17T18:18:39","date_gmt":"2021-05-17T21:18:39","guid":{"rendered":"https:\/\/draelegancia.com.br\/shop\/?post_type=product&#038;p=21396"},"modified":"2026-03-31T18:54:32","modified_gmt":"2026-03-31T21:54:32","slug":"scrub-feminino-crep-yves-2-4","status":"publish","type":"product","link":"https:\/\/draelegancia.com.br\/shop\/produto\/scrub-feminino-crep-yves-2-4\/","title":{"rendered":"Scrub Feminino Crep Yves 2 Cor Preto"},"content":{"rendered":"<p>Scrub feminino crep yves 2, feito no tecido crep. Um modelo bem estiloso e moderno, leve e fresco, dando conforto e eleg\u00e2ncia no seu dia a dia. \u00c9 um scrub de f\u00e1cil lavagem, longa durabilidade e n\u00e3o amassa facilmente.<\/p>\n<p>Composi\u00e7\u00e3o: 95% poliester, 5% elastano.<\/p>\n","protected":false},"excerpt":{"rendered":"<p>Scrub feminino crep yves 2, feito no tecido crep. Um modelo bem estiloso e moderno, leve e fresco, dando conforto e eleg\u00e2ncia no seu dia a dia. \u00c9 um scrub de f\u00e1cil lavagem, longa durabilidade e n\u00e3o amassa facilmente. Composi\u00e7\u00e3o: 95% poliester, 5% elastano.<\/p>\n","protected":false},"featured_media":21397,"comment_status":"closed","ping_status":"closed","template":"","meta":{"_joinchat":[]},"product_brand":[],"product_cat":[92,86,91],"product_tag":[],"class_list":{"0":"post-21396","1":"product","2":"type-product","3":"status-publish","4":"has-post-thumbnail","6":"product_cat-conjuntos","7":"product_cat-feminino","8":"product_cat-scrubs","9":"pa_cor-preto","10":"pa_tamanho-g","11":"pa_tamanho-gg","12":"pa_tamanho-m","13":"pa_tamanho-p","14":"pa_tamanho-xgg","16":"first","17":"instock","18":"taxable","19":"shipping-taxable","20":"purchasable","21":"product-type-variable"},"aioseo_notices":[],"_links":{"self":[{"href":"https:\/\/draelegancia.com.br\/shop\/wp-json\/wp\/v2\/product\/21396","targetHints":{"allow":["GET"]}}],"collection":[{"href":"https:\/\/draelegancia.com.br\/shop\/wp-json\/wp\/v2\/product"}],"about":[{"href":"https:\/\/draelegancia.com.br\/shop\/wp-json\/wp\/v2\/types\/product"}],"replies":[{"embeddable":true,"href":"https:\/\/draelegancia.com.br\/shop\/wp-json\/wp\/v2\/comments?post=21396"}],"version-history":[{"count":3,"href":"https:\/\/draelegancia.com.br\/shop\/wp-json\/wp\/v2\/product\/21396\/revisions"}],"predecessor-version":[{"id":28272,"href":"https:\/\/draelegancia.com.br\/shop\/wp-json\/wp\/v2\/product\/21396\/revisions\/28272"}],"wp:featuredmedia":[{"embeddable":true,"href":"https:\/\/draelegancia.com.br\/shop\/wp-json\/wp\/v2\/media\/21397"}],"wp:attachment":[{"href":"https:\/\/draelegancia.com.br\/shop\/wp-json\/wp\/v2\/media?parent=21396"}],"wp:term":[{"taxonomy":"product_brand","embeddable":true,"href":"https:\/\/draelegancia.com.br\/shop\/wp-json\/wp\/v2\/product_brand?post=21396"},{"taxonomy":"product_cat","embeddable":true,"href":"https:\/\/draelegancia.com.br\/shop\/wp-json\/wp\/v2\/product_cat?post=21396"},{"taxonomy":"product_tag","embeddable":true,"href":"https:\/\/draelegancia.com.br\/shop\/wp-json\/wp\/v2\/product_tag?post=21396"}],"curies":[{"name":"wp","href":"https:\/\/api.w.org\/{rel}","templated":true}]}}