{"id":21391,"date":"2021-05-17T18:17:02","date_gmt":"2021-05-17T21:17:02","guid":{"rendered":"https:\/\/draelegancia.com.br\/shop\/?post_type=product&#038;p=21391"},"modified":"2025-03-21T16:01:49","modified_gmt":"2025-03-21T19:01:49","slug":"scrub-feminino-crep-yves-2-3","status":"publish","type":"product","link":"https:\/\/draelegancia.com.br\/shop\/produto\/scrub-feminino-crep-yves-2-3\/","title":{"rendered":"Scrub Feminino Crep Yves 2"},"content":{"rendered":"<p>Scrub feminino crep yves 2, feito no tecido crep. Um modelo bem estiloso e moderno, leve e fresco, dando conforto e eleg\u00e2ncia no seu dia a dia. \u00c9 um scrub de f\u00e1cil lavagem, longa durabilidade e n\u00e3o amassa facilmente.<\/p>\n<p>Composi\u00e7\u00e3o: 96% poliester, 4% elastano.<\/p>\n","protected":false},"excerpt":{"rendered":"<p>Scrub feminino crep yves 2, feito no tecido crep. Um modelo bem estiloso e moderno, leve e fresco, dando conforto e eleg\u00e2ncia no seu dia a dia. \u00c9 um scrub de f\u00e1cil lavagem, longa durabilidade e n\u00e3o amassa facilmente. Composi\u00e7\u00e3o: 96% poliester, 4% elastano.<\/p>\n","protected":false},"featured_media":21392,"comment_status":"closed","ping_status":"closed","template":"","meta":{"_joinchat":[]},"product_brand":[],"product_cat":[92,86,91],"product_tag":[],"class_list":{"0":"post-21391","1":"product","2":"type-product","3":"status-publish","4":"has-post-thumbnail","6":"product_cat-conjuntos","7":"product_cat-feminino","8":"product_cat-scrubs","9":"pa_cor-azul-petroleo","10":"pa_tamanho-g","11":"pa_tamanho-gg","12":"pa_tamanho-m","13":"pa_tamanho-p","15":"first","16":"outofstock","17":"taxable","18":"shipping-taxable","19":"product-type-variable"},"aioseo_notices":[],"_links":{"self":[{"href":"https:\/\/draelegancia.com.br\/shop\/wp-json\/wp\/v2\/product\/21391","targetHints":{"allow":["GET"]}}],"collection":[{"href":"https:\/\/draelegancia.com.br\/shop\/wp-json\/wp\/v2\/product"}],"about":[{"href":"https:\/\/draelegancia.com.br\/shop\/wp-json\/wp\/v2\/types\/product"}],"replies":[{"embeddable":true,"href":"https:\/\/draelegancia.com.br\/shop\/wp-json\/wp\/v2\/comments?post=21391"}],"version-history":[{"count":1,"href":"https:\/\/draelegancia.com.br\/shop\/wp-json\/wp\/v2\/product\/21391\/revisions"}],"predecessor-version":[{"id":27240,"href":"https:\/\/draelegancia.com.br\/shop\/wp-json\/wp\/v2\/product\/21391\/revisions\/27240"}],"wp:featuredmedia":[{"embeddable":true,"href":"https:\/\/draelegancia.com.br\/shop\/wp-json\/wp\/v2\/media\/21392"}],"wp:attachment":[{"href":"https:\/\/draelegancia.com.br\/shop\/wp-json\/wp\/v2\/media?parent=21391"}],"wp:term":[{"taxonomy":"product_brand","embeddable":true,"href":"https:\/\/draelegancia.com.br\/shop\/wp-json\/wp\/v2\/product_brand?post=21391"},{"taxonomy":"product_cat","embeddable":true,"href":"https:\/\/draelegancia.com.br\/shop\/wp-json\/wp\/v2\/product_cat?post=21391"},{"taxonomy":"product_tag","embeddable":true,"href":"https:\/\/draelegancia.com.br\/shop\/wp-json\/wp\/v2\/product_tag?post=21391"}],"curies":[{"name":"wp","href":"https:\/\/api.w.org\/{rel}","templated":true}]}}