{"id":21172,"date":"2021-03-19T16:33:39","date_gmt":"2021-03-19T19:33:39","guid":{"rendered":"https:\/\/draelegancia.com.br\/shop\/?post_type=product&#038;p=21172"},"modified":"2025-09-25T11:15:43","modified_gmt":"2025-09-25T14:15:43","slug":"scrub-masculino-prime","status":"publish","type":"product","link":"https:\/\/draelegancia.com.br\/shop\/produto\/scrub-masculino-prime\/","title":{"rendered":"Scrub Masculino Prime Cor Azul Marinho"},"content":{"rendered":"<p>Scrub confeccionado no tecido alfaiataria prime, um tecido com um toque bem macio.<br \/>\nEsse scrub \u00e9 f\u00e1cil de lavar e de durabilidade longa, sendo f\u00e1cil manter sempre bonito. Feito no tecido com elastano, \u00e9 um modelo cl\u00e1ssico de modelagem e caimento bem confort\u00e1vel, um look perfeito para o seu dia a dia no trabalho.<\/p>\n<p>Composi\u00e7\u00e3o: 95% poliester, 5% elastano.<\/p>\n<p><strong>OBS: Dos tamanhos PP ao XGG o valor \u00e9 $279,00, e o tamanho EXG o valor \u00e9 $309,00.<\/strong><\/p>\n","protected":false},"excerpt":{"rendered":"<p>Scrub confeccionado no tecido alfaiataria prime, um tecido com um toque bem macio. Esse scrub \u00e9 f\u00e1cil de lavar e de durabilidade longa, sendo f\u00e1cil manter sempre bonito. Feito no tecido com elastano, \u00e9 um modelo cl\u00e1ssico de modelagem e caimento bem confort\u00e1vel, um look perfeito para o seu dia a dia no trabalho. Composi\u00e7\u00e3o: [&#8230;]\n","protected":false},"featured_media":21177,"comment_status":"closed","ping_status":"closed","template":"","meta":{"_joinchat":[]},"product_brand":[],"product_cat":[101,95,100],"product_tag":[],"class_list":{"0":"post-21172","1":"product","2":"type-product","3":"status-publish","4":"has-post-thumbnail","6":"product_cat-conjuntos-scrubs-masculino","7":"product_cat-masculino","8":"product_cat-scrubs-masculino","9":"pa_cor-azul-marinho","10":"pa_tamanho-exg","11":"pa_tamanho-g","12":"pa_tamanho-gg","13":"pa_tamanho-m","14":"pa_tamanho-p","15":"pa_tamanho-pp","16":"pa_tamanho-xggeg","18":"first","19":"instock","20":"taxable","21":"shipping-taxable","22":"purchasable","23":"product-type-variable"},"aioseo_notices":[],"_links":{"self":[{"href":"https:\/\/draelegancia.com.br\/shop\/wp-json\/wp\/v2\/product\/21172","targetHints":{"allow":["GET"]}}],"collection":[{"href":"https:\/\/draelegancia.com.br\/shop\/wp-json\/wp\/v2\/product"}],"about":[{"href":"https:\/\/draelegancia.com.br\/shop\/wp-json\/wp\/v2\/types\/product"}],"replies":[{"embeddable":true,"href":"https:\/\/draelegancia.com.br\/shop\/wp-json\/wp\/v2\/comments?post=21172"}],"version-history":[{"count":3,"href":"https:\/\/draelegancia.com.br\/shop\/wp-json\/wp\/v2\/product\/21172\/revisions"}],"predecessor-version":[{"id":23401,"href":"https:\/\/draelegancia.com.br\/shop\/wp-json\/wp\/v2\/product\/21172\/revisions\/23401"}],"wp:featuredmedia":[{"embeddable":true,"href":"https:\/\/draelegancia.com.br\/shop\/wp-json\/wp\/v2\/media\/21177"}],"wp:attachment":[{"href":"https:\/\/draelegancia.com.br\/shop\/wp-json\/wp\/v2\/media?parent=21172"}],"wp:term":[{"taxonomy":"product_brand","embeddable":true,"href":"https:\/\/draelegancia.com.br\/shop\/wp-json\/wp\/v2\/product_brand?post=21172"},{"taxonomy":"product_cat","embeddable":true,"href":"https:\/\/draelegancia.com.br\/shop\/wp-json\/wp\/v2\/product_cat?post=21172"},{"taxonomy":"product_tag","embeddable":true,"href":"https:\/\/draelegancia.com.br\/shop\/wp-json\/wp\/v2\/product_tag?post=21172"}],"curies":[{"name":"wp","href":"https:\/\/api.w.org\/{rel}","templated":true}]}}