{"id":21105,"date":"2021-03-15T21:15:21","date_gmt":"2021-03-16T00:15:21","guid":{"rendered":"https:\/\/draelegancia.com.br\/shop\/?post_type=product&#038;p=21105"},"modified":"2025-01-16T19:23:35","modified_gmt":"2025-01-16T22:23:35","slug":"scrub-feminino-crep-yves-3","status":"publish","type":"product","link":"https:\/\/draelegancia.com.br\/shop\/produto\/scrub-feminino-crep-yves-3\/","title":{"rendered":"Scrub Feminino Crep Yves"},"content":{"rendered":"<p>Scrub Feminino Crep Yves , confeccionado no Tecido Alfaiataria, com 96% Poli\u00e9ster e 4% Elastano, trazendo todo o conforto , por ser bem leve e bem fresquinho .<br \/>\nA Blusa em gola V tradicional, possui bolsos com recortes acinturados , e a manga franzida dando todo o destaque .<br \/>\nA cal\u00e7a corte reto , com el\u00e1stico na cintura e cord\u00e3o para regulagem , possui bolsos faca .<br \/>\nUm modelo bem estiloso e moderno!<\/p>\n","protected":false},"excerpt":{"rendered":"<p>Scrub Feminino Crep Yves , confeccionado no Tecido Alfaiataria, com 96% Poli\u00e9ster e 4% Elastano, trazendo todo o conforto , por ser bem leve e bem fresquinho . A Blusa em gola V tradicional, possui bolsos com recortes acinturados , e a manga franzida dando todo o destaque . A cal\u00e7a corte reto , com [&#8230;]\n","protected":false},"featured_media":21111,"comment_status":"closed","ping_status":"closed","template":"","meta":{"_joinchat":[]},"product_brand":[],"product_cat":[86,91],"product_tag":[],"class_list":{"0":"post-21105","1":"product","2":"type-product","3":"status-publish","4":"has-post-thumbnail","6":"product_cat-feminino","7":"product_cat-scrubs","8":"pa_cor-azul-petroleo","9":"pa_tamanho-g","10":"pa_tamanho-gg","11":"pa_tamanho-m","12":"pa_tamanho-p","14":"first","15":"outofstock","16":"taxable","17":"shipping-taxable","18":"product-type-variable"},"aioseo_notices":[],"_links":{"self":[{"href":"https:\/\/draelegancia.com.br\/shop\/wp-json\/wp\/v2\/product\/21105","targetHints":{"allow":["GET"]}}],"collection":[{"href":"https:\/\/draelegancia.com.br\/shop\/wp-json\/wp\/v2\/product"}],"about":[{"href":"https:\/\/draelegancia.com.br\/shop\/wp-json\/wp\/v2\/types\/product"}],"replies":[{"embeddable":true,"href":"https:\/\/draelegancia.com.br\/shop\/wp-json\/wp\/v2\/comments?post=21105"}],"version-history":[{"count":1,"href":"https:\/\/draelegancia.com.br\/shop\/wp-json\/wp\/v2\/product\/21105\/revisions"}],"predecessor-version":[{"id":21384,"href":"https:\/\/draelegancia.com.br\/shop\/wp-json\/wp\/v2\/product\/21105\/revisions\/21384"}],"wp:featuredmedia":[{"embeddable":true,"href":"https:\/\/draelegancia.com.br\/shop\/wp-json\/wp\/v2\/media\/21111"}],"wp:attachment":[{"href":"https:\/\/draelegancia.com.br\/shop\/wp-json\/wp\/v2\/media?parent=21105"}],"wp:term":[{"taxonomy":"product_brand","embeddable":true,"href":"https:\/\/draelegancia.com.br\/shop\/wp-json\/wp\/v2\/product_brand?post=21105"},{"taxonomy":"product_cat","embeddable":true,"href":"https:\/\/draelegancia.com.br\/shop\/wp-json\/wp\/v2\/product_cat?post=21105"},{"taxonomy":"product_tag","embeddable":true,"href":"https:\/\/draelegancia.com.br\/shop\/wp-json\/wp\/v2\/product_tag?post=21105"}],"curies":[{"name":"wp","href":"https:\/\/api.w.org\/{rel}","templated":true}]}}