{"id":20181,"date":"2020-10-15T17:38:52","date_gmt":"2020-10-15T20:38:52","guid":{"rendered":"https:\/\/draelegancia.com.br\/shop\/?post_type=product&#038;p=20181"},"modified":"2025-10-29T17:08:08","modified_gmt":"2025-10-29T20:08:08","slug":"jaleco-feminino-barcelona-2","status":"publish","type":"product","link":"https:\/\/draelegancia.com.br\/shop\/produto\/jaleco-feminino-barcelona-2\/","title":{"rendered":"Jaleco Feminino Barcelona"},"content":{"rendered":"<p>Jaleco confeccionado no tecido malha, um tecido que cont\u00e9m muita elasticidade, dando conforto ao corpo.\u00a0 \u00c9 um jaleco de f\u00e1cil lavagem, com um tecido bem resistente, que garante a longa durabilidade.<\/p>\n<p>Composi\u00e7\u00e3o: 95% poliester, 5% elastano.<\/p>\n<p>OBS: O logo \u00e9 retir\u00e1vel!<\/p>\n<p><strong>OBS: Temos a op\u00e7\u00e3o de colocar punho nesse jaleco, e temos tamb\u00e9m a op\u00e7\u00e3o desse jaleco com manga curta. Caso queira uma das op\u00e7\u00f5es informar em notas do pedido, ou nos informar pelo whatsapp depois de realizar a compra.<\/strong><\/p>\n<p><strong>IMPORTANTE: CASO ESCOLHA UMA DAS OP\u00c7\u00d5ES N\u00c3O ACEITAMOS TROCA E DEVOLU\u00c7\u00c3O!<\/strong><\/p>\n","protected":false},"excerpt":{"rendered":"<p>Jaleco feminino barcelona, feito com tecido elastano. \u00c9 um jaleco elegante, com modelagem acinturada, permitindo um caimento perfeito.<\/p>\n","protected":false},"featured_media":20206,"comment_status":"closed","ping_status":"closed","template":"","meta":{"_joinchat":[]},"product_brand":[],"product_cat":[86,89],"product_tag":[],"class_list":{"0":"post-20181","1":"product","2":"type-product","3":"status-publish","4":"has-post-thumbnail","6":"product_cat-feminino","7":"product_cat-jalecos","8":"pa_cor-terra-cota","9":"pa_tamanho-g","10":"pa_tamanho-gg","11":"pa_tamanho-m","12":"pa_tamanho-p","13":"pa_tamanho-pp","14":"pa_tamanho-xgg","16":"first","17":"instock","18":"taxable","19":"shipping-taxable","20":"purchasable","21":"product-type-variable"},"aioseo_notices":[],"_links":{"self":[{"href":"https:\/\/draelegancia.com.br\/shop\/wp-json\/wp\/v2\/product\/20181","targetHints":{"allow":["GET"]}}],"collection":[{"href":"https:\/\/draelegancia.com.br\/shop\/wp-json\/wp\/v2\/product"}],"about":[{"href":"https:\/\/draelegancia.com.br\/shop\/wp-json\/wp\/v2\/types\/product"}],"replies":[{"embeddable":true,"href":"https:\/\/draelegancia.com.br\/shop\/wp-json\/wp\/v2\/comments?post=20181"}],"version-history":[{"count":2,"href":"https:\/\/draelegancia.com.br\/shop\/wp-json\/wp\/v2\/product\/20181\/revisions"}],"predecessor-version":[{"id":26925,"href":"https:\/\/draelegancia.com.br\/shop\/wp-json\/wp\/v2\/product\/20181\/revisions\/26925"}],"wp:featuredmedia":[{"embeddable":true,"href":"https:\/\/draelegancia.com.br\/shop\/wp-json\/wp\/v2\/media\/20206"}],"wp:attachment":[{"href":"https:\/\/draelegancia.com.br\/shop\/wp-json\/wp\/v2\/media?parent=20181"}],"wp:term":[{"taxonomy":"product_brand","embeddable":true,"href":"https:\/\/draelegancia.com.br\/shop\/wp-json\/wp\/v2\/product_brand?post=20181"},{"taxonomy":"product_cat","embeddable":true,"href":"https:\/\/draelegancia.com.br\/shop\/wp-json\/wp\/v2\/product_cat?post=20181"},{"taxonomy":"product_tag","embeddable":true,"href":"https:\/\/draelegancia.com.br\/shop\/wp-json\/wp\/v2\/product_tag?post=20181"}],"curies":[{"name":"wp","href":"https:\/\/api.w.org\/{rel}","templated":true}]}}