{"id":20090,"date":"2020-10-15T15:51:49","date_gmt":"2020-10-15T18:51:49","guid":{"rendered":"https:\/\/draelegancia.com.br\/shop\/?post_type=product&#038;p=20090"},"modified":"2026-01-29T13:51:42","modified_gmt":"2026-01-29T16:51:42","slug":"scrub-masculino-turin-charme","status":"publish","type":"product","link":"https:\/\/draelegancia.com.br\/shop\/produto\/scrub-masculino-turin-charme\/","title":{"rendered":"Scrub Masculino Turin Charme Cor Preto"},"content":{"rendered":"<p>Scrub confeccionado no tecido alfaiataria turin, um tecido com um toque bem macio e bastante elastano.<br \/>\nEsse scrub \u00e9 f\u00e1cil de lavar e de durabilidade longa, sendo f\u00e1cil manter sempre bonito. Feito no tecido com elastano, \u00e9 um modelo cl\u00e1ssico de modelagem e caimento bem confort\u00e1vel, um look perfeito para o seu dia a dia no trabalho.<\/p>\n<p>Composi\u00e7\u00e3o: 95% poliester, 5% elastano.<\/p>\n<p><strong>OBS: Dos tamanhos PP ao XGG o valor \u00e9 $279,00, e o tamanho EXG o valor \u00e9 $309,00.<\/strong><\/p>\n","protected":false},"excerpt":{"rendered":"<p>Scrub masculino turin charme, feito no tecido com elastano, \u00e9 um modelo\u00a0 cl\u00e1ssico, bem estiloso, e tem um caimento perfeito. um scrub bem confort\u00e1vel para o dia a dia no trabalho.<\/p>\n","protected":false},"featured_media":20099,"comment_status":"closed","ping_status":"closed","template":"","meta":{"_joinchat":[]},"product_brand":[],"product_cat":[101,95,100],"product_tag":[],"class_list":{"0":"post-20090","1":"product","2":"type-product","3":"status-publish","4":"has-post-thumbnail","6":"product_cat-conjuntos-scrubs-masculino","7":"product_cat-masculino","8":"product_cat-scrubs-masculino","9":"pa_cor-preto","10":"pa_tamanho-g","11":"pa_tamanho-gg","12":"pa_tamanho-m","13":"pa_tamanho-p","14":"pa_tamanho-pp","15":"pa_tamanho-xgg","17":"first","18":"instock","19":"taxable","20":"shipping-taxable","21":"purchasable","22":"product-type-variable"},"aioseo_notices":[],"_links":{"self":[{"href":"https:\/\/draelegancia.com.br\/shop\/wp-json\/wp\/v2\/product\/20090","targetHints":{"allow":["GET"]}}],"collection":[{"href":"https:\/\/draelegancia.com.br\/shop\/wp-json\/wp\/v2\/product"}],"about":[{"href":"https:\/\/draelegancia.com.br\/shop\/wp-json\/wp\/v2\/types\/product"}],"replies":[{"embeddable":true,"href":"https:\/\/draelegancia.com.br\/shop\/wp-json\/wp\/v2\/comments?post=20090"}],"version-history":[{"count":3,"href":"https:\/\/draelegancia.com.br\/shop\/wp-json\/wp\/v2\/product\/20090\/revisions"}],"predecessor-version":[{"id":26518,"href":"https:\/\/draelegancia.com.br\/shop\/wp-json\/wp\/v2\/product\/20090\/revisions\/26518"}],"wp:featuredmedia":[{"embeddable":true,"href":"https:\/\/draelegancia.com.br\/shop\/wp-json\/wp\/v2\/media\/20099"}],"wp:attachment":[{"href":"https:\/\/draelegancia.com.br\/shop\/wp-json\/wp\/v2\/media?parent=20090"}],"wp:term":[{"taxonomy":"product_brand","embeddable":true,"href":"https:\/\/draelegancia.com.br\/shop\/wp-json\/wp\/v2\/product_brand?post=20090"},{"taxonomy":"product_cat","embeddable":true,"href":"https:\/\/draelegancia.com.br\/shop\/wp-json\/wp\/v2\/product_cat?post=20090"},{"taxonomy":"product_tag","embeddable":true,"href":"https:\/\/draelegancia.com.br\/shop\/wp-json\/wp\/v2\/product_tag?post=20090"}],"curies":[{"name":"wp","href":"https:\/\/api.w.org\/{rel}","templated":true}]}}