{"id":20057,"date":"2020-10-15T14:49:49","date_gmt":"2020-10-15T17:49:49","guid":{"rendered":"https:\/\/draelegancia.com.br\/shop\/?post_type=product&#038;p=20057"},"modified":"2025-03-27T15:12:09","modified_gmt":"2025-03-27T18:12:09","slug":"scrub-masculino-element","status":"publish","type":"product","link":"https:\/\/draelegancia.com.br\/shop\/produto\/scrub-masculino-element\/","title":{"rendered":"Scrub Masculino Element"},"content":{"rendered":"<p>Scrub confeccionado no tecido alfaiataria element, um tecido com um toque bem macio, de f\u00e1cil lavagem e de durabilidade longa. \u00c9 um scrub f\u00e1cil de manter sempre bonito.<\/p>\n<p>Composi\u00e7\u00e3o: 62% poliester, 33% viscose, 5% elastano.<\/p>\n","protected":false},"excerpt":{"rendered":"<p>Scrub masculino element, feito no tecido com elasticidade, \u00e9 um modelo cl\u00e1ssico de modelagem e caimento bem confort\u00e1vel, um look perfeito para o seu dia a dia no trabalho.<\/p>\n","protected":false},"featured_media":20070,"comment_status":"closed","ping_status":"closed","template":"","meta":{"_joinchat":[]},"product_brand":[],"product_cat":[101,95,100],"product_tag":[],"class_list":{"0":"post-20057","1":"product","2":"type-product","3":"status-publish","4":"has-post-thumbnail","6":"product_cat-conjuntos-scrubs-masculino","7":"product_cat-masculino","8":"product_cat-scrubs-masculino","9":"pa_cor-cinza","10":"pa_tamanho-g","11":"pa_tamanho-gg","12":"pa_tamanho-m","13":"pa_tamanho-p","14":"pa_tamanho-pp","15":"pa_tamanho-xgg","17":"first","18":"instock","19":"taxable","20":"shipping-taxable","21":"purchasable","22":"product-type-variable"},"_links":{"self":[{"href":"https:\/\/draelegancia.com.br\/shop\/wp-json\/wp\/v2\/product\/20057","targetHints":{"allow":["GET"]}}],"collection":[{"href":"https:\/\/draelegancia.com.br\/shop\/wp-json\/wp\/v2\/product"}],"about":[{"href":"https:\/\/draelegancia.com.br\/shop\/wp-json\/wp\/v2\/types\/product"}],"replies":[{"embeddable":true,"href":"https:\/\/draelegancia.com.br\/shop\/wp-json\/wp\/v2\/comments?post=20057"}],"version-history":[{"count":3,"href":"https:\/\/draelegancia.com.br\/shop\/wp-json\/wp\/v2\/product\/20057\/revisions"}],"predecessor-version":[{"id":27292,"href":"https:\/\/draelegancia.com.br\/shop\/wp-json\/wp\/v2\/product\/20057\/revisions\/27292"}],"wp:featuredmedia":[{"embeddable":true,"href":"https:\/\/draelegancia.com.br\/shop\/wp-json\/wp\/v2\/media\/20070"}],"wp:attachment":[{"href":"https:\/\/draelegancia.com.br\/shop\/wp-json\/wp\/v2\/media?parent=20057"}],"wp:term":[{"taxonomy":"product_brand","embeddable":true,"href":"https:\/\/draelegancia.com.br\/shop\/wp-json\/wp\/v2\/product_brand?post=20057"},{"taxonomy":"product_cat","embeddable":true,"href":"https:\/\/draelegancia.com.br\/shop\/wp-json\/wp\/v2\/product_cat?post=20057"},{"taxonomy":"product_tag","embeddable":true,"href":"https:\/\/draelegancia.com.br\/shop\/wp-json\/wp\/v2\/product_tag?post=20057"}],"curies":[{"name":"wp","href":"https:\/\/api.w.org\/{rel}","templated":true}]}}