{"id":20028,"date":"2020-10-14T17:31:38","date_gmt":"2020-10-14T20:31:38","guid":{"rendered":"https:\/\/draelegancia.com.br\/shop\/?post_type=product&#038;p=20028"},"modified":"2026-04-27T10:02:38","modified_gmt":"2026-04-27T13:02:38","slug":"scrub-masculino-turin","status":"publish","type":"product","link":"https:\/\/draelegancia.com.br\/shop\/produto\/scrub-masculino-turin\/","title":{"rendered":"Scrub Masculino Prime Cor Preto"},"content":{"rendered":"<p>Scrub confeccionado no tecido alfaiataria turin span, um tecido com um toque bem macio.<br \/>\nEsse scrub \u00e9 f\u00e1cil de lavar e de durabilidade longa, sendo f\u00e1cil manter sempre bonito.<\/p>\n<p>Composi\u00e7\u00e3o: 95% poliester, 5% elastano.<\/p>\n<p><strong>OBS: Dos tamanhos PP ao XGG o valor \u00e9 $279,00, e o tamanho EXG o valor \u00e9 $309,00.<\/strong><\/p>\n","protected":false},"excerpt":{"rendered":"<p>Scrub masculino turin, feito no tecido com elastano, \u00e9 um modelo cl\u00e1ssico de modelagem e caimento bem confort\u00e1vel, um look perfeito para o seu dia a dia no trabalho.<\/p>\n","protected":false},"featured_media":20056,"comment_status":"closed","ping_status":"closed","template":"","meta":{"_joinchat":[]},"product_brand":[],"product_cat":[101,95,100],"product_tag":[],"class_list":{"0":"post-20028","1":"product","2":"type-product","3":"status-publish","4":"has-post-thumbnail","6":"product_cat-conjuntos-scrubs-masculino","7":"product_cat-masculino","8":"product_cat-scrubs-masculino","9":"pa_cor-preto","10":"pa_tamanho-exg","11":"pa_tamanho-g","12":"pa_tamanho-gg","13":"pa_tamanho-m","14":"pa_tamanho-p","15":"pa_tamanho-pp","16":"pa_tamanho-xgg","18":"first","19":"instock","20":"taxable","21":"shipping-taxable","22":"purchasable","23":"product-type-variable"},"aioseo_notices":[],"_links":{"self":[{"href":"https:\/\/draelegancia.com.br\/shop\/wp-json\/wp\/v2\/product\/20028","targetHints":{"allow":["GET"]}}],"collection":[{"href":"https:\/\/draelegancia.com.br\/shop\/wp-json\/wp\/v2\/product"}],"about":[{"href":"https:\/\/draelegancia.com.br\/shop\/wp-json\/wp\/v2\/types\/product"}],"replies":[{"embeddable":true,"href":"https:\/\/draelegancia.com.br\/shop\/wp-json\/wp\/v2\/comments?post=20028"}],"version-history":[{"count":4,"href":"https:\/\/draelegancia.com.br\/shop\/wp-json\/wp\/v2\/product\/20028\/revisions"}],"predecessor-version":[{"id":28279,"href":"https:\/\/draelegancia.com.br\/shop\/wp-json\/wp\/v2\/product\/20028\/revisions\/28279"}],"wp:featuredmedia":[{"embeddable":true,"href":"https:\/\/draelegancia.com.br\/shop\/wp-json\/wp\/v2\/media\/20056"}],"wp:attachment":[{"href":"https:\/\/draelegancia.com.br\/shop\/wp-json\/wp\/v2\/media?parent=20028"}],"wp:term":[{"taxonomy":"product_brand","embeddable":true,"href":"https:\/\/draelegancia.com.br\/shop\/wp-json\/wp\/v2\/product_brand?post=20028"},{"taxonomy":"product_cat","embeddable":true,"href":"https:\/\/draelegancia.com.br\/shop\/wp-json\/wp\/v2\/product_cat?post=20028"},{"taxonomy":"product_tag","embeddable":true,"href":"https:\/\/draelegancia.com.br\/shop\/wp-json\/wp\/v2\/product_tag?post=20028"}],"curies":[{"name":"wp","href":"https:\/\/api.w.org\/{rel}","templated":true}]}}