{"id":19844,"date":"2020-10-10T12:31:50","date_gmt":"2020-10-10T15:31:50","guid":{"rendered":"https:\/\/draelegancia.com.br\/shop\/?post_type=product&#038;p=19844"},"modified":"2025-03-21T12:07:07","modified_gmt":"2025-03-21T15:07:07","slug":"scrub-feminino-turin","status":"publish","type":"product","link":"https:\/\/draelegancia.com.br\/shop\/produto\/scrub-feminino-turin\/","title":{"rendered":"Scrub Feminino Turin"},"content":{"rendered":"<p>Scrub confeccionado no tecido alfaiataria turin span, um tecido bem resistente de longa durabilidade, de f\u00e1cil lavagem e secagem, que garante um toque bem macio e muito conforto. Feito com tecido com elastano. \u00c9 um modelo sofisticado e muito elegante, bem moderno com modelagem acinturado deixando voc\u00ea mais linda.<\/p>\n<p>Composi\u00e7\u00e3o: 92% poliester, 8% elastano.<\/p>\n<p>&nbsp;<\/p>\n","protected":false},"excerpt":{"rendered":"<p>Scrub confeccionado no tecido alfaiataria turin span, um tecido bem resistente de longa durabilidade, de f\u00e1cil lavagem e secagem, que garante um toque bem macio e muito conforto. Feito com tecido com elastano. \u00c9 um modelo sofisticado e muito elegante, bem moderno com modelagem acinturado deixando voc\u00ea mais linda. Composi\u00e7\u00e3o: 92% poliester, 8% elastano. &nbsp;<\/p>\n","protected":false},"featured_media":19845,"comment_status":"closed","ping_status":"closed","template":"","meta":{"_joinchat":[]},"product_brand":[],"product_cat":[92,86,91],"product_tag":[],"class_list":{"0":"post-19844","1":"product","2":"type-product","3":"status-publish","4":"has-post-thumbnail","6":"product_cat-conjuntos","7":"product_cat-feminino","8":"product_cat-scrubs","9":"pa_cor-rose","10":"pa_tamanho-g","11":"pa_tamanho-gg","12":"pa_tamanho-m","13":"pa_tamanho-p","14":"pa_tamanho-pp","15":"pa_tamanho-xgg","17":"first","18":"outofstock","19":"taxable","20":"shipping-taxable","21":"product-type-variable"},"aioseo_notices":[],"_links":{"self":[{"href":"https:\/\/draelegancia.com.br\/shop\/wp-json\/wp\/v2\/product\/19844","targetHints":{"allow":["GET"]}}],"collection":[{"href":"https:\/\/draelegancia.com.br\/shop\/wp-json\/wp\/v2\/product"}],"about":[{"href":"https:\/\/draelegancia.com.br\/shop\/wp-json\/wp\/v2\/types\/product"}],"replies":[{"embeddable":true,"href":"https:\/\/draelegancia.com.br\/shop\/wp-json\/wp\/v2\/comments?post=19844"}],"version-history":[{"count":3,"href":"https:\/\/draelegancia.com.br\/shop\/wp-json\/wp\/v2\/product\/19844\/revisions"}],"predecessor-version":[{"id":26941,"href":"https:\/\/draelegancia.com.br\/shop\/wp-json\/wp\/v2\/product\/19844\/revisions\/26941"}],"wp:featuredmedia":[{"embeddable":true,"href":"https:\/\/draelegancia.com.br\/shop\/wp-json\/wp\/v2\/media\/19845"}],"wp:attachment":[{"href":"https:\/\/draelegancia.com.br\/shop\/wp-json\/wp\/v2\/media?parent=19844"}],"wp:term":[{"taxonomy":"product_brand","embeddable":true,"href":"https:\/\/draelegancia.com.br\/shop\/wp-json\/wp\/v2\/product_brand?post=19844"},{"taxonomy":"product_cat","embeddable":true,"href":"https:\/\/draelegancia.com.br\/shop\/wp-json\/wp\/v2\/product_cat?post=19844"},{"taxonomy":"product_tag","embeddable":true,"href":"https:\/\/draelegancia.com.br\/shop\/wp-json\/wp\/v2\/product_tag?post=19844"}],"curies":[{"name":"wp","href":"https:\/\/api.w.org\/{rel}","templated":true}]}}