{"id":3,"date":"2020-07-27T17:20:45","date_gmt":"2020-07-27T20:20:45","guid":{"rendered":"https:\/\/draelegancia.com.br\/shop\/?page_id=3"},"modified":"2025-03-11T18:24:56","modified_gmt":"2025-03-11T21:24:56","slug":"politica-de-privacidade","status":"publish","type":"page","link":"https:\/\/draelegancia.com.br\/shop\/politica-de-privacidade\/","title":{"rendered":"Pol\u00edtica de privacidade"},"content":{"rendered":"<p><strong>SE\u00c7\u00c3O 1 &#8211; O QUE FAREMOS COM ESTA INFORMA\u00c7\u00c3O?<\/strong><br \/>Quando voc\u00ea realiza alguma transa\u00e7\u00e3o com nossa loja, como parte do processo de compra e venda,<br \/>coletamos as informa\u00e7\u00f5es pessoais que voc\u00ea nos d\u00e1 tais como: nome, e-mail e endere\u00e7o.<br \/>Quando voc\u00ea acessa nosso site, tamb\u00e9m recebemos automaticamente o protocolo de internet do seu<br \/>computador, endere\u00e7o de IP, a fim de obter informa\u00e7\u00f5es que nos ajudam a aprender sobre seu<br \/>navegador e sistema operacional.<br \/>Email Marketing ser\u00e1 realizado apenas caso voc\u00ea permita. Nestes emails voc\u00ea poder\u00e1 receber<br \/>not\u00edcia sobre nossa loja, novos produtos e outras atualiza\u00e7\u00f5es.<\/p><p><strong>SE\u00c7\u00c3O 2 &#8211; CONSENTIMENTO<\/strong><br \/><strong>Como voc\u00eas obt\u00eam meu consentimento?<\/strong><br \/>Quando voc\u00ea fornece informa\u00e7\u00f5es pessoais como nome, telefone e endere\u00e7o, para completar: uma<br \/>transa\u00e7\u00e3o, verificar seu cart\u00e3o de cr\u00e9dito, fazer um pedido, providenciar uma entrega ou retornar<br \/>uma compra. Ap\u00f3s a realiza\u00e7\u00e3o de a\u00e7\u00f5es entendemos que voc\u00ea est\u00e1 de acordo com a coleta de dados<br \/>para serem utilizados pela nossa empresa.<br \/>Se pedimos por suas informa\u00e7\u00f5es pessoais por uma raz\u00e3o secund\u00e1ria, como marketing, vamos lhe<br \/>pedir diretamente por seu consentimento, ou lhe fornecer a oportunidade de dizer n\u00e3o.<br \/>E caso voc\u00ea queira retirar seu consentimento, como proceder?<br \/>Se ap\u00f3s voc\u00ea nos fornecer seus dados, voc\u00ea mudar de ideia, voc\u00ea pode retirar o seu consentimento<br \/>para que possamos entrar em contato, para a cole\u00e7\u00e3o de dados cont\u00ednua, uso ou divulga\u00e7\u00e3o de suas<br \/>informa\u00e7\u00f5es, a qualquer momento, entrando em contato conosco em<br \/>contato@draelegancia.com.br ou nos enviando uma correspond\u00eancia em: Dra. Eleg\u00e2ncia Rua<br \/>Jos\u00e9 Paulino 872, Bom Retiro, S\u00e3o Paulo<\/p><p><strong>SE\u00c7\u00c3O 3 &#8211; DIVULGA\u00c7\u00c3O<\/strong><br \/>Podemos divulgar suas informa\u00e7\u00f5es pessoais caso sejamos obrigados pela lei para faz\u00ea-lo ou se<br \/>voc\u00ea violar nossos Termos de Servi\u00e7o.<\/p><p><strong>SE\u00c7\u00c3O 4 &#8211; SERVI\u00c7OS DE TERCEIROS<\/strong><br \/>No geral, os fornecedores terceirizados usados por n\u00f3s ir\u00e3o apenas coletar, usar e divulgar suas<br \/>informa\u00e7\u00f5es na medida do necess\u00e1rio para permitir que eles realizem os servi\u00e7os que eles nos<br \/>fornecem.<br \/>Entretanto, certos fornecedores de servi\u00e7os terceirizados, tais como gateways de pagamento e outros<br \/>processadores de transa\u00e7\u00e3o de pagamento, t\u00eam suas pr\u00f3prias pol\u00edticas de privacidade com respeito \u00e0<br \/>informa\u00e7\u00e3o que somos obrigados a fornecer para eles de suas transa\u00e7\u00f5es relacionadas com compras.<br \/>Para esses fornecedores, recomendamos que voc\u00ea leia suas pol\u00edticas de privacidade para que voc\u00ea<br \/>possa entender a maneira na qual suas informa\u00e7\u00f5es pessoais ser\u00e3o usadas por esses fornecedores.<br \/>Em particular, lembre-se que certos fornecedores podem ser localizados em ou possuir instala\u00e7\u00f5es<br \/>que s\u00e3o localizadas em jurisdi\u00e7\u00f5es diferentes que voc\u00ea ou n\u00f3s. Assim, se voc\u00ea quer continuar com<br \/>uma transa\u00e7\u00e3o que envolve os servi\u00e7os de um fornecedor de servi\u00e7o terceirizado, ent\u00e3o suas<br \/>informa\u00e7\u00f5es podem tornar-se sujeitas \u00e0s leis da(s) jurisdi\u00e7\u00e3o(\u00f5es) nas quais o fornecedor de servi\u00e7o<br \/>ou suas instala\u00e7\u00f5es est\u00e3o localizados.<br \/>Como um exemplo, se voc\u00ea est\u00e1 localizado no Canad\u00e1 e sua transa\u00e7\u00e3o \u00e9 processada por um gateway<br \/>de pagamento localizado nos Estados Unidos, ent\u00e3o suas informa\u00e7\u00f5es pessoais usadas para<br \/>completar aquela transa\u00e7\u00e3o podem estar sujeitas a divulga\u00e7\u00e3o sob a legisla\u00e7\u00e3o dos Estados Unidos,<br \/>incluindo o Ato Patriota.<br \/>Uma vez que voc\u00ea deixe o site da nossa loja ou seja redirecionado para um aplicativo ou site de<br \/>terceiros, voc\u00ea n\u00e3o ser\u00e1 mais regido por essa Pol\u00edtica de Privacidade ou pelos Termos de Servi\u00e7o do<br \/>nosso site.<br \/>Links<br \/>Quando voc\u00ea clica em links na nossa loja, eles podem lhe direcionar para fora do nosso site. N\u00e3o<br \/>somos respons\u00e1veis pelas pr\u00e1ticas de privacidade de outros sites e lhe incentivamos a ler as<br \/>declara\u00e7\u00f5es de privacidade deles.<\/p><p><strong>SE\u00c7\u00c3O 5 &#8211; SEGURAN\u00c7A<\/strong><br \/>Para proteger suas informa\u00e7\u00f5es pessoais, tomamos precau\u00e7\u00f5es razo\u00e1veis e seguimos as melhores<br \/>pr\u00e1ticas da ind\u00fastria para nos certificar que elas n\u00e3o ser\u00e3o perdidas inadequadamente, usurpadas,<br \/>acessadas, divulgadas, alteradas ou destru\u00eddas.<br \/>Se voc\u00ea nos fornecer as suas informa\u00e7\u00f5es de cart\u00e3o de cr\u00e9dito, essa informa\u00e7\u00e3o \u00e9 criptografada<br \/>usando tecnologia &#8220;secure socket layer&#8221; (SSL) e armazenada com uma criptografia AES-256.<br \/>Embora nenhum m\u00e9todo de transmiss\u00e3o pela Internet ou armazenamento eletr\u00f4nico \u00e9 100% seguro,<br \/>n\u00f3s seguimos todos os requisitos da PCI-DSS e implementamos padr\u00f5es adicionais geralmente<br \/>aceitos pela ind\u00fastria.<\/p><p><strong>SE\u00c7\u00c3O 6 &#8211; ALTERA\u00c7\u00d5ES PARA ESSA POL\u00cdTICA DE PRIVACIDADE<\/strong><br \/>Reservamos o direito de modificar essa pol\u00edtica de privacidade a qualquer momento, ent\u00e3o por<br \/>favor, revise-a com frequ\u00eancia. Altera\u00e7\u00f5es e esclarecimentos v\u00e3o surtir efeito imediatamente ap\u00f3s<br \/>sua publica\u00e7\u00e3o no site. Se fizermos altera\u00e7\u00f5es de materiais para essa pol\u00edtica, iremos notific\u00e1-lo aqui<br \/>que eles foram atualizados, para que voc\u00ea tenha ci\u00eancia sobre quais informa\u00e7\u00f5es coletamos, como<br \/>as usamos, e sob que circunst\u00e2ncias, se alguma, usamos e\/ou divulgamos elas.<br \/>Se nossa loja for adquirida ou fundida com outra empresa, suas informa\u00e7\u00f5es podem ser transf<\/p><p>\u00a0<\/p>","protected":false},"excerpt":{"rendered":"<p>SE\u00c7\u00c3O 1 &#8211; O QUE FAREMOS COM ESTA INFORMA\u00c7\u00c3O?Quando voc\u00ea realiza alguma transa\u00e7\u00e3o com nossa loja, como parte do processo de compra e venda,coletamos as informa\u00e7\u00f5es pessoais que voc\u00ea nos d\u00e1 tais como: nome, e-mail e endere\u00e7o.Quando voc\u00ea acessa nosso site, tamb\u00e9m recebemos automaticamente o protocolo de internet do seucomputador, endere\u00e7o de IP, a fim [&#8230;]\n","protected":false},"author":1,"featured_media":0,"parent":0,"menu_order":0,"comment_status":"closed","ping_status":"closed","template":"","meta":{"_joinchat":[],"footnotes":""},"class_list":["post-3","page","type-page","status-publish","hentry"],"aioseo_notices":[],"_links":{"self":[{"href":"https:\/\/draelegancia.com.br\/shop\/wp-json\/wp\/v2\/pages\/3","targetHints":{"allow":["GET"]}}],"collection":[{"href":"https:\/\/draelegancia.com.br\/shop\/wp-json\/wp\/v2\/pages"}],"about":[{"href":"https:\/\/draelegancia.com.br\/shop\/wp-json\/wp\/v2\/types\/page"}],"author":[{"embeddable":true,"href":"https:\/\/draelegancia.com.br\/shop\/wp-json\/wp\/v2\/users\/1"}],"replies":[{"embeddable":true,"href":"https:\/\/draelegancia.com.br\/shop\/wp-json\/wp\/v2\/comments?post=3"}],"version-history":[{"count":6,"href":"https:\/\/draelegancia.com.br\/shop\/wp-json\/wp\/v2\/pages\/3\/revisions"}],"predecessor-version":[{"id":26645,"href":"https:\/\/draelegancia.com.br\/shop\/wp-json\/wp\/v2\/pages\/3\/revisions\/26645"}],"wp:attachment":[{"href":"https:\/\/draelegancia.com.br\/shop\/wp-json\/wp\/v2\/media?parent=3"}],"curies":[{"name":"wp","href":"https:\/\/api.w.org\/{rel}","templated":true}]}}